{"id":8891,"date":"2025-07-07T22:21:27","date_gmt":"2025-07-07T22:21:27","guid":{"rendered":"https:\/\/aurencosmetica.com\/?post_type=product&#038;p=8891"},"modified":"2026-03-14T12:20:15","modified_gmt":"2026-03-14T12:20:15","slug":"kit-ritual-aroma-para-textiles-oportunidad","status":"publish","type":"product","link":"https:\/\/aurencosmetica.com\/en\/product\/kit-ritual-aroma-para-textiles-oportunidad\/","title":{"rendered":"KIT RITUAL AROMA PARA TEXTILES \u00a1OPORTUNIDAD!"},"content":{"rendered":"<h3 data-start=\"1494\" data-end=\"1569\">\ud83c\udf19 <strong data-start=\"1501\" data-end=\"1569\">Ritual de Uso: Transforma la rutina en un momento de autocuidado<\/strong><\/h3>\n<ol data-start=\"1571\" data-end=\"2008\">\n<li data-start=\"1571\" data-end=\"1710\">\n<p data-start=\"1574\" data-end=\"1710\"><strong data-start=\"1574\" data-end=\"1599\">Lava tu ropa favorita<\/strong> con el <strong data-start=\"1607\" data-end=\"1634\">Detergente Floral GA1<\/strong>, respirando su delicado aroma mientras eliminas impurezas y cargas del d\u00eda.<\/p>\n<\/li>\n<li data-start=\"1711\" data-end=\"1811\">\n<p data-start=\"1714\" data-end=\"1811\"><strong data-start=\"1714\" data-end=\"1745\">Agrega el Suavizante Floral<\/strong> en el enjuague para envolver tus prendas en una caricia bot\u00e1nica.<\/p>\n<\/li>\n<li data-start=\"1812\" data-end=\"1922\">\n<p data-start=\"1815\" data-end=\"1922\">Una vez seca la ropa, <strong data-start=\"1837\" data-end=\"1866\">roc\u00eda el Agua de lino bruma Aqualiptus<\/strong> sobre s\u00e1banas, cortinas, cobijas o camisetas favoritas.<\/p>\n<\/li>\n<li data-start=\"1923\" data-end=\"2008\">\n<p data-start=\"1926\" data-end=\"2008\">Respira profundo, conecta con el aroma, y permite que tu entorno tambi\u00e9n te cuide.<\/p>\n<\/li>\n<\/ol>\n<p><img data-recalc-dims=\"1\" decoding=\"async\" class=\"aligncenter\" src=\"https:\/\/i0.wp.com\/aurencosmetica.com\/wp-content\/uploads\/2024\/12\/20250707_1711_Logo-de-Detergente_remix_01jzkf21xtey5rry9qaqbw8vnk.jpg?resize=198%2C198&#038;ssl=1\" width=\"198\" height=\"198\" \/><\/p>\n<h2 style=\"text-align: center;\"><span style=\"color: #ff0000;\">Activa el poder de los aromas naturales con nuestro Ritual Textil\u00a0 y convierte lo cotidiano en un acto de bienestar.<\/span><\/h2>\n<h1 style=\"text-align: center;\"><span style=\"color: #ff6600;\">ANTES $ <del>52.700<\/del>\u00a0 \u00a0AHORA $ 44.795<\/span><\/h1>","protected":false},"excerpt":{"rendered":"<h3 data-start=\"367\" data-end=\"445\"><strong data-start=\"374\" data-end=\"445\">Aromas Naturales para un Hogar que Abraza\u00a0 <\/strong><span style=\"color: #008000;\">vigente hasta el 7 de agosto<\/span><\/h3>\n<h4 style=\"text-align: center;\"><span style=\"color: #ff0000;\">Activa el poder de los aromas naturales con nuestro <\/span><\/h4>\n<h4 style=\"text-align: center;\"><span style=\"color: #ff0000;\">Ritual Textil\u00a0 y convierte lo cotidiano en un acto de bienestar.<\/span><\/h4>\n<h4 style=\"text-align: center;\"><span style=\"color: #ff6600;\">ANTES $ <del>52.700<\/del>\u00a0 \u00a0AHORA $ 44.795<\/span><\/h4>\n<p style=\"text-align: center;\" data-start=\"446\" data-end=\"554\"><strong data-start=\"446\" data-end=\"554\">Una experiencia sensorial para renovar tus prendas y espacios con suavidad, frescura y energ\u00eda positiva.<\/strong><\/p>\n<h4 data-start=\"556\" data-end=\"578\">\ud83e\uddfa \u00bfQu\u00e9 contiene?<\/h4>\n<p data-start=\"580\" data-end=\"873\"><strong data-start=\"580\" data-end=\"624\">\ud83d\udca7 Agua de Lino Bruma Aqualiptus (250 ml)<\/strong><br data-start=\"624\" data-end=\"627\" \/>Una mezcla refrescante de eucalipto, menta y albahaca que purifica el aire, eleva el \u00e1nimo y brinda claridad mental. Perfecta para rociar en s\u00e1banas, cojines, ropa limpia o antes de dormir.<br data-start=\"816\" data-end=\"819\" \/><strong data-start=\"819\" data-end=\"873\">Efecto: Despeja la energ\u00eda, refresca y revitaliza.<\/strong><\/p>\n<p data-start=\"875\" data-end=\"1184\"><strong data-start=\"875\" data-end=\"916\">\ud83e\udee7 Detergente Textil Floral (1 litro)<\/strong><br data-start=\"916\" data-end=\"919\" \/>Con notas envolventes de lavanda y ylang-ylang, este detergente bot\u00e1nico limpia profundamente sin agredir las fibras. Ideal para ropa delicada, lencer\u00eda o textiles de uso frecuente.<br data-start=\"1100\" data-end=\"1103\" \/><strong data-start=\"1103\" data-end=\"1184\">Efecto: Limpieza suave, aroma relajante y conexi\u00f3n emocional con tus prendas.<\/strong><\/p>\n<p data-start=\"1186\" data-end=\"1487\"><strong data-start=\"1186\" data-end=\"1227\">\ud83c\udf3f Suavizante Textil Floral (1 litro)<\/strong><br data-start=\"1227\" data-end=\"1230\" \/>Un abrazo perfumado para tu ropa. Deja tus prendas suaves, protegidas y con un delicado aroma floral natural que perdura. Perfecto para prendas que quieres cuidar con amor.<br data-start=\"1402\" data-end=\"1405\" \/><strong data-start=\"1405\" data-end=\"1487\">Efecto: Suavidad aterciopelada, aroma natural persistente, cuidado consciente.<\/strong><\/p>","protected":false},"featured_media":8892,"comment_status":"open","ping_status":"closed","template":"","meta":{"content-type":"","_joinchat":[],"jetpack_publicize_message":"","jetpack_publicize_feature_enabled":true,"jetpack_social_post_already_shared":true,"jetpack_social_options":{"image_generator_settings":{"template":"highway","default_image_id":0,"enabled":false},"version":2}},"product_brand":[],"product_cat":[152,151,161],"product_tag":[260,258,426,373,425],"class_list":{"0":"post-8891","1":"product","2":"type-product","3":"status-publish","4":"has-post-thumbnail","6":"product_cat-aguas-de-lino-brumas","7":"product_cat-ambientacion","8":"product_cat-limpieza","9":"product_tag-aceites-esenciales","10":"product_tag-aromaterapia","11":"product_tag-hogar","12":"product_tag-limonaria","13":"product_tag-limpieza","15":"first","16":"outofstock","17":"shipping-taxable","18":"purchasable","19":"product-type-simple"},"yoast_head":"<!-- This site is optimized with the Yoast SEO plugin v25.7 - https:\/\/yoast.com\/wordpress\/plugins\/seo\/ -->\n<title>KIT RITUAL AROMA PARA TEXTILES \u00a1OPORTUNIDAD! - \u00c1uren Cosm\u00e9tica<\/title>\n<meta name=\"description\" content=\"Renueva tus prendas y espacios con el Ritual Aroma Textil : detergente, suavizante y bruma con aceites esenciales naturales. Aroma, suavidad y bienestar.\" \/>\n<meta name=\"robots\" content=\"index, follow, max-snippet:-1, max-image-preview:large, max-video-preview:-1\" \/>\n<link rel=\"canonical\" href=\"https:\/\/aurencosmetica.com\/en\/product\/kit-ritual-aroma-para-textiles-oportunidad\/\" \/>\n<meta property=\"og:locale\" content=\"en_US\" \/>\n<meta property=\"og:type\" content=\"article\" \/>\n<meta property=\"og:title\" content=\"KIT RITUAL AROMA PARA TEXTILES \u00a1OPORTUNIDAD! - \u00c1uren Cosm\u00e9tica\" \/>\n<meta property=\"og:description\" content=\"Renueva tus prendas y espacios con el Ritual Aroma Textil : detergente, suavizante y bruma con aceites esenciales naturales. Aroma, suavidad y bienestar.\" \/>\n<meta property=\"og:url\" content=\"https:\/\/aurencosmetica.com\/en\/product\/kit-ritual-aroma-para-textiles-oportunidad\/\" \/>\n<meta property=\"og:site_name\" content=\"\u00c1uren Cosm\u00e9tica\" \/>\n<meta property=\"article:modified_time\" content=\"2026-03-14T12:20:15+00:00\" \/>\n<meta property=\"og:image\" content=\"https:\/\/aurencosmetica.com\/wp-content\/uploads\/2025\/07\/20250707_1556_Detergente-Textil-Floral_remix_01jzkaq9jwek7vj026kq5bavma.jpg\" \/>\n\t<meta property=\"og:image:width\" content=\"1024\" \/>\n\t<meta property=\"og:image:height\" content=\"1024\" \/>\n\t<meta property=\"og:image:type\" content=\"image\/jpeg\" \/>\n<meta name=\"twitter:card\" content=\"summary_large_image\" \/>\n<meta name=\"twitter:label1\" content=\"Est. reading time\" \/>\n\t<meta name=\"twitter:data1\" content=\"1 minute\" \/>\n<script type=\"application\/ld+json\" class=\"yoast-schema-graph\">{\"@context\":\"https:\/\/schema.org\",\"@graph\":[{\"@type\":\"WebPage\",\"@id\":\"https:\/\/aurencosmetica.com\/product\/kit-ritual-aroma-para-textiles-oportunidad\/\",\"url\":\"https:\/\/aurencosmetica.com\/product\/kit-ritual-aroma-para-textiles-oportunidad\/\",\"name\":\"KIT RITUAL AROMA PARA TEXTILES \u00a1OPORTUNIDAD! - \u00c1uren Cosm\u00e9tica\",\"isPartOf\":{\"@id\":\"https:\/\/aurencosmetica.com\/#website\"},\"primaryImageOfPage\":{\"@id\":\"https:\/\/aurencosmetica.com\/product\/kit-ritual-aroma-para-textiles-oportunidad\/#primaryimage\"},\"image\":{\"@id\":\"https:\/\/aurencosmetica.com\/product\/kit-ritual-aroma-para-textiles-oportunidad\/#primaryimage\"},\"thumbnailUrl\":\"https:\/\/i0.wp.com\/aurencosmetica.com\/wp-content\/uploads\/2025\/07\/20250707_1556_Detergente-Textil-Floral_remix_01jzkaq9jwek7vj026kq5bavma.jpg?fit=1024%2C1024&ssl=1\",\"datePublished\":\"2025-07-07T22:21:27+00:00\",\"dateModified\":\"2026-03-14T12:20:15+00:00\",\"description\":\"Renueva tus prendas y espacios con el Ritual Aroma Textil : detergente, suavizante y bruma con aceites esenciales naturales. Aroma, suavidad y bienestar.\",\"breadcrumb\":{\"@id\":\"https:\/\/aurencosmetica.com\/product\/kit-ritual-aroma-para-textiles-oportunidad\/#breadcrumb\"},\"inLanguage\":\"en-US\",\"potentialAction\":[{\"@type\":\"ReadAction\",\"target\":[\"https:\/\/aurencosmetica.com\/product\/kit-ritual-aroma-para-textiles-oportunidad\/\"]}]},{\"@type\":\"ImageObject\",\"inLanguage\":\"en-US\",\"@id\":\"https:\/\/aurencosmetica.com\/product\/kit-ritual-aroma-para-textiles-oportunidad\/#primaryimage\",\"url\":\"https:\/\/i0.wp.com\/aurencosmetica.com\/wp-content\/uploads\/2025\/07\/20250707_1556_Detergente-Textil-Floral_remix_01jzkaq9jwek7vj026kq5bavma.jpg?fit=1024%2C1024&ssl=1\",\"contentUrl\":\"https:\/\/i0.wp.com\/aurencosmetica.com\/wp-content\/uploads\/2025\/07\/20250707_1556_Detergente-Textil-Floral_remix_01jzkaq9jwek7vj026kq5bavma.jpg?fit=1024%2C1024&ssl=1\",\"width\":1024,\"height\":1024},{\"@type\":\"BreadcrumbList\",\"@id\":\"https:\/\/aurencosmetica.com\/product\/kit-ritual-aroma-para-textiles-oportunidad\/#breadcrumb\",\"itemListElement\":[{\"@type\":\"ListItem\",\"position\":1,\"name\":\"Portada\",\"item\":\"https:\/\/aurencosmetica.com\/\"},{\"@type\":\"ListItem\",\"position\":2,\"name\":\"Tienda\",\"item\":\"https:\/\/aurencosmetica.com\/tienda\/\"},{\"@type\":\"ListItem\",\"position\":3,\"name\":\"KIT RITUAL AROMA PARA TEXTILES \u00a1OPORTUNIDAD!\"}]},{\"@type\":\"WebSite\",\"@id\":\"https:\/\/aurencosmetica.com\/#website\",\"url\":\"https:\/\/aurencosmetica.com\/\",\"name\":\"\u00c1uren Cosm\u00e9tica\",\"description\":\"Cosm\u00e9tica Natural\",\"publisher\":{\"@id\":\"https:\/\/aurencosmetica.com\/#organization\"},\"potentialAction\":[{\"@type\":\"SearchAction\",\"target\":{\"@type\":\"EntryPoint\",\"urlTemplate\":\"https:\/\/aurencosmetica.com\/?s={search_term_string}\"},\"query-input\":{\"@type\":\"PropertyValueSpecification\",\"valueRequired\":true,\"valueName\":\"search_term_string\"}}],\"inLanguage\":\"en-US\"},{\"@type\":\"Organization\",\"@id\":\"https:\/\/aurencosmetica.com\/#organization\",\"name\":\"\u00c1uren Cosm\u00e9tica\",\"url\":\"https:\/\/aurencosmetica.com\/\",\"logo\":{\"@type\":\"ImageObject\",\"inLanguage\":\"en-US\",\"@id\":\"https:\/\/aurencosmetica.com\/#\/schema\/logo\/image\/\",\"url\":\"https:\/\/i0.wp.com\/aurencosmetica.com\/wp-content\/uploads\/2022\/02\/Logo-Auren.png?fit=1043%2C423&ssl=1\",\"contentUrl\":\"https:\/\/i0.wp.com\/aurencosmetica.com\/wp-content\/uploads\/2022\/02\/Logo-Auren.png?fit=1043%2C423&ssl=1\",\"width\":1043,\"height\":423,\"caption\":\"\u00c1uren Cosm\u00e9tica\"},\"image\":{\"@id\":\"https:\/\/aurencosmetica.com\/#\/schema\/logo\/image\/\"}}]}<\/script>\n<!-- \/ Yoast SEO plugin. -->","yoast_head_json":{"title":"KIT RITUAL AROMA PARA TEXTILES \u00a1OPORTUNIDAD! - \u00c1uren Cosm\u00e9tica","description":"Renueva tus prendas y espacios con el Ritual Aroma Textil : detergente, suavizante y bruma con aceites esenciales naturales. Aroma, suavidad y bienestar.","robots":{"index":"index","follow":"follow","max-snippet":"max-snippet:-1","max-image-preview":"max-image-preview:large","max-video-preview":"max-video-preview:-1"},"canonical":"https:\/\/aurencosmetica.com\/en\/product\/kit-ritual-aroma-para-textiles-oportunidad\/","og_locale":"en_US","og_type":"article","og_title":"KIT RITUAL AROMA PARA TEXTILES \u00a1OPORTUNIDAD! - \u00c1uren Cosm\u00e9tica","og_description":"Renueva tus prendas y espacios con el Ritual Aroma Textil : detergente, suavizante y bruma con aceites esenciales naturales. Aroma, suavidad y bienestar.","og_url":"https:\/\/aurencosmetica.com\/en\/product\/kit-ritual-aroma-para-textiles-oportunidad\/","og_site_name":"\u00c1uren Cosm\u00e9tica","article_modified_time":"2026-03-14T12:20:15+00:00","og_image":[{"width":1024,"height":1024,"url":"https:\/\/aurencosmetica.com\/wp-content\/uploads\/2025\/07\/20250707_1556_Detergente-Textil-Floral_remix_01jzkaq9jwek7vj026kq5bavma.jpg","type":"image\/jpeg"}],"twitter_card":"summary_large_image","twitter_misc":{"Est. reading time":"1 minute"},"schema":{"@context":"https:\/\/schema.org","@graph":[{"@type":"WebPage","@id":"https:\/\/aurencosmetica.com\/product\/kit-ritual-aroma-para-textiles-oportunidad\/","url":"https:\/\/aurencosmetica.com\/product\/kit-ritual-aroma-para-textiles-oportunidad\/","name":"KIT RITUAL AROMA PARA TEXTILES \u00a1OPORTUNIDAD! - \u00c1uren Cosm\u00e9tica","isPartOf":{"@id":"https:\/\/aurencosmetica.com\/#website"},"primaryImageOfPage":{"@id":"https:\/\/aurencosmetica.com\/product\/kit-ritual-aroma-para-textiles-oportunidad\/#primaryimage"},"image":{"@id":"https:\/\/aurencosmetica.com\/product\/kit-ritual-aroma-para-textiles-oportunidad\/#primaryimage"},"thumbnailUrl":"https:\/\/i0.wp.com\/aurencosmetica.com\/wp-content\/uploads\/2025\/07\/20250707_1556_Detergente-Textil-Floral_remix_01jzkaq9jwek7vj026kq5bavma.jpg?fit=1024%2C1024&ssl=1","datePublished":"2025-07-07T22:21:27+00:00","dateModified":"2026-03-14T12:20:15+00:00","description":"Renueva tus prendas y espacios con el Ritual Aroma Textil : detergente, suavizante y bruma con aceites esenciales naturales. Aroma, suavidad y bienestar.","breadcrumb":{"@id":"https:\/\/aurencosmetica.com\/product\/kit-ritual-aroma-para-textiles-oportunidad\/#breadcrumb"},"inLanguage":"en-US","potentialAction":[{"@type":"ReadAction","target":["https:\/\/aurencosmetica.com\/product\/kit-ritual-aroma-para-textiles-oportunidad\/"]}]},{"@type":"ImageObject","inLanguage":"en-US","@id":"https:\/\/aurencosmetica.com\/product\/kit-ritual-aroma-para-textiles-oportunidad\/#primaryimage","url":"https:\/\/i0.wp.com\/aurencosmetica.com\/wp-content\/uploads\/2025\/07\/20250707_1556_Detergente-Textil-Floral_remix_01jzkaq9jwek7vj026kq5bavma.jpg?fit=1024%2C1024&ssl=1","contentUrl":"https:\/\/i0.wp.com\/aurencosmetica.com\/wp-content\/uploads\/2025\/07\/20250707_1556_Detergente-Textil-Floral_remix_01jzkaq9jwek7vj026kq5bavma.jpg?fit=1024%2C1024&ssl=1","width":1024,"height":1024},{"@type":"BreadcrumbList","@id":"https:\/\/aurencosmetica.com\/product\/kit-ritual-aroma-para-textiles-oportunidad\/#breadcrumb","itemListElement":[{"@type":"ListItem","position":1,"name":"Portada","item":"https:\/\/aurencosmetica.com\/"},{"@type":"ListItem","position":2,"name":"Tienda","item":"https:\/\/aurencosmetica.com\/tienda\/"},{"@type":"ListItem","position":3,"name":"KIT RITUAL AROMA PARA TEXTILES \u00a1OPORTUNIDAD!"}]},{"@type":"WebSite","@id":"https:\/\/aurencosmetica.com\/#website","url":"https:\/\/aurencosmetica.com\/","name":"\u00c1uren Cosm\u00e9tica","description":"Cosm\u00e9tica Natural","publisher":{"@id":"https:\/\/aurencosmetica.com\/#organization"},"potentialAction":[{"@type":"SearchAction","target":{"@type":"EntryPoint","urlTemplate":"https:\/\/aurencosmetica.com\/?s={search_term_string}"},"query-input":{"@type":"PropertyValueSpecification","valueRequired":true,"valueName":"search_term_string"}}],"inLanguage":"en-US"},{"@type":"Organization","@id":"https:\/\/aurencosmetica.com\/#organization","name":"\u00c1uren Cosm\u00e9tica","url":"https:\/\/aurencosmetica.com\/","logo":{"@type":"ImageObject","inLanguage":"en-US","@id":"https:\/\/aurencosmetica.com\/#\/schema\/logo\/image\/","url":"https:\/\/i0.wp.com\/aurencosmetica.com\/wp-content\/uploads\/2022\/02\/Logo-Auren.png?fit=1043%2C423&ssl=1","contentUrl":"https:\/\/i0.wp.com\/aurencosmetica.com\/wp-content\/uploads\/2022\/02\/Logo-Auren.png?fit=1043%2C423&ssl=1","width":1043,"height":423,"caption":"\u00c1uren Cosm\u00e9tica"},"image":{"@id":"https:\/\/aurencosmetica.com\/#\/schema\/logo\/image\/"}}]}},"jetpack_publicize_connections":[],"jetpack_sharing_enabled":true,"_links":{"self":[{"href":"https:\/\/aurencosmetica.com\/en\/wp-json\/wp\/v2\/product\/8891","targetHints":{"allow":["GET"]}}],"collection":[{"href":"https:\/\/aurencosmetica.com\/en\/wp-json\/wp\/v2\/product"}],"about":[{"href":"https:\/\/aurencosmetica.com\/en\/wp-json\/wp\/v2\/types\/product"}],"replies":[{"embeddable":true,"href":"https:\/\/aurencosmetica.com\/en\/wp-json\/wp\/v2\/comments?post=8891"}],"wp:featuredmedia":[{"embeddable":true,"href":"https:\/\/aurencosmetica.com\/en\/wp-json\/wp\/v2\/media\/8892"}],"wp:attachment":[{"href":"https:\/\/aurencosmetica.com\/en\/wp-json\/wp\/v2\/media?parent=8891"}],"wp:term":[{"taxonomy":"product_brand","embeddable":true,"href":"https:\/\/aurencosmetica.com\/en\/wp-json\/wp\/v2\/product_brand?post=8891"},{"taxonomy":"product_cat","embeddable":true,"href":"https:\/\/aurencosmetica.com\/en\/wp-json\/wp\/v2\/product_cat?post=8891"},{"taxonomy":"product_tag","embeddable":true,"href":"https:\/\/aurencosmetica.com\/en\/wp-json\/wp\/v2\/product_tag?post=8891"}],"curies":[{"name":"wp","href":"https:\/\/api.w.org\/{rel}","templated":true}]}}