{"id":8881,"date":"2025-07-07T21:24:27","date_gmt":"2025-07-07T21:24:27","guid":{"rendered":"https:\/\/aurencosmetica.com\/?post_type=product&#038;p=8881"},"modified":"2026-02-27T23:24:54","modified_gmt":"2026-02-27T23:24:54","slug":"agua-de-lino-bruma-aqualiptus","status":"publish","type":"product","link":"https:\/\/aurencosmetica.com\/en\/product\/agua-de-lino-bruma-aqualiptus\/","title":{"rendered":"Agua de Lino Bruma Aqualiptus"},"content":{"rendered":"<p>Transforma tus rutinas diarias en momentos de indulgencia con las aguas de lino bruma Aqualiptus de \u00c1uren. Eleva tus espacios, estimula tus sentidos y sum\u00e9rgete en la indulgencia de una fragancia que emana frescura, pureza y la esencia misma de la naturaleza. \u00a1Bienvenido a la revoluci\u00f3n del bienestar arom\u00e1tico!<\/p>\n<p><strong> Elaborado con Cuidado:<\/strong><\/p>\n<ul>\n<li><strong>Alcohol de Ca\u00f1a y Aceites Esenciales:<\/strong> La pureza es nuestra promesa. Nuestras aguas de lino bruma Aqualiptus est\u00e1n elaboradas con alcohol de ca\u00f1a de la m\u00e1s alta calidad, asegurando una limpieza efectiva. Adem\u00e1s, los aceites esenciales deeucalipto y Menta piperita y Albahaca, seleccionados minuciosamente, brindan una experiencia sensorial \u00fanica.<\/li>\n<\/ul>\n<p><strong>Estimula Emociones y Energ\u00eda:<\/strong><\/p>\n<ul>\n<li><strong>Activa la Energ\u00eda de tus Espacios:<\/strong> Transforma tu hogar en un refugio de bienestar. Las aguas de lino bruma Aqualiptus no solo perfuman, tiene control de olor , desinfeccion del ambiente y a nivel de aromaterapia\u00a0 tambi\u00e9n estimula tus emociones, activando una energ\u00eda positiva en cada rinc\u00f3n\u00a0 de tu espacio.<\/li>\n<\/ul>\n<p><strong>Aroma Relajante y Tranquilizante:<\/strong><\/p>\n<ul>\n<li><strong>Para un Hogar Zen:<\/strong> Disfruta de un aroma que no solo relaja el aire, sino que tambi\u00e9n tranquiliza tu mente y cuerpo. La frescura del Eucalipto y la menta se despliega en cada rociada, creando un ambiente fresco y apacible.<\/li>\n<li><strong>Limpieza y Perfume Textil:<\/strong>\n<ul>\n<li><strong>S\u00e1banas, Toallas, Cortinas y M\u00e1s:<\/strong> No es solo un spray, es una experiencia textil \u00fanica. Roc\u00eda sobre tus s\u00e1banas, toallas, cortinas, cojines o en tus armarios para infundir un aroma agradable de la Albahaca que transformar\u00e1 tus momentos de cuidado en rituales de bienestar.<\/li>\n<\/ul>\n<h3 data-start=\"178\" data-end=\"217\">\ud83c\udf31 <strong data-start=\"185\" data-end=\"217\">Aceite Esencial de Eucalipto<\/strong><\/h3>\n<p data-start=\"219\" data-end=\"250\"><strong data-start=\"219\" data-end=\"250\">Beneficios en Aromaterapia:<\/strong><\/p>\n<p data-start=\"252\" data-end=\"446\"><strong data-start=\"252\" data-end=\"277\">Despeje Respiratorio:<\/strong> Su aroma fresco y penetrante ayuda a descongestionar las v\u00edas respiratorias, siendo ideal para aliviar la nariz tapada y facilitar una respiraci\u00f3n m\u00e1s libre y profunda.<\/p>\n<p data-start=\"448\" data-end=\"620\"><strong data-start=\"448\" data-end=\"477\">Purificador del Ambiente:<\/strong> Posee propiedades antis\u00e9pticas que contribuyen a limpiar el aire, creando un ambiente m\u00e1s puro, libre de bacterias y energ\u00e9ticamente renovado.<\/p>\n<p data-start=\"622\" data-end=\"807\"><strong data-start=\"622\" data-end=\"648\">Revitalizaci\u00f3n Mental:<\/strong> Estimula la concentraci\u00f3n, alivia la fatiga mental y eleva la energ\u00eda, siendo un gran aliado para retomar el enfoque y la claridad en momentos de agotamiento.<\/p>\n<h3 data-start=\"814\" data-end=\"849\">\ud83c\udf43 <strong data-start=\"821\" data-end=\"849\">Aceite Esencial de Menta<\/strong><\/h3>\n<p data-start=\"851\" data-end=\"882\"><strong data-start=\"851\" data-end=\"882\">Beneficios en Aromaterapia:<\/strong><\/p>\n<p data-start=\"884\" data-end=\"1049\"><strong data-start=\"884\" data-end=\"908\">Refresca y Estimula:<\/strong> Su aroma mentolado y penetrante aporta una inmediata sensaci\u00f3n de frescura, elevando los niveles de energ\u00eda y mejorando el estado de alerta.<\/p>\n<p data-start=\"1051\" data-end=\"1196\"><strong data-start=\"1051\" data-end=\"1080\">Alivia Dolores de Cabeza:<\/strong> La menta es ideal para calmar tensiones en la cabeza y cuello, siendo muy \u00fatil en casos de migra\u00f1a o fatiga mental.<\/p>\n<p data-start=\"1198\" data-end=\"1371\"><strong data-start=\"1198\" data-end=\"1226\">Facilita la Respiraci\u00f3n:<\/strong> Tiene efectos descongestionantes y expectorantes, que complementan de forma poderosa al eucalipto en rituales de limpieza del aire y del cuerpo.<\/p>\n<h3 data-start=\"1378\" data-end=\"1416\">\ud83c\udf3f <strong data-start=\"1385\" data-end=\"1416\">Aceite Esencial de Albahaca<\/strong><\/h3>\n<p data-start=\"1418\" data-end=\"1449\"><strong data-start=\"1418\" data-end=\"1449\">Beneficios en Aromaterapia:<\/strong><\/p>\n<p data-start=\"1451\" data-end=\"1624\"><strong data-start=\"1451\" data-end=\"1479\">Claridad y Calma Mental:<\/strong> Su aroma herb\u00e1ceo y ligeramente especiado ayuda a despejar la mente del caos cotidiano, promoviendo un estado de calma y concentraci\u00f3n profunda.<\/p>\n<p data-start=\"1626\" data-end=\"1786\"><strong data-start=\"1626\" data-end=\"1650\">Reductor del Estr\u00e9s:<\/strong> Posee propiedades adapt\u00f3genas que favorecen la estabilidad emocional, ayudando a equilibrar el sistema nervioso en momentos de tensi\u00f3n.<\/p>\n<p data-start=\"1788\" data-end=\"1948\"><strong data-start=\"1788\" data-end=\"1818\">T\u00f3nico Energ\u00e9tico Natural:<\/strong> Estimula los sentidos y da un suave empuj\u00f3n energ\u00e9tico, ideal para comenzar el d\u00eda con claridad o retomar el enfoque en la tarde.<\/p>\n<\/li>\n<\/ul>","protected":false},"excerpt":{"rendered":"<p>Bienvenido al oasis de frescura y bienestar con las aguas de lino bruma Aqualiptus de \u00c1uren! Experimenta la magia de la limpieza arom\u00e1tica con nuestro spray excepcionalmente elaborado para elevar tus sentidos y transformar tus espacios en un para\u00edso de serenidad.<\/p>\n<p><strong>Descubre las maravillas de las aguas de lino bruma Aqualiptus:<\/strong><\/p>\n<p><strong>Aroma Desintoxicantye y fresco :<\/strong><\/p>\n<ul>\n<li><strong>Eucalipto,Menta y\u00a0 Albahaca:<\/strong> Sum\u00e9rgete en la deliciosa mezcla fresca, una sinfon\u00eda herbal dulce que calma, relaja y transporta tus sentidos a un jard\u00edn . La fragancia fresca es ideal para aquellos que buscan un aroma suave , ligero y fresco.<\/li>\n<\/ul>\n<p>&nbsp;<\/p>","protected":false},"featured_media":8882,"comment_status":"closed","ping_status":"closed","template":"","meta":{"content-type":"","_joinchat":[],"jetpack_publicize_message":"","jetpack_publicize_feature_enabled":true,"jetpack_social_post_already_shared":true,"jetpack_social_options":{"image_generator_settings":{"template":"highway","default_image_id":0,"enabled":false},"version":2}},"product_brand":[],"product_cat":[152,151,167],"product_tag":[260,383,153,318,258,259,386,296,390,264,385,355],"class_list":{"0":"post-8881","1":"product","2":"type-product","3":"status-publish","4":"has-post-thumbnail","6":"product_cat-aguas-de-lino-brumas","7":"product_cat-ambientacion","8":"product_cat-aromatizantes","9":"product_tag-aceites-esenciales","10":"product_tag-agua-de-lino","11":"product_tag-aguaaqualiptuslino","12":"product_tag-ambiente","13":"product_tag-aromaterapia","14":"product_tag-bienestar","15":"product_tag-energetico","16":"product_tag-equilibrio","17":"product_tag-floral","18":"product_tag-lavanda","19":"product_tag-reiki","20":"product_tag-yoga","22":"first","23":"instock","24":"purchasable","25":"product-type-simple"},"yoast_head":"<!-- This site is optimized with the Yoast SEO plugin v25.7 - https:\/\/yoast.com\/wordpress\/plugins\/seo\/ -->\n<title>Agua de Lino Bruma Aqualiptus - \u00c1uren Cosm\u00e9tica<\/title>\n<meta name=\"description\" content=\"Bienvenido al oasis de frescura y bienestar con las aguas de lino bruma Floral de \u00c1uren! Experimenta la magia de la limpieza arom\u00e1tica con nuestro spray excepcionalmente elaborado para elevar tus sentidos y transformar tus espacios en un para\u00edso de serenidad\" \/>\n<meta name=\"robots\" content=\"index, follow, max-snippet:-1, max-image-preview:large, max-video-preview:-1\" \/>\n<link rel=\"canonical\" href=\"https:\/\/aurencosmetica.com\/en\/product\/agua-de-lino-bruma-aqualiptus\/\" \/>\n<meta property=\"og:locale\" content=\"en_US\" \/>\n<meta property=\"og:type\" content=\"article\" \/>\n<meta property=\"og:title\" content=\"Agua de Lino Bruma Aqualiptus - \u00c1uren Cosm\u00e9tica\" \/>\n<meta property=\"og:description\" content=\"Bienvenido al oasis de frescura y bienestar con las aguas de lino bruma Floral de \u00c1uren! Experimenta la magia de la limpieza arom\u00e1tica con nuestro spray excepcionalmente elaborado para elevar tus sentidos y transformar tus espacios en un para\u00edso de serenidad\" \/>\n<meta property=\"og:url\" content=\"https:\/\/aurencosmetica.com\/en\/product\/agua-de-lino-bruma-aqualiptus\/\" \/>\n<meta property=\"og:site_name\" content=\"\u00c1uren Cosm\u00e9tica\" \/>\n<meta property=\"article:modified_time\" content=\"2026-02-27T23:24:54+00:00\" \/>\n<meta property=\"og:image\" content=\"https:\/\/aurencosmetica.com\/wp-content\/uploads\/2025\/07\/20250707_1508_Perfume-Textil-Aqualiptus_remix_01jzk7zsq2ehtbexm0wrmv1ray.jpg\" \/>\n\t<meta property=\"og:image:width\" content=\"1024\" \/>\n\t<meta property=\"og:image:height\" content=\"1024\" \/>\n\t<meta property=\"og:image:type\" content=\"image\/jpeg\" \/>\n<meta name=\"twitter:card\" content=\"summary_large_image\" \/>\n<meta name=\"twitter:label1\" content=\"Est. reading time\" \/>\n\t<meta name=\"twitter:data1\" content=\"3 minutes\" \/>\n<script type=\"application\/ld+json\" class=\"yoast-schema-graph\">{\"@context\":\"https:\/\/schema.org\",\"@graph\":[{\"@type\":\"WebPage\",\"@id\":\"https:\/\/aurencosmetica.com\/product\/agua-de-lino-bruma-aqualiptus\/\",\"url\":\"https:\/\/aurencosmetica.com\/product\/agua-de-lino-bruma-aqualiptus\/\",\"name\":\"Agua de Lino Bruma Aqualiptus - \u00c1uren Cosm\u00e9tica\",\"isPartOf\":{\"@id\":\"https:\/\/aurencosmetica.com\/#website\"},\"primaryImageOfPage\":{\"@id\":\"https:\/\/aurencosmetica.com\/product\/agua-de-lino-bruma-aqualiptus\/#primaryimage\"},\"image\":{\"@id\":\"https:\/\/aurencosmetica.com\/product\/agua-de-lino-bruma-aqualiptus\/#primaryimage\"},\"thumbnailUrl\":\"https:\/\/i0.wp.com\/aurencosmetica.com\/wp-content\/uploads\/2025\/07\/20250707_1508_Perfume-Textil-Aqualiptus_remix_01jzk7zsq2ehtbexm0wrmv1ray.jpg?fit=1024%2C1024&ssl=1\",\"datePublished\":\"2025-07-07T21:24:27+00:00\",\"dateModified\":\"2026-02-27T23:24:54+00:00\",\"description\":\"Bienvenido al oasis de frescura y bienestar con las aguas de lino bruma Floral de \u00c1uren! Experimenta la magia de la limpieza arom\u00e1tica con nuestro spray excepcionalmente elaborado para elevar tus sentidos y transformar tus espacios en un para\u00edso de serenidad\",\"breadcrumb\":{\"@id\":\"https:\/\/aurencosmetica.com\/product\/agua-de-lino-bruma-aqualiptus\/#breadcrumb\"},\"inLanguage\":\"en-US\",\"potentialAction\":[{\"@type\":\"ReadAction\",\"target\":[\"https:\/\/aurencosmetica.com\/product\/agua-de-lino-bruma-aqualiptus\/\"]}]},{\"@type\":\"ImageObject\",\"inLanguage\":\"en-US\",\"@id\":\"https:\/\/aurencosmetica.com\/product\/agua-de-lino-bruma-aqualiptus\/#primaryimage\",\"url\":\"https:\/\/i0.wp.com\/aurencosmetica.com\/wp-content\/uploads\/2025\/07\/20250707_1508_Perfume-Textil-Aqualiptus_remix_01jzk7zsq2ehtbexm0wrmv1ray.jpg?fit=1024%2C1024&ssl=1\",\"contentUrl\":\"https:\/\/i0.wp.com\/aurencosmetica.com\/wp-content\/uploads\/2025\/07\/20250707_1508_Perfume-Textil-Aqualiptus_remix_01jzk7zsq2ehtbexm0wrmv1ray.jpg?fit=1024%2C1024&ssl=1\",\"width\":1024,\"height\":1024},{\"@type\":\"BreadcrumbList\",\"@id\":\"https:\/\/aurencosmetica.com\/product\/agua-de-lino-bruma-aqualiptus\/#breadcrumb\",\"itemListElement\":[{\"@type\":\"ListItem\",\"position\":1,\"name\":\"Portada\",\"item\":\"https:\/\/aurencosmetica.com\/\"},{\"@type\":\"ListItem\",\"position\":2,\"name\":\"Tienda\",\"item\":\"https:\/\/aurencosmetica.com\/tienda\/\"},{\"@type\":\"ListItem\",\"position\":3,\"name\":\"Agua de Lino Bruma Aqualiptus\"}]},{\"@type\":\"WebSite\",\"@id\":\"https:\/\/aurencosmetica.com\/#website\",\"url\":\"https:\/\/aurencosmetica.com\/\",\"name\":\"\u00c1uren Cosm\u00e9tica\",\"description\":\"Cosm\u00e9tica Natural\",\"publisher\":{\"@id\":\"https:\/\/aurencosmetica.com\/#organization\"},\"potentialAction\":[{\"@type\":\"SearchAction\",\"target\":{\"@type\":\"EntryPoint\",\"urlTemplate\":\"https:\/\/aurencosmetica.com\/?s={search_term_string}\"},\"query-input\":{\"@type\":\"PropertyValueSpecification\",\"valueRequired\":true,\"valueName\":\"search_term_string\"}}],\"inLanguage\":\"en-US\"},{\"@type\":\"Organization\",\"@id\":\"https:\/\/aurencosmetica.com\/#organization\",\"name\":\"\u00c1uren Cosm\u00e9tica\",\"url\":\"https:\/\/aurencosmetica.com\/\",\"logo\":{\"@type\":\"ImageObject\",\"inLanguage\":\"en-US\",\"@id\":\"https:\/\/aurencosmetica.com\/#\/schema\/logo\/image\/\",\"url\":\"https:\/\/i0.wp.com\/aurencosmetica.com\/wp-content\/uploads\/2022\/02\/Logo-Auren.png?fit=1043%2C423&ssl=1\",\"contentUrl\":\"https:\/\/i0.wp.com\/aurencosmetica.com\/wp-content\/uploads\/2022\/02\/Logo-Auren.png?fit=1043%2C423&ssl=1\",\"width\":1043,\"height\":423,\"caption\":\"\u00c1uren Cosm\u00e9tica\"},\"image\":{\"@id\":\"https:\/\/aurencosmetica.com\/#\/schema\/logo\/image\/\"}}]}<\/script>\n<!-- \/ Yoast SEO plugin. -->","yoast_head_json":{"title":"Agua de Lino Bruma Aqualiptus - \u00c1uren Cosm\u00e9tica","description":"Bienvenido al oasis de frescura y bienestar con las aguas de lino bruma Floral de \u00c1uren! Experimenta la magia de la limpieza arom\u00e1tica con nuestro spray excepcionalmente elaborado para elevar tus sentidos y transformar tus espacios en un para\u00edso de serenidad","robots":{"index":"index","follow":"follow","max-snippet":"max-snippet:-1","max-image-preview":"max-image-preview:large","max-video-preview":"max-video-preview:-1"},"canonical":"https:\/\/aurencosmetica.com\/en\/product\/agua-de-lino-bruma-aqualiptus\/","og_locale":"en_US","og_type":"article","og_title":"Agua de Lino Bruma Aqualiptus - \u00c1uren Cosm\u00e9tica","og_description":"Bienvenido al oasis de frescura y bienestar con las aguas de lino bruma Floral de \u00c1uren! Experimenta la magia de la limpieza arom\u00e1tica con nuestro spray excepcionalmente elaborado para elevar tus sentidos y transformar tus espacios en un para\u00edso de serenidad","og_url":"https:\/\/aurencosmetica.com\/en\/product\/agua-de-lino-bruma-aqualiptus\/","og_site_name":"\u00c1uren Cosm\u00e9tica","article_modified_time":"2026-02-27T23:24:54+00:00","og_image":[{"width":1024,"height":1024,"url":"https:\/\/aurencosmetica.com\/wp-content\/uploads\/2025\/07\/20250707_1508_Perfume-Textil-Aqualiptus_remix_01jzk7zsq2ehtbexm0wrmv1ray.jpg","type":"image\/jpeg"}],"twitter_card":"summary_large_image","twitter_misc":{"Est. reading time":"3 minutes"},"schema":{"@context":"https:\/\/schema.org","@graph":[{"@type":"WebPage","@id":"https:\/\/aurencosmetica.com\/product\/agua-de-lino-bruma-aqualiptus\/","url":"https:\/\/aurencosmetica.com\/product\/agua-de-lino-bruma-aqualiptus\/","name":"Agua de Lino Bruma Aqualiptus - \u00c1uren Cosm\u00e9tica","isPartOf":{"@id":"https:\/\/aurencosmetica.com\/#website"},"primaryImageOfPage":{"@id":"https:\/\/aurencosmetica.com\/product\/agua-de-lino-bruma-aqualiptus\/#primaryimage"},"image":{"@id":"https:\/\/aurencosmetica.com\/product\/agua-de-lino-bruma-aqualiptus\/#primaryimage"},"thumbnailUrl":"https:\/\/i0.wp.com\/aurencosmetica.com\/wp-content\/uploads\/2025\/07\/20250707_1508_Perfume-Textil-Aqualiptus_remix_01jzk7zsq2ehtbexm0wrmv1ray.jpg?fit=1024%2C1024&ssl=1","datePublished":"2025-07-07T21:24:27+00:00","dateModified":"2026-02-27T23:24:54+00:00","description":"Bienvenido al oasis de frescura y bienestar con las aguas de lino bruma Floral de \u00c1uren! Experimenta la magia de la limpieza arom\u00e1tica con nuestro spray excepcionalmente elaborado para elevar tus sentidos y transformar tus espacios en un para\u00edso de serenidad","breadcrumb":{"@id":"https:\/\/aurencosmetica.com\/product\/agua-de-lino-bruma-aqualiptus\/#breadcrumb"},"inLanguage":"en-US","potentialAction":[{"@type":"ReadAction","target":["https:\/\/aurencosmetica.com\/product\/agua-de-lino-bruma-aqualiptus\/"]}]},{"@type":"ImageObject","inLanguage":"en-US","@id":"https:\/\/aurencosmetica.com\/product\/agua-de-lino-bruma-aqualiptus\/#primaryimage","url":"https:\/\/i0.wp.com\/aurencosmetica.com\/wp-content\/uploads\/2025\/07\/20250707_1508_Perfume-Textil-Aqualiptus_remix_01jzk7zsq2ehtbexm0wrmv1ray.jpg?fit=1024%2C1024&ssl=1","contentUrl":"https:\/\/i0.wp.com\/aurencosmetica.com\/wp-content\/uploads\/2025\/07\/20250707_1508_Perfume-Textil-Aqualiptus_remix_01jzk7zsq2ehtbexm0wrmv1ray.jpg?fit=1024%2C1024&ssl=1","width":1024,"height":1024},{"@type":"BreadcrumbList","@id":"https:\/\/aurencosmetica.com\/product\/agua-de-lino-bruma-aqualiptus\/#breadcrumb","itemListElement":[{"@type":"ListItem","position":1,"name":"Portada","item":"https:\/\/aurencosmetica.com\/"},{"@type":"ListItem","position":2,"name":"Tienda","item":"https:\/\/aurencosmetica.com\/tienda\/"},{"@type":"ListItem","position":3,"name":"Agua de Lino Bruma Aqualiptus"}]},{"@type":"WebSite","@id":"https:\/\/aurencosmetica.com\/#website","url":"https:\/\/aurencosmetica.com\/","name":"\u00c1uren Cosm\u00e9tica","description":"Cosm\u00e9tica Natural","publisher":{"@id":"https:\/\/aurencosmetica.com\/#organization"},"potentialAction":[{"@type":"SearchAction","target":{"@type":"EntryPoint","urlTemplate":"https:\/\/aurencosmetica.com\/?s={search_term_string}"},"query-input":{"@type":"PropertyValueSpecification","valueRequired":true,"valueName":"search_term_string"}}],"inLanguage":"en-US"},{"@type":"Organization","@id":"https:\/\/aurencosmetica.com\/#organization","name":"\u00c1uren Cosm\u00e9tica","url":"https:\/\/aurencosmetica.com\/","logo":{"@type":"ImageObject","inLanguage":"en-US","@id":"https:\/\/aurencosmetica.com\/#\/schema\/logo\/image\/","url":"https:\/\/i0.wp.com\/aurencosmetica.com\/wp-content\/uploads\/2022\/02\/Logo-Auren.png?fit=1043%2C423&ssl=1","contentUrl":"https:\/\/i0.wp.com\/aurencosmetica.com\/wp-content\/uploads\/2022\/02\/Logo-Auren.png?fit=1043%2C423&ssl=1","width":1043,"height":423,"caption":"\u00c1uren Cosm\u00e9tica"},"image":{"@id":"https:\/\/aurencosmetica.com\/#\/schema\/logo\/image\/"}}]}},"jetpack_publicize_connections":[],"jetpack_sharing_enabled":true,"_links":{"self":[{"href":"https:\/\/aurencosmetica.com\/en\/wp-json\/wp\/v2\/product\/8881","targetHints":{"allow":["GET"]}}],"collection":[{"href":"https:\/\/aurencosmetica.com\/en\/wp-json\/wp\/v2\/product"}],"about":[{"href":"https:\/\/aurencosmetica.com\/en\/wp-json\/wp\/v2\/types\/product"}],"replies":[{"embeddable":true,"href":"https:\/\/aurencosmetica.com\/en\/wp-json\/wp\/v2\/comments?post=8881"}],"wp:featuredmedia":[{"embeddable":true,"href":"https:\/\/aurencosmetica.com\/en\/wp-json\/wp\/v2\/media\/8882"}],"wp:attachment":[{"href":"https:\/\/aurencosmetica.com\/en\/wp-json\/wp\/v2\/media?parent=8881"}],"wp:term":[{"taxonomy":"product_brand","embeddable":true,"href":"https:\/\/aurencosmetica.com\/en\/wp-json\/wp\/v2\/product_brand?post=8881"},{"taxonomy":"product_cat","embeddable":true,"href":"https:\/\/aurencosmetica.com\/en\/wp-json\/wp\/v2\/product_cat?post=8881"},{"taxonomy":"product_tag","embeddable":true,"href":"https:\/\/aurencosmetica.com\/en\/wp-json\/wp\/v2\/product_tag?post=8881"}],"curies":[{"name":"wp","href":"https:\/\/api.w.org\/{rel}","templated":true}]}}