{"id":8809,"date":"2025-07-04T17:26:58","date_gmt":"2025-07-04T17:26:58","guid":{"rendered":"https:\/\/aurencosmetica.com\/?post_type=product&#038;p=8809"},"modified":"2026-01-03T21:13:41","modified_gmt":"2026-01-03T21:13:41","slug":"kit-ama-t-cuidado-facial-durazno","status":"publish","type":"product","link":"https:\/\/aurencosmetica.com\/en\/product\/kit-ama-t-cuidado-facial-durazno\/","title":{"rendered":"KIT AMA-T  CUIDADO FACIAL DURAZNO"},"content":{"rendered":"<h3 data-start=\"971\" data-end=\"1005\">\ud83c\udf3c \u00bfQu\u00e9 contiene el Kit Ama-T?<\/h3>\n<h2 data-start=\"1007\" data-end=\"1047\">\u2728 \u00d3leo Facial Durazno &amp; Palmarosa<\/h2>\n<p data-start=\"1048\" data-end=\"1120\">Una mezcla de aceites ligeros, profundamente nutritiva y restauradora.<\/p>\n<ul data-start=\"1121\" data-end=\"1562\">\n<li data-start=\"1121\" data-end=\"1224\">\n<p data-start=\"1123\" data-end=\"1224\"><strong data-start=\"1123\" data-end=\"1137\">Beneficios<\/strong>: Hidrata intensamente, regenera la barrera cut\u00e1nea, suaviza y mejora la elasticidad.<\/p>\n<\/li>\n<li data-start=\"1225\" data-end=\"1322\">\n<p data-start=\"1227\" data-end=\"1322\"><strong data-start=\"1227\" data-end=\"1238\">Activos<\/strong>: Aceites de semilla de durazno, maracuy\u00e1, moringa y aceite esencial de palmarosa.<\/p>\n<\/li>\n<li data-start=\"1323\" data-end=\"1461\">\n<p data-start=\"1325\" data-end=\"1461\"><strong data-start=\"1325\" data-end=\"1332\">Uso<\/strong>: Aplica en el rostro con masajes ascendentes. Ideal para uso nocturno. En pieles muy secas, puede usarse tambi\u00e9n en la ma\u00f1ana.<\/p>\n<\/li>\n<li data-start=\"1462\" data-end=\"1562\">\n<p data-start=\"1464\" data-end=\"1562\"><strong data-start=\"1464\" data-end=\"1474\">Ritual<\/strong>: Acompa\u00f1a con ejercicios de yoga facial para activar la microcirculaci\u00f3n y el col\u00e1geno.<\/p>\n<\/li>\n<\/ul>\n<h2 data-start=\"1569\" data-end=\"1601\">\ud83c\udf39 T\u00f3nico Facial de Rosas<\/h2>\n<p data-start=\"1602\" data-end=\"1667\">Una bruma floral que calma, hidrata y despierta la luminosidad.<\/p>\n<ul data-start=\"1668\" data-end=\"1927\">\n<li data-start=\"1668\" data-end=\"1757\">\n<p data-start=\"1670\" data-end=\"1757\"><strong data-start=\"1670\" data-end=\"1684\">Beneficios<\/strong>: Tonifica, suaviza l\u00edneas finas, calma irritaciones y aporta frescura.<\/p>\n<\/li>\n<li data-start=\"1758\" data-end=\"1840\">\n<p data-start=\"1760\" data-end=\"1840\"><strong data-start=\"1760\" data-end=\"1767\">Uso<\/strong>: Aplica con atomizador o con un p\u00e9talo de algod\u00f3n sobre rostro limpio.<\/p>\n<\/li>\n<li data-start=\"1841\" data-end=\"1927\">\n<p data-start=\"1843\" data-end=\"1927\"><strong data-start=\"1843\" data-end=\"1853\">Ritual<\/strong>: Ideal para cerrar los ojos, respirar y conectar con tu energ\u00eda femenina.<\/p>\n<\/li>\n<\/ul>\n<h2 data-start=\"1934\" data-end=\"1982\">\ud83c\udf51 Jab\u00f3n de Glicerina Durazno &amp; Palmarosa<\/h2>\n<p data-start=\"1983\" data-end=\"2054\">Limpieza suave y equilibrante, respetando la sensibilidad de tu piel.<\/p>\n<ul data-start=\"2055\" data-end=\"2298\">\n<li data-start=\"2055\" data-end=\"2139\">\n<p data-start=\"2057\" data-end=\"2139\"><strong data-start=\"2057\" data-end=\"2071\">Beneficios<\/strong>: Elimina impurezas sin resecar, aporta suavidad, equilibra el pH.<\/p>\n<\/li>\n<li data-start=\"2140\" data-end=\"2207\">\n<p data-start=\"2142\" data-end=\"2207\"><strong data-start=\"2142\" data-end=\"2149\">Uso<\/strong>: Uso diario en la ma\u00f1ana y\/o noche, en rostro y cuello.<\/p>\n<\/li>\n<li data-start=\"2208\" data-end=\"2298\">\n<p data-start=\"2210\" data-end=\"2298\"><strong data-start=\"2210\" data-end=\"2220\">Ritual<\/strong>: Aprovecha la espuma para un masaje facial de 1 minuto que despierte tu piel.<\/p>\n<\/li>\n<\/ul>\n<h2 data-start=\"2305\" data-end=\"2343\">\ud83d\udcab Exfoliante Ligero de Durazno<\/h2>\n<p data-start=\"2344\" data-end=\"2432\">Suave textura cremosa con pepitas naturales para eliminar c\u00e9lulas muertas sin agredir.<\/p>\n<ul data-start=\"2433\" data-end=\"2725\">\n<li data-start=\"2433\" data-end=\"2515\">\n<p data-start=\"2435\" data-end=\"2515\"><strong data-start=\"2435\" data-end=\"2449\">Beneficios<\/strong>: Estimula la renovaci\u00f3n celular, suaviza y da brillo a la piel.<\/p>\n<\/li>\n<li data-start=\"2516\" data-end=\"2619\">\n<p data-start=\"2518\" data-end=\"2619\"><strong data-start=\"2518\" data-end=\"2525\">Uso<\/strong>: 1 a 2 veces por semana. Masajear suavemente con el rostro h\u00famedo y retirar con agua tibia.<\/p>\n<\/li>\n<li data-start=\"2620\" data-end=\"2725\">\n<p data-start=\"2622\" data-end=\"2725\"><strong data-start=\"2622\" data-end=\"2632\">Ritual<\/strong>: Despu\u00e9s del exfoliante, aplica el t\u00f3nico y el \u00f3leo para potenciar la regeneraci\u00f3n nocturna.<\/p>\n<\/li>\n<\/ul>\n<p>&nbsp;<\/p>\n<p>&nbsp;<\/p>","protected":false},"excerpt":{"rendered":"<h3 data-start=\"241\" data-end=\"288\">\ud83d\udc96 Kit Ritual Ama-T \u2013 Durazno &amp; Palmarosa<\/h3>\n<p data-start=\"289\" data-end=\"436\"><strong data-start=\"289\" data-end=\"362\">Nutrici\u00f3n profunda y suavidad para pieles maduras, secas y delicadas.<\/strong><br data-start=\"362\" data-end=\"365\" \/>Una invitaci\u00f3n diaria a cuidarte con amor, presencia y belleza natural.<\/p>\n<p data-start=\"438\" data-end=\"964\">El <strong data-start=\"441\" data-end=\"473\">Kit Ama-T de \u00c1uren Cosm\u00e9tica<\/strong> ha sido creado para acompa\u00f1arte en un ritual de amor propio profundo. Ideal para <strong data-start=\"555\" data-end=\"592\">pieles secas, delicadas o maduras<\/strong>, sus f\u00f3rmulas bot\u00e1nicas trabajan en armon\u00eda con tu piel, aportando hidrataci\u00f3n, elasticidad, nutrici\u00f3n y vitalidad desde el primer uso. Ingredientes vegetales y aceites esenciales cuidadosamente elegidos, acompa\u00f1ados de un ritual diario que puedes potenciar con respiraci\u00f3n consciente o <strong data-start=\"880\" data-end=\"895\">yoga facial<\/strong>, para activar la regeneraci\u00f3n natural del col\u00e1geno y la luminosidad.<\/p>\n<h3 data-start=\"2732\" data-end=\"2780\">\ud83c\udf3f Ritual Ama-T para pieles secas y maduras:<\/h3>\n<ol data-start=\"2781\" data-end=\"3080\">\n<li data-start=\"2781\" data-end=\"2829\">\n<p data-start=\"2784\" data-end=\"2829\"><strong data-start=\"2784\" data-end=\"2802\">Limpieza suave<\/strong> con el jab\u00f3n de glicerina.<\/p>\n<\/li>\n<li data-start=\"2830\" data-end=\"2909\">\n<p data-start=\"2833\" data-end=\"2909\"><strong data-start=\"2833\" data-end=\"2857\">Exfoliaci\u00f3n delicada<\/strong> 1-2 veces a la semana con el exfoliante de durazno.<\/p>\n<\/li>\n<li data-start=\"2910\" data-end=\"2980\">\n<p data-start=\"2913\" data-end=\"2980\"><strong data-start=\"2913\" data-end=\"2929\">Tonificaci\u00f3n<\/strong> con el t\u00f3nico de rosas, para calmar y revitalizar.<\/p>\n<\/li>\n<li data-start=\"2981\" data-end=\"3080\">\n<p data-start=\"2984\" data-end=\"3080\"><strong data-start=\"2984\" data-end=\"3006\">Nutrici\u00f3n profunda<\/strong> con el \u00f3leo facial, aplicando respiraci\u00f3n profunda y masajes conscientes.<\/p>\n<\/li>\n<\/ol>\n<p data-start=\"3082\" data-end=\"3257\">\ud83d\udc97 <em data-start=\"3085\" data-end=\"3257\">Este ritual no es solo para tu piel. Es un acto de amor propio, de reconexi\u00f3n y presencia. De mirarte al espejo con dulzura y recordar tu belleza natural, todos los d\u00edas.<\/em><\/p>\n<hr data-start=\"3259\" data-end=\"3262\" \/>\n<h3 data-start=\"3264\" data-end=\"3283\">\u2705 Ideal para:<\/h3>\n<ul data-start=\"3284\" data-end=\"3482\">\n<li data-start=\"3284\" data-end=\"3321\">\n<p data-start=\"3286\" data-end=\"3321\">Pieles maduras, secas o sensibles<\/p>\n<\/li>\n<li data-start=\"3322\" data-end=\"3376\">\n<p data-start=\"3324\" data-end=\"3376\">Mujeres en transici\u00f3n hormonal o con piel delicada<\/p>\n<\/li>\n<li data-start=\"3377\" data-end=\"3425\">\n<p data-start=\"3379\" data-end=\"3425\">Cuidado facial diario con enfoque consciente<\/p>\n<\/li>\n<li data-start=\"3426\" data-end=\"3482\">\n<p data-start=\"3428\" data-end=\"3482\">Practicantes de yoga facial o autocuidado energ\u00e9tico<\/p>\n<\/li>\n<\/ul>","protected":false},"featured_media":8772,"comment_status":"open","ping_status":"closed","template":"","meta":{"content-type":"","_joinchat":[],"jetpack_publicize_message":"","jetpack_publicize_feature_enabled":true,"jetpack_social_post_already_shared":true,"jetpack_social_options":{"image_generator_settings":{"template":"highway","default_image_id":0,"enabled":false},"version":2}},"product_brand":[],"product_cat":[188,140,121,201,193,141,192],"product_tag":[123,329,145,429,355,431],"class_list":{"0":"post-8809","1":"product","2":"type-product","3":"status-publish","4":"has-post-thumbnail","6":"product_cat-aromaterapia","7":"product_cat-cuidado-facial","8":"product_cat-exfoliantes","9":"product_cat-kits","10":"product_cat-mezclas-exclusivas","11":"product_cat-rostro","12":"product_cat-spa","13":"product_tag-corporalcremaduraznoexfoliante","14":"product_tag-cuidado-de-piel","15":"product_tag-facialrosastonico","16":"product_tag-oleo-facial","17":"product_tag-yoga","18":"product_tag-yoga-facial","20":"first","21":"instock","22":"shipping-taxable","23":"purchasable","24":"product-type-simple"},"yoast_head":"<!-- This site is optimized with the Yoast SEO plugin v25.7 - https:\/\/yoast.com\/wordpress\/plugins\/seo\/ -->\n<title>KIT AMA-T CUIDADO FACIAL DURAZNO - \u00c1uren Cosm\u00e9tica<\/title>\n<meta name=\"description\" content=\"Kit Ama-T Durazno &amp; Palmarosa: ritual facial para pieles secas, maduras o delicadas. Limpia, tonifica, nutre y regenera con f\u00f3rmulas bot\u00e1nicas. Ideal para yoga facial y amor propio diario.\" \/>\n<meta name=\"robots\" content=\"index, follow, max-snippet:-1, max-image-preview:large, max-video-preview:-1\" \/>\n<link rel=\"canonical\" href=\"https:\/\/aurencosmetica.com\/en\/product\/kit-ama-t-cuidado-facial-durazno\/\" \/>\n<meta property=\"og:locale\" content=\"en_US\" \/>\n<meta property=\"og:type\" content=\"article\" \/>\n<meta property=\"og:title\" content=\"KIT AMA-T CUIDADO FACIAL DURAZNO - \u00c1uren Cosm\u00e9tica\" \/>\n<meta property=\"og:description\" content=\"Kit Ama-T Durazno &amp; Palmarosa: ritual facial para pieles secas, maduras o delicadas. Limpia, tonifica, nutre y regenera con f\u00f3rmulas bot\u00e1nicas. Ideal para yoga facial y amor propio diario.\" \/>\n<meta property=\"og:url\" content=\"https:\/\/aurencosmetica.com\/en\/product\/kit-ama-t-cuidado-facial-durazno\/\" \/>\n<meta property=\"og:site_name\" content=\"\u00c1uren Cosm\u00e9tica\" \/>\n<meta property=\"article:modified_time\" content=\"2026-01-03T21:13:41+00:00\" \/>\n<meta property=\"og:image\" content=\"https:\/\/aurencosmetica.com\/wp-content\/uploads\/2025\/07\/kit-5.jpg\" \/>\n\t<meta property=\"og:image:width\" content=\"1024\" \/>\n\t<meta property=\"og:image:height\" content=\"1024\" \/>\n\t<meta property=\"og:image:type\" content=\"image\/jpeg\" \/>\n<meta name=\"twitter:card\" content=\"summary_large_image\" \/>\n<meta name=\"twitter:label1\" content=\"Est. reading time\" \/>\n\t<meta name=\"twitter:data1\" content=\"2 minutes\" \/>\n<script type=\"application\/ld+json\" class=\"yoast-schema-graph\">{\"@context\":\"https:\/\/schema.org\",\"@graph\":[{\"@type\":\"WebPage\",\"@id\":\"https:\/\/aurencosmetica.com\/product\/kit-ama-t-cuidado-facial-durazno\/\",\"url\":\"https:\/\/aurencosmetica.com\/product\/kit-ama-t-cuidado-facial-durazno\/\",\"name\":\"KIT AMA-T CUIDADO FACIAL DURAZNO - \u00c1uren Cosm\u00e9tica\",\"isPartOf\":{\"@id\":\"https:\/\/aurencosmetica.com\/#website\"},\"primaryImageOfPage\":{\"@id\":\"https:\/\/aurencosmetica.com\/product\/kit-ama-t-cuidado-facial-durazno\/#primaryimage\"},\"image\":{\"@id\":\"https:\/\/aurencosmetica.com\/product\/kit-ama-t-cuidado-facial-durazno\/#primaryimage\"},\"thumbnailUrl\":\"https:\/\/i0.wp.com\/aurencosmetica.com\/wp-content\/uploads\/2025\/07\/kit-5.jpg?fit=1024%2C1024&ssl=1\",\"datePublished\":\"2025-07-04T17:26:58+00:00\",\"dateModified\":\"2026-01-03T21:13:41+00:00\",\"description\":\"Kit Ama-T Durazno & Palmarosa: ritual facial para pieles secas, maduras o delicadas. Limpia, tonifica, nutre y regenera con f\u00f3rmulas bot\u00e1nicas. Ideal para yoga facial y amor propio diario.\",\"breadcrumb\":{\"@id\":\"https:\/\/aurencosmetica.com\/product\/kit-ama-t-cuidado-facial-durazno\/#breadcrumb\"},\"inLanguage\":\"en-US\",\"potentialAction\":[{\"@type\":\"ReadAction\",\"target\":[\"https:\/\/aurencosmetica.com\/product\/kit-ama-t-cuidado-facial-durazno\/\"]}]},{\"@type\":\"ImageObject\",\"inLanguage\":\"en-US\",\"@id\":\"https:\/\/aurencosmetica.com\/product\/kit-ama-t-cuidado-facial-durazno\/#primaryimage\",\"url\":\"https:\/\/i0.wp.com\/aurencosmetica.com\/wp-content\/uploads\/2025\/07\/kit-5.jpg?fit=1024%2C1024&ssl=1\",\"contentUrl\":\"https:\/\/i0.wp.com\/aurencosmetica.com\/wp-content\/uploads\/2025\/07\/kit-5.jpg?fit=1024%2C1024&ssl=1\",\"width\":1024,\"height\":1024},{\"@type\":\"BreadcrumbList\",\"@id\":\"https:\/\/aurencosmetica.com\/product\/kit-ama-t-cuidado-facial-durazno\/#breadcrumb\",\"itemListElement\":[{\"@type\":\"ListItem\",\"position\":1,\"name\":\"Portada\",\"item\":\"https:\/\/aurencosmetica.com\/\"},{\"@type\":\"ListItem\",\"position\":2,\"name\":\"Tienda\",\"item\":\"https:\/\/aurencosmetica.com\/tienda\/\"},{\"@type\":\"ListItem\",\"position\":3,\"name\":\"KIT AMA-T CUIDADO FACIAL DURAZNO\"}]},{\"@type\":\"WebSite\",\"@id\":\"https:\/\/aurencosmetica.com\/#website\",\"url\":\"https:\/\/aurencosmetica.com\/\",\"name\":\"\u00c1uren Cosm\u00e9tica\",\"description\":\"Cosm\u00e9tica Natural\",\"publisher\":{\"@id\":\"https:\/\/aurencosmetica.com\/#organization\"},\"potentialAction\":[{\"@type\":\"SearchAction\",\"target\":{\"@type\":\"EntryPoint\",\"urlTemplate\":\"https:\/\/aurencosmetica.com\/?s={search_term_string}\"},\"query-input\":{\"@type\":\"PropertyValueSpecification\",\"valueRequired\":true,\"valueName\":\"search_term_string\"}}],\"inLanguage\":\"en-US\"},{\"@type\":\"Organization\",\"@id\":\"https:\/\/aurencosmetica.com\/#organization\",\"name\":\"\u00c1uren Cosm\u00e9tica\",\"url\":\"https:\/\/aurencosmetica.com\/\",\"logo\":{\"@type\":\"ImageObject\",\"inLanguage\":\"en-US\",\"@id\":\"https:\/\/aurencosmetica.com\/#\/schema\/logo\/image\/\",\"url\":\"https:\/\/i0.wp.com\/aurencosmetica.com\/wp-content\/uploads\/2022\/02\/Logo-Auren.png?fit=1043%2C423&ssl=1\",\"contentUrl\":\"https:\/\/i0.wp.com\/aurencosmetica.com\/wp-content\/uploads\/2022\/02\/Logo-Auren.png?fit=1043%2C423&ssl=1\",\"width\":1043,\"height\":423,\"caption\":\"\u00c1uren Cosm\u00e9tica\"},\"image\":{\"@id\":\"https:\/\/aurencosmetica.com\/#\/schema\/logo\/image\/\"}}]}<\/script>\n<!-- \/ Yoast SEO plugin. -->","yoast_head_json":{"title":"KIT AMA-T CUIDADO FACIAL DURAZNO - \u00c1uren Cosm\u00e9tica","description":"Kit Ama-T Durazno & Palmarosa: ritual facial para pieles secas, maduras o delicadas. Limpia, tonifica, nutre y regenera con f\u00f3rmulas bot\u00e1nicas. Ideal para yoga facial y amor propio diario.","robots":{"index":"index","follow":"follow","max-snippet":"max-snippet:-1","max-image-preview":"max-image-preview:large","max-video-preview":"max-video-preview:-1"},"canonical":"https:\/\/aurencosmetica.com\/en\/product\/kit-ama-t-cuidado-facial-durazno\/","og_locale":"en_US","og_type":"article","og_title":"KIT AMA-T CUIDADO FACIAL DURAZNO - \u00c1uren Cosm\u00e9tica","og_description":"Kit Ama-T Durazno & Palmarosa: ritual facial para pieles secas, maduras o delicadas. Limpia, tonifica, nutre y regenera con f\u00f3rmulas bot\u00e1nicas. Ideal para yoga facial y amor propio diario.","og_url":"https:\/\/aurencosmetica.com\/en\/product\/kit-ama-t-cuidado-facial-durazno\/","og_site_name":"\u00c1uren Cosm\u00e9tica","article_modified_time":"2026-01-03T21:13:41+00:00","og_image":[{"width":1024,"height":1024,"url":"https:\/\/aurencosmetica.com\/wp-content\/uploads\/2025\/07\/kit-5.jpg","type":"image\/jpeg"}],"twitter_card":"summary_large_image","twitter_misc":{"Est. reading time":"2 minutes"},"schema":{"@context":"https:\/\/schema.org","@graph":[{"@type":"WebPage","@id":"https:\/\/aurencosmetica.com\/product\/kit-ama-t-cuidado-facial-durazno\/","url":"https:\/\/aurencosmetica.com\/product\/kit-ama-t-cuidado-facial-durazno\/","name":"KIT AMA-T CUIDADO FACIAL DURAZNO - \u00c1uren Cosm\u00e9tica","isPartOf":{"@id":"https:\/\/aurencosmetica.com\/#website"},"primaryImageOfPage":{"@id":"https:\/\/aurencosmetica.com\/product\/kit-ama-t-cuidado-facial-durazno\/#primaryimage"},"image":{"@id":"https:\/\/aurencosmetica.com\/product\/kit-ama-t-cuidado-facial-durazno\/#primaryimage"},"thumbnailUrl":"https:\/\/i0.wp.com\/aurencosmetica.com\/wp-content\/uploads\/2025\/07\/kit-5.jpg?fit=1024%2C1024&ssl=1","datePublished":"2025-07-04T17:26:58+00:00","dateModified":"2026-01-03T21:13:41+00:00","description":"Kit Ama-T Durazno & Palmarosa: ritual facial para pieles secas, maduras o delicadas. Limpia, tonifica, nutre y regenera con f\u00f3rmulas bot\u00e1nicas. Ideal para yoga facial y amor propio diario.","breadcrumb":{"@id":"https:\/\/aurencosmetica.com\/product\/kit-ama-t-cuidado-facial-durazno\/#breadcrumb"},"inLanguage":"en-US","potentialAction":[{"@type":"ReadAction","target":["https:\/\/aurencosmetica.com\/product\/kit-ama-t-cuidado-facial-durazno\/"]}]},{"@type":"ImageObject","inLanguage":"en-US","@id":"https:\/\/aurencosmetica.com\/product\/kit-ama-t-cuidado-facial-durazno\/#primaryimage","url":"https:\/\/i0.wp.com\/aurencosmetica.com\/wp-content\/uploads\/2025\/07\/kit-5.jpg?fit=1024%2C1024&ssl=1","contentUrl":"https:\/\/i0.wp.com\/aurencosmetica.com\/wp-content\/uploads\/2025\/07\/kit-5.jpg?fit=1024%2C1024&ssl=1","width":1024,"height":1024},{"@type":"BreadcrumbList","@id":"https:\/\/aurencosmetica.com\/product\/kit-ama-t-cuidado-facial-durazno\/#breadcrumb","itemListElement":[{"@type":"ListItem","position":1,"name":"Portada","item":"https:\/\/aurencosmetica.com\/"},{"@type":"ListItem","position":2,"name":"Tienda","item":"https:\/\/aurencosmetica.com\/tienda\/"},{"@type":"ListItem","position":3,"name":"KIT AMA-T CUIDADO FACIAL DURAZNO"}]},{"@type":"WebSite","@id":"https:\/\/aurencosmetica.com\/#website","url":"https:\/\/aurencosmetica.com\/","name":"\u00c1uren Cosm\u00e9tica","description":"Cosm\u00e9tica Natural","publisher":{"@id":"https:\/\/aurencosmetica.com\/#organization"},"potentialAction":[{"@type":"SearchAction","target":{"@type":"EntryPoint","urlTemplate":"https:\/\/aurencosmetica.com\/?s={search_term_string}"},"query-input":{"@type":"PropertyValueSpecification","valueRequired":true,"valueName":"search_term_string"}}],"inLanguage":"en-US"},{"@type":"Organization","@id":"https:\/\/aurencosmetica.com\/#organization","name":"\u00c1uren Cosm\u00e9tica","url":"https:\/\/aurencosmetica.com\/","logo":{"@type":"ImageObject","inLanguage":"en-US","@id":"https:\/\/aurencosmetica.com\/#\/schema\/logo\/image\/","url":"https:\/\/i0.wp.com\/aurencosmetica.com\/wp-content\/uploads\/2022\/02\/Logo-Auren.png?fit=1043%2C423&ssl=1","contentUrl":"https:\/\/i0.wp.com\/aurencosmetica.com\/wp-content\/uploads\/2022\/02\/Logo-Auren.png?fit=1043%2C423&ssl=1","width":1043,"height":423,"caption":"\u00c1uren Cosm\u00e9tica"},"image":{"@id":"https:\/\/aurencosmetica.com\/#\/schema\/logo\/image\/"}}]}},"jetpack_publicize_connections":[],"jetpack_sharing_enabled":true,"_links":{"self":[{"href":"https:\/\/aurencosmetica.com\/en\/wp-json\/wp\/v2\/product\/8809","targetHints":{"allow":["GET"]}}],"collection":[{"href":"https:\/\/aurencosmetica.com\/en\/wp-json\/wp\/v2\/product"}],"about":[{"href":"https:\/\/aurencosmetica.com\/en\/wp-json\/wp\/v2\/types\/product"}],"replies":[{"embeddable":true,"href":"https:\/\/aurencosmetica.com\/en\/wp-json\/wp\/v2\/comments?post=8809"}],"wp:featuredmedia":[{"embeddable":true,"href":"https:\/\/aurencosmetica.com\/en\/wp-json\/wp\/v2\/media\/8772"}],"wp:attachment":[{"href":"https:\/\/aurencosmetica.com\/en\/wp-json\/wp\/v2\/media?parent=8809"}],"wp:term":[{"taxonomy":"product_brand","embeddable":true,"href":"https:\/\/aurencosmetica.com\/en\/wp-json\/wp\/v2\/product_brand?post=8809"},{"taxonomy":"product_cat","embeddable":true,"href":"https:\/\/aurencosmetica.com\/en\/wp-json\/wp\/v2\/product_cat?post=8809"},{"taxonomy":"product_tag","embeddable":true,"href":"https:\/\/aurencosmetica.com\/en\/wp-json\/wp\/v2\/product_tag?post=8809"}],"curies":[{"name":"wp","href":"https:\/\/api.w.org\/{rel}","templated":true}]}}