{"id":8765,"date":"2025-07-03T17:00:45","date_gmt":"2025-07-03T17:00:45","guid":{"rendered":"https:\/\/aurencosmetica.com\/?post_type=product&#038;p=8765"},"modified":"2025-08-25T13:15:05","modified_gmt":"2025-08-25T13:15:05","slug":"taller-belleza-desde-el-origen","status":"publish","type":"product","link":"https:\/\/aurencosmetica.com\/en\/product\/taller-belleza-desde-el-origen\/","title":{"rendered":"TALLER \u00abBelleza desde el Origen\u00bb"},"content":{"rendered":"<p>Este no es solo un taller de cosm\u00e9tica natural\u2026 <strong data-start=\"1286\" data-end=\"1349\">Es un ritual de reconexi\u00f3n con tu esencia, desde el origen.<\/strong><\/p>\n<p>\u00a1Reserva tu Lugar y Despierta tu Belleza natural!\u00bb<\/p>\n<ul>\n<li data-start=\"1031\" data-end=\"1057\"><strong>Descripci\u00f3n<\/strong>: Se ense\u00f1a a las participantes a crear un s\u00e9rum facial nutritivo con aceites vegetales y esenciales, adaptado a<br \/>\nsu tipo de piel.<\/li>\n<li data-start=\"1031\" data-end=\"1057\"><strong>Productos de \u00e1uren<\/strong>: \ud83e\uddea Productos \u00e1uren Protagonistas:<br \/>\nOleo de semilla de maracuy\u00e1 o durazno<br \/>\nAceite de Guayaba<br \/>\nAceite esencial de Mezcla floral<\/li>\n<li data-start=\"1533\" data-end=\"1697\">\n<p data-start=\"1535\" data-end=\"1697\"><strong data-start=\"1535\" data-end=\"1554\">Taller pr\u00e1ctico<\/strong>: Guiado paso a paso, Introducci\u00f3n al autocuidado facial consciente. Importancia de usar ingredientes limpios en el rostro.<\/p>\n<\/li>\n<li data-start=\"1699\" data-end=\"1867\">\n<p data-start=\"1701\" data-end=\"1867\"><strong>Herramienta<\/strong>: mapa de reflexologia facial, referencia de puntos energeticos, mexcladores y materias primas adicionales para crear tu serum.<\/p>\n<\/li>\n<li data-start=\"1699\" data-end=\"1867\">\n<p data-start=\"1701\" data-end=\"1867\"><strong>Presentaci\u00f3n del concepto<\/strong>: \u00bfQu\u00e9 es un s\u00e9rum y por qu\u00e9 usarlo? Explicaci\u00f3n sencilla de su funci\u00f3n y beneficios<\/p>\n<\/li>\n<\/ul>\n<p data-start=\"1869\" data-end=\"1896\"><strong data-start=\"1869\" data-end=\"1895\">Beneficios adicionales<\/strong>:<\/p>\n<ul data-start=\"1897\" data-end=\"2161\">\n<li data-start=\"1897\" data-end=\"2040\"><strong data-start=\"1899\" data-end=\"1918\">Mapa de Puntos energeticos <\/strong>: Un recurso visual que te ayudar\u00e1 a comprender mejor c\u00f3mo activar tu energ\u00eda y activar la piel.<\/li>\n<li data-start=\"2041\" data-end=\"2161\"><strong data-start=\"2043\" data-end=\"2063\">Regalos Sorpresa<\/strong>: Otros peque\u00f1os detalles y sorpresas que acompa\u00f1ar\u00e1n tu experiencia, haci\u00e9ndola a\u00fan m\u00e1s especial.<\/li>\n<\/ul>\n<p data-start=\"2163\" data-end=\"2359\">Este taller no solo te ense\u00f1a a crear productos naturales, sino que tambi\u00e9n te gu\u00eda en un viaje de autodescubrimiento y equilibrio emocional. \u00a1Reserva ahora y vive esta experiencia transformadora!<\/p>","protected":false},"excerpt":{"rendered":"<p data-start=\"0\" data-end=\"27\"><strong data-start=\"0\" data-end=\"27\">Descripci\u00f3n del Taller:<\/strong><\/p>\n<h3 data-start=\"237\" data-end=\"293\">\ud83d\udca7\u2728 <strong data-start=\"245\" data-end=\"291\">Taller Vivencial \u2013 Belleza desde el Origen<\/strong><\/h3>\n<p data-start=\"294\" data-end=\"378\"><strong data-start=\"294\" data-end=\"378\">Haz tu s\u00e9rum facial con aceites naturales y redescubre el ritual del autocuidado<\/strong><\/p>\n<p data-start=\"380\" data-end=\"514\">\u00bfY si te dij\u00e9ramos que puedes crear tu propio elixir facial con ingredientes naturales, puros y profundamente nutritivos para tu piel?<\/p>\n<p data-start=\"516\" data-end=\"921\">En este taller sensorial y personalizado te ense\u00f1amos a preparar tu <strong data-start=\"584\" data-end=\"610\">s\u00e9rum nutritivo facial<\/strong> a base de aceites vegetales y esenciales, cuidadosamente seleccionados por Auren Cosm\u00e9tica:<br data-start=\"702\" data-end=\"705\" \/>\ud83c\udf3f <strong data-start=\"708\" data-end=\"730\">Aceite de Maracuy\u00e1 o Durazno<\/strong>, regenerador y ligero<br data-start=\"752\" data-end=\"755\" \/>\ud83c\udf53 <strong data-start=\"804\" data-end=\"827\">Aceite de guayaba<\/strong>, fuente de vitamina C<br data-start=\"849\" data-end=\"852\" \/>\ud83c\udf38 <strong data-start=\"855\" data-end=\"878\">Aceite esencial Mezcla foral <\/strong>, para equilibrar tu piel y tus emociones<\/p>\n<p data-start=\"923\" data-end=\"1234\">\ud83c\udf3c Te guiaremos paso a paso para que reconozcas las necesidades de tu piel, elijas tus ingredientes y elabores una f\u00f3rmula que te devuelva luminosidad, suavidad y vitalidad desde el primer uso.<br data-start=\"1116\" data-end=\"1119\" \/>\ud83d\udc86\u200d\u2640\ufe0f Finalizaremos con una breve rutina de <strong data-start=\"1163\" data-end=\"1189\">yoga facial consciente<\/strong>, para activar tu s\u00e9rum y reconectar contigo.<\/p>\n<p data-start=\"1236\" data-end=\"1349\">Este no es solo un taller de cosm\u00e9tica natural\u2026<br data-start=\"1283\" data-end=\"1286\" \/><strong data-start=\"1286\" data-end=\"1349\">Es un ritual de reconexi\u00f3n con tu esencia, desde el origen.<\/strong><\/p>","protected":false},"featured_media":8942,"comment_status":"open","ping_status":"closed","template":"","meta":{"content-type":"","_joinchat":{"telephone":"+573102224752","message_text":"No esperes m\u00e1s para transformar tu energ\u00eda! \u00a1CUPOS LIMITADOS ! asegura tu lugar . Crea tu propio serum con aceites naturales y elevas tu bienestar. \u00a1Reserva ahora y comienza tu viaje hacia un equilibrio total","message_send":"Inscribete Ahora!!!!"},"jetpack_publicize_message":"","jetpack_publicize_feature_enabled":true,"jetpack_social_post_already_shared":true,"jetpack_social_options":{"image_generator_settings":{"template":"highway","default_image_id":0,"enabled":false},"version":2}},"product_brand":[],"product_cat":[70,191,140,82,141,428],"product_tag":[],"class_list":{"0":"post-8765","1":"product","2":"type-product","3":"status-publish","4":"has-post-thumbnail","6":"product_cat-aceites-esenciales","7":"product_cat-cuidado-de-labios","8":"product_cat-cuidado-facial","9":"product_cat-florales","10":"product_cat-rostro","11":"product_cat-talleres-y-capacitaciones","13":"first","14":"outofstock","15":"virtual","16":"purchasable","17":"product-type-simple"},"yoast_head":"<!-- This site is optimized with the Yoast SEO plugin v25.7 - https:\/\/yoast.com\/wordpress\/plugins\/seo\/ -->\n<title>TALLER &quot;Belleza desde el Origen&quot; - \u00c1uren Cosm\u00e9tica<\/title>\n<meta name=\"description\" content=\"Descubre el taller \u201cBelleza desde el Origen\u201d de Auren Cosm\u00e9tica y aprende a crear tu s\u00e9rum facial nutritivo con aceites naturales como maracuy\u00e1, durazno y guayaba. Un ritual de autocuidado, bienestar y belleza consciente.\" \/>\n<meta name=\"robots\" content=\"index, follow, max-snippet:-1, max-image-preview:large, max-video-preview:-1\" \/>\n<link rel=\"canonical\" href=\"https:\/\/aurencosmetica.com\/en\/product\/taller-belleza-desde-el-origen\/\" \/>\n<meta property=\"og:locale\" content=\"en_US\" \/>\n<meta property=\"og:type\" content=\"article\" \/>\n<meta property=\"og:title\" content=\"TALLER &quot;Belleza desde el Origen&quot; - \u00c1uren Cosm\u00e9tica\" \/>\n<meta property=\"og:description\" content=\"Descubre el taller \u201cBelleza desde el Origen\u201d de Auren Cosm\u00e9tica y aprende a crear tu s\u00e9rum facial nutritivo con aceites naturales como maracuy\u00e1, durazno y guayaba. Un ritual de autocuidado, bienestar y belleza consciente.\" \/>\n<meta property=\"og:url\" content=\"https:\/\/aurencosmetica.com\/en\/product\/taller-belleza-desde-el-origen\/\" \/>\n<meta property=\"og:site_name\" content=\"\u00c1uren Cosm\u00e9tica\" \/>\n<meta property=\"article:modified_time\" content=\"2025-08-25T13:15:05+00:00\" \/>\n<meta property=\"og:image\" content=\"https:\/\/aurencosmetica.com\/wp-content\/uploads\/2025\/07\/cartel-taller-belleza-desde-el-origen-1.jpg\" \/>\n\t<meta property=\"og:image:width\" content=\"1080\" \/>\n\t<meta property=\"og:image:height\" content=\"1080\" \/>\n\t<meta property=\"og:image:type\" content=\"image\/jpeg\" \/>\n<meta name=\"twitter:card\" content=\"summary_large_image\" \/>\n<meta name=\"twitter:label1\" content=\"Est. reading time\" \/>\n\t<meta name=\"twitter:data1\" content=\"2 minutes\" \/>\n<script type=\"application\/ld+json\" class=\"yoast-schema-graph\">{\"@context\":\"https:\/\/schema.org\",\"@graph\":[{\"@type\":\"WebPage\",\"@id\":\"https:\/\/aurencosmetica.com\/product\/taller-belleza-desde-el-origen\/\",\"url\":\"https:\/\/aurencosmetica.com\/product\/taller-belleza-desde-el-origen\/\",\"name\":\"TALLER \\\"Belleza desde el Origen\\\" - \u00c1uren Cosm\u00e9tica\",\"isPartOf\":{\"@id\":\"https:\/\/aurencosmetica.com\/#website\"},\"primaryImageOfPage\":{\"@id\":\"https:\/\/aurencosmetica.com\/product\/taller-belleza-desde-el-origen\/#primaryimage\"},\"image\":{\"@id\":\"https:\/\/aurencosmetica.com\/product\/taller-belleza-desde-el-origen\/#primaryimage\"},\"thumbnailUrl\":\"https:\/\/i0.wp.com\/aurencosmetica.com\/wp-content\/uploads\/2025\/07\/cartel-taller-belleza-desde-el-origen-1.jpg?fit=1080%2C1080&ssl=1\",\"datePublished\":\"2025-07-03T17:00:45+00:00\",\"dateModified\":\"2025-08-25T13:15:05+00:00\",\"description\":\"Descubre el taller \u201cBelleza desde el Origen\u201d de Auren Cosm\u00e9tica y aprende a crear tu s\u00e9rum facial nutritivo con aceites naturales como maracuy\u00e1, durazno y guayaba. Un ritual de autocuidado, bienestar y belleza consciente.\",\"breadcrumb\":{\"@id\":\"https:\/\/aurencosmetica.com\/product\/taller-belleza-desde-el-origen\/#breadcrumb\"},\"inLanguage\":\"en-US\",\"potentialAction\":[{\"@type\":\"ReadAction\",\"target\":[\"https:\/\/aurencosmetica.com\/product\/taller-belleza-desde-el-origen\/\"]}]},{\"@type\":\"ImageObject\",\"inLanguage\":\"en-US\",\"@id\":\"https:\/\/aurencosmetica.com\/product\/taller-belleza-desde-el-origen\/#primaryimage\",\"url\":\"https:\/\/i0.wp.com\/aurencosmetica.com\/wp-content\/uploads\/2025\/07\/cartel-taller-belleza-desde-el-origen-1.jpg?fit=1080%2C1080&ssl=1\",\"contentUrl\":\"https:\/\/i0.wp.com\/aurencosmetica.com\/wp-content\/uploads\/2025\/07\/cartel-taller-belleza-desde-el-origen-1.jpg?fit=1080%2C1080&ssl=1\",\"width\":1080,\"height\":1080},{\"@type\":\"BreadcrumbList\",\"@id\":\"https:\/\/aurencosmetica.com\/product\/taller-belleza-desde-el-origen\/#breadcrumb\",\"itemListElement\":[{\"@type\":\"ListItem\",\"position\":1,\"name\":\"Portada\",\"item\":\"https:\/\/aurencosmetica.com\/\"},{\"@type\":\"ListItem\",\"position\":2,\"name\":\"Tienda\",\"item\":\"https:\/\/aurencosmetica.com\/tienda\/\"},{\"@type\":\"ListItem\",\"position\":3,\"name\":\"TALLER \u00abBelleza desde el Origen\u00bb\"}]},{\"@type\":\"WebSite\",\"@id\":\"https:\/\/aurencosmetica.com\/#website\",\"url\":\"https:\/\/aurencosmetica.com\/\",\"name\":\"\u00c1uren Cosm\u00e9tica\",\"description\":\"Cosm\u00e9tica Natural\",\"publisher\":{\"@id\":\"https:\/\/aurencosmetica.com\/#organization\"},\"potentialAction\":[{\"@type\":\"SearchAction\",\"target\":{\"@type\":\"EntryPoint\",\"urlTemplate\":\"https:\/\/aurencosmetica.com\/?s={search_term_string}\"},\"query-input\":{\"@type\":\"PropertyValueSpecification\",\"valueRequired\":true,\"valueName\":\"search_term_string\"}}],\"inLanguage\":\"en-US\"},{\"@type\":\"Organization\",\"@id\":\"https:\/\/aurencosmetica.com\/#organization\",\"name\":\"\u00c1uren Cosm\u00e9tica\",\"url\":\"https:\/\/aurencosmetica.com\/\",\"logo\":{\"@type\":\"ImageObject\",\"inLanguage\":\"en-US\",\"@id\":\"https:\/\/aurencosmetica.com\/#\/schema\/logo\/image\/\",\"url\":\"https:\/\/i0.wp.com\/aurencosmetica.com\/wp-content\/uploads\/2022\/02\/Logo-Auren.png?fit=1043%2C423&ssl=1\",\"contentUrl\":\"https:\/\/i0.wp.com\/aurencosmetica.com\/wp-content\/uploads\/2022\/02\/Logo-Auren.png?fit=1043%2C423&ssl=1\",\"width\":1043,\"height\":423,\"caption\":\"\u00c1uren Cosm\u00e9tica\"},\"image\":{\"@id\":\"https:\/\/aurencosmetica.com\/#\/schema\/logo\/image\/\"}}]}<\/script>\n<!-- \/ Yoast SEO plugin. -->","yoast_head_json":{"title":"TALLER \"Belleza desde el Origen\" - \u00c1uren Cosm\u00e9tica","description":"Descubre el taller \u201cBelleza desde el Origen\u201d de Auren Cosm\u00e9tica y aprende a crear tu s\u00e9rum facial nutritivo con aceites naturales como maracuy\u00e1, durazno y guayaba. Un ritual de autocuidado, bienestar y belleza consciente.","robots":{"index":"index","follow":"follow","max-snippet":"max-snippet:-1","max-image-preview":"max-image-preview:large","max-video-preview":"max-video-preview:-1"},"canonical":"https:\/\/aurencosmetica.com\/en\/product\/taller-belleza-desde-el-origen\/","og_locale":"en_US","og_type":"article","og_title":"TALLER \"Belleza desde el Origen\" - \u00c1uren Cosm\u00e9tica","og_description":"Descubre el taller \u201cBelleza desde el Origen\u201d de Auren Cosm\u00e9tica y aprende a crear tu s\u00e9rum facial nutritivo con aceites naturales como maracuy\u00e1, durazno y guayaba. Un ritual de autocuidado, bienestar y belleza consciente.","og_url":"https:\/\/aurencosmetica.com\/en\/product\/taller-belleza-desde-el-origen\/","og_site_name":"\u00c1uren Cosm\u00e9tica","article_modified_time":"2025-08-25T13:15:05+00:00","og_image":[{"width":1080,"height":1080,"url":"https:\/\/aurencosmetica.com\/wp-content\/uploads\/2025\/07\/cartel-taller-belleza-desde-el-origen-1.jpg","type":"image\/jpeg"}],"twitter_card":"summary_large_image","twitter_misc":{"Est. reading time":"2 minutes"},"schema":{"@context":"https:\/\/schema.org","@graph":[{"@type":"WebPage","@id":"https:\/\/aurencosmetica.com\/product\/taller-belleza-desde-el-origen\/","url":"https:\/\/aurencosmetica.com\/product\/taller-belleza-desde-el-origen\/","name":"TALLER \"Belleza desde el Origen\" - \u00c1uren Cosm\u00e9tica","isPartOf":{"@id":"https:\/\/aurencosmetica.com\/#website"},"primaryImageOfPage":{"@id":"https:\/\/aurencosmetica.com\/product\/taller-belleza-desde-el-origen\/#primaryimage"},"image":{"@id":"https:\/\/aurencosmetica.com\/product\/taller-belleza-desde-el-origen\/#primaryimage"},"thumbnailUrl":"https:\/\/i0.wp.com\/aurencosmetica.com\/wp-content\/uploads\/2025\/07\/cartel-taller-belleza-desde-el-origen-1.jpg?fit=1080%2C1080&ssl=1","datePublished":"2025-07-03T17:00:45+00:00","dateModified":"2025-08-25T13:15:05+00:00","description":"Descubre el taller \u201cBelleza desde el Origen\u201d de Auren Cosm\u00e9tica y aprende a crear tu s\u00e9rum facial nutritivo con aceites naturales como maracuy\u00e1, durazno y guayaba. Un ritual de autocuidado, bienestar y belleza consciente.","breadcrumb":{"@id":"https:\/\/aurencosmetica.com\/product\/taller-belleza-desde-el-origen\/#breadcrumb"},"inLanguage":"en-US","potentialAction":[{"@type":"ReadAction","target":["https:\/\/aurencosmetica.com\/product\/taller-belleza-desde-el-origen\/"]}]},{"@type":"ImageObject","inLanguage":"en-US","@id":"https:\/\/aurencosmetica.com\/product\/taller-belleza-desde-el-origen\/#primaryimage","url":"https:\/\/i0.wp.com\/aurencosmetica.com\/wp-content\/uploads\/2025\/07\/cartel-taller-belleza-desde-el-origen-1.jpg?fit=1080%2C1080&ssl=1","contentUrl":"https:\/\/i0.wp.com\/aurencosmetica.com\/wp-content\/uploads\/2025\/07\/cartel-taller-belleza-desde-el-origen-1.jpg?fit=1080%2C1080&ssl=1","width":1080,"height":1080},{"@type":"BreadcrumbList","@id":"https:\/\/aurencosmetica.com\/product\/taller-belleza-desde-el-origen\/#breadcrumb","itemListElement":[{"@type":"ListItem","position":1,"name":"Portada","item":"https:\/\/aurencosmetica.com\/"},{"@type":"ListItem","position":2,"name":"Tienda","item":"https:\/\/aurencosmetica.com\/tienda\/"},{"@type":"ListItem","position":3,"name":"TALLER \u00abBelleza desde el Origen\u00bb"}]},{"@type":"WebSite","@id":"https:\/\/aurencosmetica.com\/#website","url":"https:\/\/aurencosmetica.com\/","name":"\u00c1uren Cosm\u00e9tica","description":"Cosm\u00e9tica Natural","publisher":{"@id":"https:\/\/aurencosmetica.com\/#organization"},"potentialAction":[{"@type":"SearchAction","target":{"@type":"EntryPoint","urlTemplate":"https:\/\/aurencosmetica.com\/?s={search_term_string}"},"query-input":{"@type":"PropertyValueSpecification","valueRequired":true,"valueName":"search_term_string"}}],"inLanguage":"en-US"},{"@type":"Organization","@id":"https:\/\/aurencosmetica.com\/#organization","name":"\u00c1uren Cosm\u00e9tica","url":"https:\/\/aurencosmetica.com\/","logo":{"@type":"ImageObject","inLanguage":"en-US","@id":"https:\/\/aurencosmetica.com\/#\/schema\/logo\/image\/","url":"https:\/\/i0.wp.com\/aurencosmetica.com\/wp-content\/uploads\/2022\/02\/Logo-Auren.png?fit=1043%2C423&ssl=1","contentUrl":"https:\/\/i0.wp.com\/aurencosmetica.com\/wp-content\/uploads\/2022\/02\/Logo-Auren.png?fit=1043%2C423&ssl=1","width":1043,"height":423,"caption":"\u00c1uren Cosm\u00e9tica"},"image":{"@id":"https:\/\/aurencosmetica.com\/#\/schema\/logo\/image\/"}}]}},"jetpack_publicize_connections":[],"jetpack_sharing_enabled":true,"_links":{"self":[{"href":"https:\/\/aurencosmetica.com\/en\/wp-json\/wp\/v2\/product\/8765","targetHints":{"allow":["GET"]}}],"collection":[{"href":"https:\/\/aurencosmetica.com\/en\/wp-json\/wp\/v2\/product"}],"about":[{"href":"https:\/\/aurencosmetica.com\/en\/wp-json\/wp\/v2\/types\/product"}],"replies":[{"embeddable":true,"href":"https:\/\/aurencosmetica.com\/en\/wp-json\/wp\/v2\/comments?post=8765"}],"wp:featuredmedia":[{"embeddable":true,"href":"https:\/\/aurencosmetica.com\/en\/wp-json\/wp\/v2\/media\/8942"}],"wp:attachment":[{"href":"https:\/\/aurencosmetica.com\/en\/wp-json\/wp\/v2\/media?parent=8765"}],"wp:term":[{"taxonomy":"product_brand","embeddable":true,"href":"https:\/\/aurencosmetica.com\/en\/wp-json\/wp\/v2\/product_brand?post=8765"},{"taxonomy":"product_cat","embeddable":true,"href":"https:\/\/aurencosmetica.com\/en\/wp-json\/wp\/v2\/product_cat?post=8765"},{"taxonomy":"product_tag","embeddable":true,"href":"https:\/\/aurencosmetica.com\/en\/wp-json\/wp\/v2\/product_tag?post=8765"}],"curies":[{"name":"wp","href":"https:\/\/api.w.org\/{rel}","templated":true}]}}