{"id":8602,"date":"2025-03-13T15:47:42","date_gmt":"2025-03-13T15:47:42","guid":{"rendered":"https:\/\/aurencosmetica.com\/?post_type=product&#038;p=8602"},"modified":"2025-09-25T05:14:38","modified_gmt":"2025-09-25T05:14:38","slug":"taller-aromaterapia-crea-tu-perfume-energizante","status":"publish","type":"product","link":"https:\/\/aurencosmetica.com\/en\/product\/taller-aromaterapia-crea-tu-perfume-energizante\/","title":{"rendered":"TALLER AROMATERAPIA    \u00abCrea Tu Perfume Energizante\u00bb"},"content":{"rendered":"<p>\u00abTransforma tu Energ\u00eda: Crea un Perfume \u00danico que <strong>Equilibre tu Aura y Alinee tus Chakras<\/strong><\/p>\n<p>\u00a1Reserva tu Lugar y Despierta tu Bienestar!\u00bb<\/p>\n<ul data-start=\"493\" data-end=\"1867\">\n<li data-start=\"1029\" data-end=\"1532\">\n<p data-start=\"1031\" data-end=\"1057\"><strong data-start=\"1031\" data-end=\"1055\">Charla Introductoria<\/strong>:<\/p>\n<ul data-start=\"1060\" data-end=\"1532\">\n<li data-start=\"1060\" data-end=\"1223\"><strong data-start=\"1062\" data-end=\"1113\">Introducci\u00f3n al mundo de los aceites esenciales<\/strong>: Comprende los beneficios de estos aceites y c\u00f3mo impactan positivamente en la energ\u00eda del cuerpo y la mente.<\/li>\n<li data-start=\"1226\" data-end=\"1394\"><strong data-start=\"1228\" data-end=\"1268\">Fundamentos de la perfumer\u00eda natural<\/strong>: Descubre los secretos de la perfumer\u00eda y c\u00f3mo seleccionar y mezclar aceites esenciales para crear fragancias personalizadas.<\/li>\n<li data-start=\"1397\" data-end=\"1529\"><strong data-start=\"1399\" data-end=\"1428\">Composici\u00f3n de un perfume<\/strong>: Aprende c\u00f3mo estructurar un perfume utilizando las tres notas principales: salida, coraz\u00f3n y fondo.<\/li>\n<\/ul>\n<\/li>\n<li data-start=\"1533\" data-end=\"1697\">\n<p data-start=\"1535\" data-end=\"1697\"><strong data-start=\"1535\" data-end=\"1554\">Taller pr\u00e1ctico<\/strong>: Guiado paso a paso, crear\u00e1s tu propio perfume y tu primer aceite arom\u00e1tico que podr\u00e1s usar para alinear tus chakras y potenciar tu bienestar.<\/p>\n<\/li>\n<li data-start=\"1699\" data-end=\"1867\">\n<p data-start=\"1701\" data-end=\"1867\"><strong data-start=\"1701\" data-end=\"1738\">Cierre y Consejos de Conservaci\u00f3n<\/strong>: Consejos pr\u00e1cticos para preservar y ajustar tu perfume y aceites esenciales para que disfrutes de sus beneficios a largo plazo.<\/p>\n<\/li>\n<\/ul>\n<p data-start=\"1869\" data-end=\"1896\"><strong data-start=\"1869\" data-end=\"1895\">Beneficios adicionales<\/strong>:<\/p>\n<ul data-start=\"1897\" data-end=\"2161\">\n<li data-start=\"1897\" data-end=\"2040\"><strong data-start=\"1899\" data-end=\"1918\">Mapa de Chakras<\/strong>: Un recurso visual que te ayudar\u00e1 a comprender mejor c\u00f3mo equilibrar tu energ\u00eda y alinear tus chakras de manera efectiva.<\/li>\n<li data-start=\"2041\" data-end=\"2161\"><strong data-start=\"2043\" data-end=\"2063\">Regalos Sorpresa<\/strong>: Otros peque\u00f1os detalles y sorpresas que acompa\u00f1ar\u00e1n tu experiencia, haci\u00e9ndola a\u00fan m\u00e1s especial.<\/li>\n<\/ul>\n<p data-start=\"2163\" data-end=\"2359\">Este taller no solo te ense\u00f1a a crear productos naturales, sino que tambi\u00e9n te gu\u00eda en un viaje de autodescubrimiento y equilibrio emocional. \u00a1Reserva ahora y vive esta experiencia transformadora!<\/p>","protected":false},"excerpt":{"rendered":"<p data-start=\"0\" data-end=\"27\"><strong data-start=\"0\" data-end=\"27\">Descripci\u00f3n del Taller:<\/strong><\/p>\n<p data-start=\"29\" data-end=\"122\"><strong data-start=\"29\" data-end=\"122\">\u00abTransforma tu Energ\u00eda: Crea un Perfume \u00danico que Equilibre tu Aura y Alinee tus Chakras\u00bb<\/strong><\/p>\n<p data-start=\"124\" data-end=\"458\">Este taller exclusivo est\u00e1 dise\u00f1ado para que despiertes tu poder interior, eleves tu autoestima y confianza a trav\u00e9s de la creaci\u00f3n de perfumes y aceites esenciales. Aprende a hacer tus propias fragancias y aceites arom\u00e1ticos mientras equilibras tu energ\u00eda, limpias tu aura y alineas tus chakras con los beneficios de la aromaterapia.<\/p>\n<p data-start=\"460\" data-end=\"491\"><strong data-start=\"460\" data-end=\"491\">Qu\u00e9 incluye tu experiencia:<\/strong><\/p>\n<ul data-start=\"493\" data-end=\"1867\">\n<li data-start=\"493\" data-end=\"754\">\n<p data-start=\"495\" data-end=\"754\"><strong data-start=\"495\" data-end=\"514\">Ebook Exclusivo<\/strong>: \u00abAromaterapia para la Autoestima y la Confianza en Uno Mismo\u00bb \u2013 Un recurso digital que recibir\u00e1s al momento de inscribirte y realizar el pago, lleno de herramientas para elevar tu bienestar emocional y energ\u00e9tico mediante la aromaterapia.<\/p>\n<\/li>\n<li data-start=\"758\" data-end=\"1027\">\n<p data-start=\"760\" data-end=\"1027\"><strong data-start=\"760\" data-end=\"791\">Kit Completo de Elaboraci\u00f3n<\/strong>: Recibir\u00e1s un kit con aceites esenciales seleccionados, materiales vegetales, alcohol, aceite base y otros elementos necesarios para crear tu propio perfume equilibrante y aceite arom\u00e1tico, todo proporcionado para ti durante el taller.<\/p>\n<\/li>\n<\/ul>","protected":false},"featured_media":8709,"comment_status":"open","ping_status":"closed","template":"","meta":{"content-type":"","_joinchat":{"telephone":"+573102224752","message_text":"No esperes m\u00e1s para transformar tu energ\u00eda! \u00a1CUPOS LIMITADOS ! asegura tu lugar . Crea tu propio perfume y aceite arom\u00e1tico mientras alineas tus chakras y elevas tu bienestar. \u00a1Reserva ahora y comienza tu viaje hacia un equilibrio total","message_send":"Inscribete Ahora!!!!"},"jetpack_publicize_message":"","jetpack_publicize_feature_enabled":true,"jetpack_social_post_already_shared":true,"jetpack_social_options":{"image_generator_settings":{"template":"highway","default_image_id":0,"enabled":false},"version":2}},"product_brand":[],"product_cat":[70,428],"product_tag":[],"class_list":{"0":"post-8602","1":"product","2":"type-product","3":"status-publish","4":"has-post-thumbnail","6":"product_cat-aceites-esenciales","7":"product_cat-talleres-y-capacitaciones","9":"first","10":"outofstock","11":"virtual","12":"purchasable","13":"product-type-simple"},"yoast_head":"<!-- This site is optimized with the Yoast SEO plugin v25.7 - https:\/\/yoast.com\/wordpress\/plugins\/seo\/ -->\n<title>TALLER AROMATERAPIA  &quot;Crea Tu Perfume Energizante&quot; - \u00c1uren Cosm\u00e9tica<\/title>\n<meta name=\"description\" content=\"Descubre el poder de los aceites esenciales en nuestro taller &#039;Transforma tu Energ\u00eda&#039;. Aprende a crear tu propio perfume y aceite arom\u00e1tico mientras equilibras tu aura y alineas tus chakras. Incluye ebook exclusivo, kit completo de materiales y m\u00e1s. \u00a1Reserva tu lugar y despierta tu bienestar!\" \/>\n<meta name=\"robots\" content=\"index, follow, max-snippet:-1, max-image-preview:large, max-video-preview:-1\" \/>\n<link rel=\"canonical\" href=\"https:\/\/aurencosmetica.com\/en\/product\/taller-aromaterapia-crea-tu-perfume-energizante\/\" \/>\n<meta property=\"og:locale\" content=\"en_US\" \/>\n<meta property=\"og:type\" content=\"article\" \/>\n<meta property=\"og:title\" content=\"TALLER AROMATERAPIA  &quot;Crea Tu Perfume Energizante&quot; - \u00c1uren Cosm\u00e9tica\" \/>\n<meta property=\"og:description\" content=\"Descubre el poder de los aceites esenciales en nuestro taller &#039;Transforma tu Energ\u00eda&#039;. Aprende a crear tu propio perfume y aceite arom\u00e1tico mientras equilibras tu aura y alineas tus chakras. Incluye ebook exclusivo, kit completo de materiales y m\u00e1s. \u00a1Reserva tu lugar y despierta tu bienestar!\" \/>\n<meta property=\"og:url\" content=\"https:\/\/aurencosmetica.com\/en\/product\/taller-aromaterapia-crea-tu-perfume-energizante\/\" \/>\n<meta property=\"og:site_name\" content=\"\u00c1uren Cosm\u00e9tica\" \/>\n<meta property=\"article:modified_time\" content=\"2025-09-25T05:14:38+00:00\" \/>\n<meta property=\"og:image\" content=\"https:\/\/aurencosmetica.com\/wp-content\/uploads\/2025\/03\/Post-Instagram-Taller-aromaterapia.png\" \/>\n\t<meta property=\"og:image:width\" content=\"1080\" \/>\n\t<meta property=\"og:image:height\" content=\"1920\" \/>\n\t<meta property=\"og:image:type\" content=\"image\/png\" \/>\n<meta name=\"twitter:card\" content=\"summary_large_image\" \/>\n<meta name=\"twitter:label1\" content=\"Est. reading time\" \/>\n\t<meta name=\"twitter:data1\" content=\"2 minutes\" \/>\n<script type=\"application\/ld+json\" class=\"yoast-schema-graph\">{\"@context\":\"https:\/\/schema.org\",\"@graph\":[{\"@type\":\"WebPage\",\"@id\":\"https:\/\/aurencosmetica.com\/product\/taller-aromaterapia-crea-tu-perfume-energizante\/\",\"url\":\"https:\/\/aurencosmetica.com\/product\/taller-aromaterapia-crea-tu-perfume-energizante\/\",\"name\":\"TALLER AROMATERAPIA \\\"Crea Tu Perfume Energizante\\\" - \u00c1uren Cosm\u00e9tica\",\"isPartOf\":{\"@id\":\"https:\/\/aurencosmetica.com\/#website\"},\"primaryImageOfPage\":{\"@id\":\"https:\/\/aurencosmetica.com\/product\/taller-aromaterapia-crea-tu-perfume-energizante\/#primaryimage\"},\"image\":{\"@id\":\"https:\/\/aurencosmetica.com\/product\/taller-aromaterapia-crea-tu-perfume-energizante\/#primaryimage\"},\"thumbnailUrl\":\"https:\/\/i0.wp.com\/aurencosmetica.com\/wp-content\/uploads\/2025\/03\/Post-Instagram-Taller-aromaterapia.png?fit=1080%2C1920&ssl=1\",\"datePublished\":\"2025-03-13T15:47:42+00:00\",\"dateModified\":\"2025-09-25T05:14:38+00:00\",\"description\":\"Descubre el poder de los aceites esenciales en nuestro taller 'Transforma tu Energ\u00eda'. Aprende a crear tu propio perfume y aceite arom\u00e1tico mientras equilibras tu aura y alineas tus chakras. Incluye ebook exclusivo, kit completo de materiales y m\u00e1s. \u00a1Reserva tu lugar y despierta tu bienestar!\",\"breadcrumb\":{\"@id\":\"https:\/\/aurencosmetica.com\/product\/taller-aromaterapia-crea-tu-perfume-energizante\/#breadcrumb\"},\"inLanguage\":\"en-US\",\"potentialAction\":[{\"@type\":\"ReadAction\",\"target\":[\"https:\/\/aurencosmetica.com\/product\/taller-aromaterapia-crea-tu-perfume-energizante\/\"]}]},{\"@type\":\"ImageObject\",\"inLanguage\":\"en-US\",\"@id\":\"https:\/\/aurencosmetica.com\/product\/taller-aromaterapia-crea-tu-perfume-energizante\/#primaryimage\",\"url\":\"https:\/\/i0.wp.com\/aurencosmetica.com\/wp-content\/uploads\/2025\/03\/Post-Instagram-Taller-aromaterapia.png?fit=1080%2C1920&ssl=1\",\"contentUrl\":\"https:\/\/i0.wp.com\/aurencosmetica.com\/wp-content\/uploads\/2025\/03\/Post-Instagram-Taller-aromaterapia.png?fit=1080%2C1920&ssl=1\",\"width\":1080,\"height\":1920},{\"@type\":\"BreadcrumbList\",\"@id\":\"https:\/\/aurencosmetica.com\/product\/taller-aromaterapia-crea-tu-perfume-energizante\/#breadcrumb\",\"itemListElement\":[{\"@type\":\"ListItem\",\"position\":1,\"name\":\"Portada\",\"item\":\"https:\/\/aurencosmetica.com\/\"},{\"@type\":\"ListItem\",\"position\":2,\"name\":\"Tienda\",\"item\":\"https:\/\/aurencosmetica.com\/tienda\/\"},{\"@type\":\"ListItem\",\"position\":3,\"name\":\"TALLER AROMATERAPIA \u00abCrea Tu Perfume Energizante\u00bb\"}]},{\"@type\":\"WebSite\",\"@id\":\"https:\/\/aurencosmetica.com\/#website\",\"url\":\"https:\/\/aurencosmetica.com\/\",\"name\":\"\u00c1uren Cosm\u00e9tica\",\"description\":\"Cosm\u00e9tica Natural\",\"publisher\":{\"@id\":\"https:\/\/aurencosmetica.com\/#organization\"},\"potentialAction\":[{\"@type\":\"SearchAction\",\"target\":{\"@type\":\"EntryPoint\",\"urlTemplate\":\"https:\/\/aurencosmetica.com\/?s={search_term_string}\"},\"query-input\":{\"@type\":\"PropertyValueSpecification\",\"valueRequired\":true,\"valueName\":\"search_term_string\"}}],\"inLanguage\":\"en-US\"},{\"@type\":\"Organization\",\"@id\":\"https:\/\/aurencosmetica.com\/#organization\",\"name\":\"\u00c1uren Cosm\u00e9tica\",\"url\":\"https:\/\/aurencosmetica.com\/\",\"logo\":{\"@type\":\"ImageObject\",\"inLanguage\":\"en-US\",\"@id\":\"https:\/\/aurencosmetica.com\/#\/schema\/logo\/image\/\",\"url\":\"https:\/\/i0.wp.com\/aurencosmetica.com\/wp-content\/uploads\/2022\/02\/Logo-Auren.png?fit=1043%2C423&ssl=1\",\"contentUrl\":\"https:\/\/i0.wp.com\/aurencosmetica.com\/wp-content\/uploads\/2022\/02\/Logo-Auren.png?fit=1043%2C423&ssl=1\",\"width\":1043,\"height\":423,\"caption\":\"\u00c1uren Cosm\u00e9tica\"},\"image\":{\"@id\":\"https:\/\/aurencosmetica.com\/#\/schema\/logo\/image\/\"}}]}<\/script>\n<!-- \/ Yoast SEO plugin. -->","yoast_head_json":{"title":"TALLER AROMATERAPIA  \"Crea Tu Perfume Energizante\" - \u00c1uren Cosm\u00e9tica","description":"Descubre el poder de los aceites esenciales en nuestro taller 'Transforma tu Energ\u00eda'. Aprende a crear tu propio perfume y aceite arom\u00e1tico mientras equilibras tu aura y alineas tus chakras. Incluye ebook exclusivo, kit completo de materiales y m\u00e1s. \u00a1Reserva tu lugar y despierta tu bienestar!","robots":{"index":"index","follow":"follow","max-snippet":"max-snippet:-1","max-image-preview":"max-image-preview:large","max-video-preview":"max-video-preview:-1"},"canonical":"https:\/\/aurencosmetica.com\/en\/product\/taller-aromaterapia-crea-tu-perfume-energizante\/","og_locale":"en_US","og_type":"article","og_title":"TALLER AROMATERAPIA  \"Crea Tu Perfume Energizante\" - \u00c1uren Cosm\u00e9tica","og_description":"Descubre el poder de los aceites esenciales en nuestro taller 'Transforma tu Energ\u00eda'. Aprende a crear tu propio perfume y aceite arom\u00e1tico mientras equilibras tu aura y alineas tus chakras. Incluye ebook exclusivo, kit completo de materiales y m\u00e1s. \u00a1Reserva tu lugar y despierta tu bienestar!","og_url":"https:\/\/aurencosmetica.com\/en\/product\/taller-aromaterapia-crea-tu-perfume-energizante\/","og_site_name":"\u00c1uren Cosm\u00e9tica","article_modified_time":"2025-09-25T05:14:38+00:00","og_image":[{"width":1080,"height":1920,"url":"https:\/\/aurencosmetica.com\/wp-content\/uploads\/2025\/03\/Post-Instagram-Taller-aromaterapia.png","type":"image\/png"}],"twitter_card":"summary_large_image","twitter_misc":{"Est. reading time":"2 minutes"},"schema":{"@context":"https:\/\/schema.org","@graph":[{"@type":"WebPage","@id":"https:\/\/aurencosmetica.com\/product\/taller-aromaterapia-crea-tu-perfume-energizante\/","url":"https:\/\/aurencosmetica.com\/product\/taller-aromaterapia-crea-tu-perfume-energizante\/","name":"TALLER AROMATERAPIA \"Crea Tu Perfume Energizante\" - \u00c1uren Cosm\u00e9tica","isPartOf":{"@id":"https:\/\/aurencosmetica.com\/#website"},"primaryImageOfPage":{"@id":"https:\/\/aurencosmetica.com\/product\/taller-aromaterapia-crea-tu-perfume-energizante\/#primaryimage"},"image":{"@id":"https:\/\/aurencosmetica.com\/product\/taller-aromaterapia-crea-tu-perfume-energizante\/#primaryimage"},"thumbnailUrl":"https:\/\/i0.wp.com\/aurencosmetica.com\/wp-content\/uploads\/2025\/03\/Post-Instagram-Taller-aromaterapia.png?fit=1080%2C1920&ssl=1","datePublished":"2025-03-13T15:47:42+00:00","dateModified":"2025-09-25T05:14:38+00:00","description":"Descubre el poder de los aceites esenciales en nuestro taller 'Transforma tu Energ\u00eda'. Aprende a crear tu propio perfume y aceite arom\u00e1tico mientras equilibras tu aura y alineas tus chakras. Incluye ebook exclusivo, kit completo de materiales y m\u00e1s. \u00a1Reserva tu lugar y despierta tu bienestar!","breadcrumb":{"@id":"https:\/\/aurencosmetica.com\/product\/taller-aromaterapia-crea-tu-perfume-energizante\/#breadcrumb"},"inLanguage":"en-US","potentialAction":[{"@type":"ReadAction","target":["https:\/\/aurencosmetica.com\/product\/taller-aromaterapia-crea-tu-perfume-energizante\/"]}]},{"@type":"ImageObject","inLanguage":"en-US","@id":"https:\/\/aurencosmetica.com\/product\/taller-aromaterapia-crea-tu-perfume-energizante\/#primaryimage","url":"https:\/\/i0.wp.com\/aurencosmetica.com\/wp-content\/uploads\/2025\/03\/Post-Instagram-Taller-aromaterapia.png?fit=1080%2C1920&ssl=1","contentUrl":"https:\/\/i0.wp.com\/aurencosmetica.com\/wp-content\/uploads\/2025\/03\/Post-Instagram-Taller-aromaterapia.png?fit=1080%2C1920&ssl=1","width":1080,"height":1920},{"@type":"BreadcrumbList","@id":"https:\/\/aurencosmetica.com\/product\/taller-aromaterapia-crea-tu-perfume-energizante\/#breadcrumb","itemListElement":[{"@type":"ListItem","position":1,"name":"Portada","item":"https:\/\/aurencosmetica.com\/"},{"@type":"ListItem","position":2,"name":"Tienda","item":"https:\/\/aurencosmetica.com\/tienda\/"},{"@type":"ListItem","position":3,"name":"TALLER AROMATERAPIA \u00abCrea Tu Perfume Energizante\u00bb"}]},{"@type":"WebSite","@id":"https:\/\/aurencosmetica.com\/#website","url":"https:\/\/aurencosmetica.com\/","name":"\u00c1uren Cosm\u00e9tica","description":"Cosm\u00e9tica Natural","publisher":{"@id":"https:\/\/aurencosmetica.com\/#organization"},"potentialAction":[{"@type":"SearchAction","target":{"@type":"EntryPoint","urlTemplate":"https:\/\/aurencosmetica.com\/?s={search_term_string}"},"query-input":{"@type":"PropertyValueSpecification","valueRequired":true,"valueName":"search_term_string"}}],"inLanguage":"en-US"},{"@type":"Organization","@id":"https:\/\/aurencosmetica.com\/#organization","name":"\u00c1uren Cosm\u00e9tica","url":"https:\/\/aurencosmetica.com\/","logo":{"@type":"ImageObject","inLanguage":"en-US","@id":"https:\/\/aurencosmetica.com\/#\/schema\/logo\/image\/","url":"https:\/\/i0.wp.com\/aurencosmetica.com\/wp-content\/uploads\/2022\/02\/Logo-Auren.png?fit=1043%2C423&ssl=1","contentUrl":"https:\/\/i0.wp.com\/aurencosmetica.com\/wp-content\/uploads\/2022\/02\/Logo-Auren.png?fit=1043%2C423&ssl=1","width":1043,"height":423,"caption":"\u00c1uren Cosm\u00e9tica"},"image":{"@id":"https:\/\/aurencosmetica.com\/#\/schema\/logo\/image\/"}}]}},"jetpack_publicize_connections":[],"jetpack_sharing_enabled":true,"_links":{"self":[{"href":"https:\/\/aurencosmetica.com\/en\/wp-json\/wp\/v2\/product\/8602","targetHints":{"allow":["GET"]}}],"collection":[{"href":"https:\/\/aurencosmetica.com\/en\/wp-json\/wp\/v2\/product"}],"about":[{"href":"https:\/\/aurencosmetica.com\/en\/wp-json\/wp\/v2\/types\/product"}],"replies":[{"embeddable":true,"href":"https:\/\/aurencosmetica.com\/en\/wp-json\/wp\/v2\/comments?post=8602"}],"wp:featuredmedia":[{"embeddable":true,"href":"https:\/\/aurencosmetica.com\/en\/wp-json\/wp\/v2\/media\/8709"}],"wp:attachment":[{"href":"https:\/\/aurencosmetica.com\/en\/wp-json\/wp\/v2\/media?parent=8602"}],"wp:term":[{"taxonomy":"product_brand","embeddable":true,"href":"https:\/\/aurencosmetica.com\/en\/wp-json\/wp\/v2\/product_brand?post=8602"},{"taxonomy":"product_cat","embeddable":true,"href":"https:\/\/aurencosmetica.com\/en\/wp-json\/wp\/v2\/product_cat?post=8602"},{"taxonomy":"product_tag","embeddable":true,"href":"https:\/\/aurencosmetica.com\/en\/wp-json\/wp\/v2\/product_tag?post=8602"}],"curies":[{"name":"wp","href":"https:\/\/api.w.org\/{rel}","templated":true}]}}