{"id":8527,"date":"2024-12-05T19:12:53","date_gmt":"2024-12-05T19:12:53","guid":{"rendered":"https:\/\/aurencosmetica.com\/?post_type=product&#038;p=8527"},"modified":"2026-02-27T23:38:19","modified_gmt":"2026-02-27T23:38:19","slug":"detergente-lava-loza-liquido-limonaria-litro","status":"publish","type":"product","link":"https:\/\/aurencosmetica.com\/en\/product\/detergente-lava-loza-liquido-limonaria-litro\/","title":{"rendered":"DETERGENTE LAVA LOZA LIQUIDO LIMONARIA litro"},"content":{"rendered":"<p><strong>Detergente L\u00edquido Lava Loza Limonaria: Limpieza Poderosa y Sostenible<\/strong><\/p>\n<p>Descubre el <strong>Detergente Lava Loza Limonaria<\/strong>, un producto biodegradable dise\u00f1ado para combinar m\u00e1xima efectividad desengrasante con un bajo impacto ambiental. Formulado con aceites esenciales y enriquecido con el refrescante aroma natural de la limonaria, este detergente es perfecto para dejar tus utensilios impecables, mientras cuidas tus manos y el medio ambiente.<\/p>\n<p><strong>Beneficios Clave:<\/strong><\/p>\n<ul>\n<li><strong>Poder Desengrasante:<\/strong> Arranca incluso las grasas m\u00e1s dif\u00edciles, dejando tus utensilios relucientes y libres de olores.<\/li>\n<li><strong>Cuida tus Manos:<\/strong> Gracias a las propiedades de los aceites esenciales, protege y suaviza la piel durante el lavado.<\/li>\n<li><strong>Biodegradable y Ecoamigable:<\/strong> Respeta el agua y el medio ambiente, convirti\u00e9ndose en una opci\u00f3n sostenible para tu hogar.<\/li>\n<\/ul>","protected":false},"excerpt":{"rendered":"<p><strong>Modo de Uso:<\/strong><\/p>\n<ul>\n<li><strong>Uso Directo:<\/strong> Aplica el producto puro para un poder desengrasante extra en utensilios con suciedad intensa.<\/li>\n<li><strong>Uso Diluido:<\/strong> Mezcla una parte de detergente con cuatro partes de agua para limpieza diaria, asegurando preparar solo la cantidad que usar\u00e1s en el d\u00eda.<\/li>\n<\/ul>\n<p><strong>Por Qu\u00e9 Elegir Nuestro Lava Loza Limonaria:<\/strong><br \/>\nEste detergente no solo limpia a la perfecci\u00f3n, sino que tambi\u00e9n transforma tu rutina de lavado en una experiencia sensorial gracias al refrescante y energizante aroma de limonaria. Adem\u00e1s, su f\u00f3rmula biodegradable y de alto rendimiento refleja nuestro compromiso con el cuidado del agua y el medio ambiente.<\/p>\n<p>Limpia de manera efectiva, cuida tus manos y protege el planeta con el <strong>Detergente L\u00edquido Lava Loza Limonaria<\/strong>. \u00a1El equilibrio perfecto entre eficacia, bienestar y sostenibilidad!<\/p>","protected":false},"featured_media":8931,"comment_status":"open","ping_status":"closed","template":"","meta":{"content-type":"","_joinchat":[],"jetpack_publicize_message":"","jetpack_publicize_feature_enabled":true,"jetpack_social_post_already_shared":true,"jetpack_social_options":{"image_generator_settings":{"template":"highway","default_image_id":0,"enabled":false},"version":2}},"product_brand":[],"product_cat":[151,161],"product_tag":[260,258,426,373,425],"class_list":{"0":"post-8527","1":"product","2":"type-product","3":"status-publish","4":"has-post-thumbnail","6":"product_cat-ambientacion","7":"product_cat-limpieza","8":"product_tag-aceites-esenciales","9":"product_tag-aromaterapia","10":"product_tag-hogar","11":"product_tag-limonaria","12":"product_tag-limpieza","14":"first","15":"instock","16":"shipping-taxable","17":"purchasable","18":"product-type-simple"},"yoast_head":"<!-- This site is optimized with the Yoast SEO plugin v25.7 - https:\/\/yoast.com\/wordpress\/plugins\/seo\/ -->\n<title>DETERGENTE LAVA LOZA LIQUIDO LIMONARIA litro - \u00c1uren Cosm\u00e9tica<\/title>\n<meta name=\"description\" content=\"Descubre el Detergente Lava Loza Limonaria, biodegradable y con aceites esenciales. Desengrasa, elimina olores y cuida tus manos con su f\u00f3rmula efectiva y amigable con el medio ambiente.\" \/>\n<meta name=\"robots\" content=\"index, follow, max-snippet:-1, max-image-preview:large, max-video-preview:-1\" \/>\n<link rel=\"canonical\" href=\"https:\/\/aurencosmetica.com\/en\/product\/detergente-lava-loza-liquido-limonaria-litro\/\" \/>\n<meta property=\"og:locale\" content=\"en_US\" \/>\n<meta property=\"og:type\" content=\"article\" \/>\n<meta property=\"og:title\" content=\"DETERGENTE LAVA LOZA LIQUIDO LIMONARIA litro - \u00c1uren Cosm\u00e9tica\" \/>\n<meta property=\"og:description\" content=\"Descubre el Detergente Lava Loza Limonaria, biodegradable y con aceites esenciales. Desengrasa, elimina olores y cuida tus manos con su f\u00f3rmula efectiva y amigable con el medio ambiente.\" \/>\n<meta property=\"og:url\" content=\"https:\/\/aurencosmetica.com\/en\/product\/detergente-lava-loza-liquido-limonaria-litro\/\" \/>\n<meta property=\"og:site_name\" content=\"\u00c1uren Cosm\u00e9tica\" \/>\n<meta property=\"article:modified_time\" content=\"2026-02-27T23:38:19+00:00\" \/>\n<meta property=\"og:image\" content=\"https:\/\/aurencosmetica.com\/wp-content\/uploads\/2024\/12\/20250714_1301_Detergente-Liquido-Limonaria_remix_01k051ghh4esz9m5nkqa907ej2.jpg\" \/>\n\t<meta property=\"og:image:width\" content=\"1024\" \/>\n\t<meta property=\"og:image:height\" content=\"1024\" \/>\n\t<meta property=\"og:image:type\" content=\"image\/jpeg\" \/>\n<meta name=\"twitter:card\" content=\"summary_large_image\" \/>\n<meta name=\"twitter:label1\" content=\"Est. reading time\" \/>\n\t<meta name=\"twitter:data1\" content=\"1 minute\" \/>\n<script type=\"application\/ld+json\" class=\"yoast-schema-graph\">{\"@context\":\"https:\/\/schema.org\",\"@graph\":[{\"@type\":\"WebPage\",\"@id\":\"https:\/\/aurencosmetica.com\/product\/detergente-lava-loza-liquido-limonaria-litro\/\",\"url\":\"https:\/\/aurencosmetica.com\/product\/detergente-lava-loza-liquido-limonaria-litro\/\",\"name\":\"DETERGENTE LAVA LOZA LIQUIDO LIMONARIA litro - \u00c1uren Cosm\u00e9tica\",\"isPartOf\":{\"@id\":\"https:\/\/aurencosmetica.com\/#website\"},\"primaryImageOfPage\":{\"@id\":\"https:\/\/aurencosmetica.com\/product\/detergente-lava-loza-liquido-limonaria-litro\/#primaryimage\"},\"image\":{\"@id\":\"https:\/\/aurencosmetica.com\/product\/detergente-lava-loza-liquido-limonaria-litro\/#primaryimage\"},\"thumbnailUrl\":\"https:\/\/i0.wp.com\/aurencosmetica.com\/wp-content\/uploads\/2024\/12\/20250714_1301_Detergente-Liquido-Limonaria_remix_01k051ghh4esz9m5nkqa907ej2.jpg?fit=1024%2C1024&ssl=1\",\"datePublished\":\"2024-12-05T19:12:53+00:00\",\"dateModified\":\"2026-02-27T23:38:19+00:00\",\"description\":\"Descubre el Detergente Lava Loza Limonaria, biodegradable y con aceites esenciales. Desengrasa, elimina olores y cuida tus manos con su f\u00f3rmula efectiva y amigable con el medio ambiente.\",\"breadcrumb\":{\"@id\":\"https:\/\/aurencosmetica.com\/product\/detergente-lava-loza-liquido-limonaria-litro\/#breadcrumb\"},\"inLanguage\":\"en-US\",\"potentialAction\":[{\"@type\":\"ReadAction\",\"target\":[\"https:\/\/aurencosmetica.com\/product\/detergente-lava-loza-liquido-limonaria-litro\/\"]}]},{\"@type\":\"ImageObject\",\"inLanguage\":\"en-US\",\"@id\":\"https:\/\/aurencosmetica.com\/product\/detergente-lava-loza-liquido-limonaria-litro\/#primaryimage\",\"url\":\"https:\/\/i0.wp.com\/aurencosmetica.com\/wp-content\/uploads\/2024\/12\/20250714_1301_Detergente-Liquido-Limonaria_remix_01k051ghh4esz9m5nkqa907ej2.jpg?fit=1024%2C1024&ssl=1\",\"contentUrl\":\"https:\/\/i0.wp.com\/aurencosmetica.com\/wp-content\/uploads\/2024\/12\/20250714_1301_Detergente-Liquido-Limonaria_remix_01k051ghh4esz9m5nkqa907ej2.jpg?fit=1024%2C1024&ssl=1\",\"width\":1024,\"height\":1024},{\"@type\":\"BreadcrumbList\",\"@id\":\"https:\/\/aurencosmetica.com\/product\/detergente-lava-loza-liquido-limonaria-litro\/#breadcrumb\",\"itemListElement\":[{\"@type\":\"ListItem\",\"position\":1,\"name\":\"Portada\",\"item\":\"https:\/\/aurencosmetica.com\/\"},{\"@type\":\"ListItem\",\"position\":2,\"name\":\"Tienda\",\"item\":\"https:\/\/aurencosmetica.com\/tienda\/\"},{\"@type\":\"ListItem\",\"position\":3,\"name\":\"DETERGENTE LAVA LOZA LIQUIDO LIMONARIA litro\"}]},{\"@type\":\"WebSite\",\"@id\":\"https:\/\/aurencosmetica.com\/#website\",\"url\":\"https:\/\/aurencosmetica.com\/\",\"name\":\"\u00c1uren Cosm\u00e9tica\",\"description\":\"Cosm\u00e9tica Natural\",\"publisher\":{\"@id\":\"https:\/\/aurencosmetica.com\/#organization\"},\"potentialAction\":[{\"@type\":\"SearchAction\",\"target\":{\"@type\":\"EntryPoint\",\"urlTemplate\":\"https:\/\/aurencosmetica.com\/?s={search_term_string}\"},\"query-input\":{\"@type\":\"PropertyValueSpecification\",\"valueRequired\":true,\"valueName\":\"search_term_string\"}}],\"inLanguage\":\"en-US\"},{\"@type\":\"Organization\",\"@id\":\"https:\/\/aurencosmetica.com\/#organization\",\"name\":\"\u00c1uren Cosm\u00e9tica\",\"url\":\"https:\/\/aurencosmetica.com\/\",\"logo\":{\"@type\":\"ImageObject\",\"inLanguage\":\"en-US\",\"@id\":\"https:\/\/aurencosmetica.com\/#\/schema\/logo\/image\/\",\"url\":\"https:\/\/i0.wp.com\/aurencosmetica.com\/wp-content\/uploads\/2022\/02\/Logo-Auren.png?fit=1043%2C423&ssl=1\",\"contentUrl\":\"https:\/\/i0.wp.com\/aurencosmetica.com\/wp-content\/uploads\/2022\/02\/Logo-Auren.png?fit=1043%2C423&ssl=1\",\"width\":1043,\"height\":423,\"caption\":\"\u00c1uren Cosm\u00e9tica\"},\"image\":{\"@id\":\"https:\/\/aurencosmetica.com\/#\/schema\/logo\/image\/\"}}]}<\/script>\n<!-- \/ Yoast SEO plugin. -->","yoast_head_json":{"title":"DETERGENTE LAVA LOZA LIQUIDO LIMONARIA litro - \u00c1uren Cosm\u00e9tica","description":"Descubre el Detergente Lava Loza Limonaria, biodegradable y con aceites esenciales. Desengrasa, elimina olores y cuida tus manos con su f\u00f3rmula efectiva y amigable con el medio ambiente.","robots":{"index":"index","follow":"follow","max-snippet":"max-snippet:-1","max-image-preview":"max-image-preview:large","max-video-preview":"max-video-preview:-1"},"canonical":"https:\/\/aurencosmetica.com\/en\/product\/detergente-lava-loza-liquido-limonaria-litro\/","og_locale":"en_US","og_type":"article","og_title":"DETERGENTE LAVA LOZA LIQUIDO LIMONARIA litro - \u00c1uren Cosm\u00e9tica","og_description":"Descubre el Detergente Lava Loza Limonaria, biodegradable y con aceites esenciales. Desengrasa, elimina olores y cuida tus manos con su f\u00f3rmula efectiva y amigable con el medio ambiente.","og_url":"https:\/\/aurencosmetica.com\/en\/product\/detergente-lava-loza-liquido-limonaria-litro\/","og_site_name":"\u00c1uren Cosm\u00e9tica","article_modified_time":"2026-02-27T23:38:19+00:00","og_image":[{"width":1024,"height":1024,"url":"https:\/\/aurencosmetica.com\/wp-content\/uploads\/2024\/12\/20250714_1301_Detergente-Liquido-Limonaria_remix_01k051ghh4esz9m5nkqa907ej2.jpg","type":"image\/jpeg"}],"twitter_card":"summary_large_image","twitter_misc":{"Est. reading time":"1 minute"},"schema":{"@context":"https:\/\/schema.org","@graph":[{"@type":"WebPage","@id":"https:\/\/aurencosmetica.com\/product\/detergente-lava-loza-liquido-limonaria-litro\/","url":"https:\/\/aurencosmetica.com\/product\/detergente-lava-loza-liquido-limonaria-litro\/","name":"DETERGENTE LAVA LOZA LIQUIDO LIMONARIA litro - \u00c1uren Cosm\u00e9tica","isPartOf":{"@id":"https:\/\/aurencosmetica.com\/#website"},"primaryImageOfPage":{"@id":"https:\/\/aurencosmetica.com\/product\/detergente-lava-loza-liquido-limonaria-litro\/#primaryimage"},"image":{"@id":"https:\/\/aurencosmetica.com\/product\/detergente-lava-loza-liquido-limonaria-litro\/#primaryimage"},"thumbnailUrl":"https:\/\/i0.wp.com\/aurencosmetica.com\/wp-content\/uploads\/2024\/12\/20250714_1301_Detergente-Liquido-Limonaria_remix_01k051ghh4esz9m5nkqa907ej2.jpg?fit=1024%2C1024&ssl=1","datePublished":"2024-12-05T19:12:53+00:00","dateModified":"2026-02-27T23:38:19+00:00","description":"Descubre el Detergente Lava Loza Limonaria, biodegradable y con aceites esenciales. Desengrasa, elimina olores y cuida tus manos con su f\u00f3rmula efectiva y amigable con el medio ambiente.","breadcrumb":{"@id":"https:\/\/aurencosmetica.com\/product\/detergente-lava-loza-liquido-limonaria-litro\/#breadcrumb"},"inLanguage":"en-US","potentialAction":[{"@type":"ReadAction","target":["https:\/\/aurencosmetica.com\/product\/detergente-lava-loza-liquido-limonaria-litro\/"]}]},{"@type":"ImageObject","inLanguage":"en-US","@id":"https:\/\/aurencosmetica.com\/product\/detergente-lava-loza-liquido-limonaria-litro\/#primaryimage","url":"https:\/\/i0.wp.com\/aurencosmetica.com\/wp-content\/uploads\/2024\/12\/20250714_1301_Detergente-Liquido-Limonaria_remix_01k051ghh4esz9m5nkqa907ej2.jpg?fit=1024%2C1024&ssl=1","contentUrl":"https:\/\/i0.wp.com\/aurencosmetica.com\/wp-content\/uploads\/2024\/12\/20250714_1301_Detergente-Liquido-Limonaria_remix_01k051ghh4esz9m5nkqa907ej2.jpg?fit=1024%2C1024&ssl=1","width":1024,"height":1024},{"@type":"BreadcrumbList","@id":"https:\/\/aurencosmetica.com\/product\/detergente-lava-loza-liquido-limonaria-litro\/#breadcrumb","itemListElement":[{"@type":"ListItem","position":1,"name":"Portada","item":"https:\/\/aurencosmetica.com\/"},{"@type":"ListItem","position":2,"name":"Tienda","item":"https:\/\/aurencosmetica.com\/tienda\/"},{"@type":"ListItem","position":3,"name":"DETERGENTE LAVA LOZA LIQUIDO LIMONARIA litro"}]},{"@type":"WebSite","@id":"https:\/\/aurencosmetica.com\/#website","url":"https:\/\/aurencosmetica.com\/","name":"\u00c1uren Cosm\u00e9tica","description":"Cosm\u00e9tica Natural","publisher":{"@id":"https:\/\/aurencosmetica.com\/#organization"},"potentialAction":[{"@type":"SearchAction","target":{"@type":"EntryPoint","urlTemplate":"https:\/\/aurencosmetica.com\/?s={search_term_string}"},"query-input":{"@type":"PropertyValueSpecification","valueRequired":true,"valueName":"search_term_string"}}],"inLanguage":"en-US"},{"@type":"Organization","@id":"https:\/\/aurencosmetica.com\/#organization","name":"\u00c1uren Cosm\u00e9tica","url":"https:\/\/aurencosmetica.com\/","logo":{"@type":"ImageObject","inLanguage":"en-US","@id":"https:\/\/aurencosmetica.com\/#\/schema\/logo\/image\/","url":"https:\/\/i0.wp.com\/aurencosmetica.com\/wp-content\/uploads\/2022\/02\/Logo-Auren.png?fit=1043%2C423&ssl=1","contentUrl":"https:\/\/i0.wp.com\/aurencosmetica.com\/wp-content\/uploads\/2022\/02\/Logo-Auren.png?fit=1043%2C423&ssl=1","width":1043,"height":423,"caption":"\u00c1uren Cosm\u00e9tica"},"image":{"@id":"https:\/\/aurencosmetica.com\/#\/schema\/logo\/image\/"}}]}},"jetpack_publicize_connections":[],"jetpack_sharing_enabled":true,"_links":{"self":[{"href":"https:\/\/aurencosmetica.com\/en\/wp-json\/wp\/v2\/product\/8527","targetHints":{"allow":["GET"]}}],"collection":[{"href":"https:\/\/aurencosmetica.com\/en\/wp-json\/wp\/v2\/product"}],"about":[{"href":"https:\/\/aurencosmetica.com\/en\/wp-json\/wp\/v2\/types\/product"}],"replies":[{"embeddable":true,"href":"https:\/\/aurencosmetica.com\/en\/wp-json\/wp\/v2\/comments?post=8527"}],"wp:featuredmedia":[{"embeddable":true,"href":"https:\/\/aurencosmetica.com\/en\/wp-json\/wp\/v2\/media\/8931"}],"wp:attachment":[{"href":"https:\/\/aurencosmetica.com\/en\/wp-json\/wp\/v2\/media?parent=8527"}],"wp:term":[{"taxonomy":"product_brand","embeddable":true,"href":"https:\/\/aurencosmetica.com\/en\/wp-json\/wp\/v2\/product_brand?post=8527"},{"taxonomy":"product_cat","embeddable":true,"href":"https:\/\/aurencosmetica.com\/en\/wp-json\/wp\/v2\/product_cat?post=8527"},{"taxonomy":"product_tag","embeddable":true,"href":"https:\/\/aurencosmetica.com\/en\/wp-json\/wp\/v2\/product_tag?post=8527"}],"curies":[{"name":"wp","href":"https:\/\/api.w.org\/{rel}","templated":true}]}}