{"id":8231,"date":"2024-08-18T22:18:26","date_gmt":"2024-08-18T22:18:26","guid":{"rendered":"https:\/\/aurencosmetica.com\/?post_type=product&#038;p=8231"},"modified":"2026-02-27T23:44:28","modified_gmt":"2026-02-27T23:44:28","slug":"vela-aromatica-humectante-lavanda-vainilla","status":"publish","type":"product","link":"https:\/\/aurencosmetica.com\/en\/product\/vela-aromatica-humectante-lavanda-vainilla\/","title":{"rendered":"Vela Arom\u00e1tica Humectante Lavanda Vainilla"},"content":{"rendered":"<p>Permite que la serenidad y la calidez te envuelvan con nuestra vela arom\u00e1tica humectante de lavanda y vainilla. Esta exquisita fragancia fusiona la suavidad relajante de la lavanda con la dulzura envolvente de la vainilla, creando un ambiente de paz y confort que invita al descanso. Al derretirse, esta vela se transforma en un delicado aceite tibio, perfecto para masajes que no solo nutren y suavizan la piel, sino que tambi\u00e9n te envuelven en una experiencia sensorial profundamente relajante.<\/p>\n<p><strong>Beneficios:<\/strong><\/p>\n<ul>\n<li><strong>Arom\u00e1tico:<\/strong> La lavanda calma y relaja, mientras que la vainilla aporta un toque dulce y reconfortante, ideal para crear un espacio de descanso y tranquilidad.<\/li>\n<li><strong>Humectante:<\/strong> Al fundirse, la vela se convierte en un aceite tibio y sedoso, perfecto para masajes que hidratan profundamente la piel y promueven una sensaci\u00f3n de bienestar total.<\/li>\n<\/ul>","protected":false},"excerpt":{"rendered":"<p><strong>Instrucciones de Uso:<\/strong><\/p>\n<ol>\n<li>Enciende tu vela . La primera vez que lo hagas, d\u00e9jala prendida hasta que toda la superficie de la vela se haya fundido.<\/li>\n<li>Apaga tu vela antes de usar su aceite tibio para un suabe masaje ,\u00a0 antes de prender la vela de nuevo verifica si el pabilo requiere ser centrado nuevamente, reaj\u00fastalo con el mismo, mientras las ceras a\u00fan est\u00e1n fundidas. Permite que las ceras se solidifiquen antes de volver a encender la vela.<\/li>\n<li>Disfruta todo el poder aromatico de nuestra vela.<\/li>\n<\/ol>","protected":false},"featured_media":8826,"comment_status":"open","ping_status":"closed","template":"","meta":{"content-type":"","_joinchat":[],"jetpack_publicize_message":"","jetpack_publicize_feature_enabled":true,"jetpack_social_post_already_shared":true,"jetpack_social_options":{"image_generator_settings":{"template":"highway","default_image_id":0,"enabled":false},"version":2}},"product_brand":[],"product_cat":[151,167,190,193,192,133],"product_tag":[320,318,258,319],"class_list":{"0":"post-8231","1":"product","2":"type-product","3":"status-publish","4":"has-post-thumbnail","6":"product_cat-ambientacion","7":"product_cat-aromatizantes","8":"product_cat-esencias","9":"product_cat-mezclas-exclusivas","10":"product_cat-spa","11":"product_cat-velas-de-soya","12":"product_tag-aceite-esenciales","13":"product_tag-ambiente","14":"product_tag-aromaterapia","15":"product_tag-velas","17":"first","18":"instock","19":"shipping-taxable","20":"purchasable","21":"product-type-simple"},"yoast_head":"<!-- This site is optimized with the Yoast SEO plugin v25.7 - https:\/\/yoast.com\/wordpress\/plugins\/seo\/ -->\n<title>Vela Arom\u00e1tica Humectante Lavanda Vainilla - \u00c1uren Cosm\u00e9tica<\/title>\n<meta name=\"description\" content=\"Vela de soya arom\u00e1tica y humectante de lavanda vainilla, ideal para aromatizar el ambiente y usar como aceite tibio para masajes relajantes. Proporciona calma y bienestar\" \/>\n<meta name=\"robots\" content=\"index, follow, max-snippet:-1, max-image-preview:large, max-video-preview:-1\" \/>\n<link rel=\"canonical\" href=\"https:\/\/aurencosmetica.com\/en\/product\/vela-aromatica-humectante-lavanda-vainilla\/\" \/>\n<meta property=\"og:locale\" content=\"en_US\" \/>\n<meta property=\"og:type\" content=\"article\" \/>\n<meta property=\"og:title\" content=\"Vela Arom\u00e1tica Humectante Lavanda Vainilla - \u00c1uren Cosm\u00e9tica\" \/>\n<meta property=\"og:description\" content=\"Vela de soya arom\u00e1tica y humectante de lavanda vainilla, ideal para aromatizar el ambiente y usar como aceite tibio para masajes relajantes. Proporciona calma y bienestar\" \/>\n<meta property=\"og:url\" content=\"https:\/\/aurencosmetica.com\/en\/product\/vela-aromatica-humectante-lavanda-vainilla\/\" \/>\n<meta property=\"og:site_name\" content=\"\u00c1uren Cosm\u00e9tica\" \/>\n<meta property=\"article:modified_time\" content=\"2026-02-27T23:44:28+00:00\" \/>\n<meta property=\"og:image\" content=\"https:\/\/aurencosmetica.com\/wp-content\/uploads\/2024\/08\/20250705_1326_Vela-Lavanda-Vainilla_remix_01jzdxbpw0fbqv0wam4z13vk2w.jpg\" \/>\n\t<meta property=\"og:image:width\" content=\"1024\" \/>\n\t<meta property=\"og:image:height\" content=\"1024\" \/>\n\t<meta property=\"og:image:type\" content=\"image\/jpeg\" \/>\n<meta name=\"twitter:card\" content=\"summary_large_image\" \/>\n<meta name=\"twitter:label1\" content=\"Est. reading time\" \/>\n\t<meta name=\"twitter:data1\" content=\"1 minute\" \/>\n<script type=\"application\/ld+json\" class=\"yoast-schema-graph\">{\"@context\":\"https:\/\/schema.org\",\"@graph\":[{\"@type\":\"WebPage\",\"@id\":\"https:\/\/aurencosmetica.com\/product\/vela-aromatica-humectante-lavanda-vainilla\/\",\"url\":\"https:\/\/aurencosmetica.com\/product\/vela-aromatica-humectante-lavanda-vainilla\/\",\"name\":\"Vela Arom\u00e1tica Humectante Lavanda Vainilla - \u00c1uren Cosm\u00e9tica\",\"isPartOf\":{\"@id\":\"https:\/\/aurencosmetica.com\/#website\"},\"primaryImageOfPage\":{\"@id\":\"https:\/\/aurencosmetica.com\/product\/vela-aromatica-humectante-lavanda-vainilla\/#primaryimage\"},\"image\":{\"@id\":\"https:\/\/aurencosmetica.com\/product\/vela-aromatica-humectante-lavanda-vainilla\/#primaryimage\"},\"thumbnailUrl\":\"https:\/\/i0.wp.com\/aurencosmetica.com\/wp-content\/uploads\/2024\/08\/20250705_1326_Vela-Lavanda-Vainilla_remix_01jzdxbpw0fbqv0wam4z13vk2w.jpg?fit=1024%2C1024&ssl=1\",\"datePublished\":\"2024-08-18T22:18:26+00:00\",\"dateModified\":\"2026-02-27T23:44:28+00:00\",\"description\":\"Vela de soya arom\u00e1tica y humectante de lavanda vainilla, ideal para aromatizar el ambiente y usar como aceite tibio para masajes relajantes. Proporciona calma y bienestar\",\"breadcrumb\":{\"@id\":\"https:\/\/aurencosmetica.com\/product\/vela-aromatica-humectante-lavanda-vainilla\/#breadcrumb\"},\"inLanguage\":\"en-US\",\"potentialAction\":[{\"@type\":\"ReadAction\",\"target\":[\"https:\/\/aurencosmetica.com\/product\/vela-aromatica-humectante-lavanda-vainilla\/\"]}]},{\"@type\":\"ImageObject\",\"inLanguage\":\"en-US\",\"@id\":\"https:\/\/aurencosmetica.com\/product\/vela-aromatica-humectante-lavanda-vainilla\/#primaryimage\",\"url\":\"https:\/\/i0.wp.com\/aurencosmetica.com\/wp-content\/uploads\/2024\/08\/20250705_1326_Vela-Lavanda-Vainilla_remix_01jzdxbpw0fbqv0wam4z13vk2w.jpg?fit=1024%2C1024&ssl=1\",\"contentUrl\":\"https:\/\/i0.wp.com\/aurencosmetica.com\/wp-content\/uploads\/2024\/08\/20250705_1326_Vela-Lavanda-Vainilla_remix_01jzdxbpw0fbqv0wam4z13vk2w.jpg?fit=1024%2C1024&ssl=1\",\"width\":1024,\"height\":1024},{\"@type\":\"BreadcrumbList\",\"@id\":\"https:\/\/aurencosmetica.com\/product\/vela-aromatica-humectante-lavanda-vainilla\/#breadcrumb\",\"itemListElement\":[{\"@type\":\"ListItem\",\"position\":1,\"name\":\"Portada\",\"item\":\"https:\/\/aurencosmetica.com\/\"},{\"@type\":\"ListItem\",\"position\":2,\"name\":\"Tienda\",\"item\":\"https:\/\/aurencosmetica.com\/tienda\/\"},{\"@type\":\"ListItem\",\"position\":3,\"name\":\"Vela Arom\u00e1tica Humectante Lavanda Vainilla\"}]},{\"@type\":\"WebSite\",\"@id\":\"https:\/\/aurencosmetica.com\/#website\",\"url\":\"https:\/\/aurencosmetica.com\/\",\"name\":\"\u00c1uren Cosm\u00e9tica\",\"description\":\"Cosm\u00e9tica Natural\",\"publisher\":{\"@id\":\"https:\/\/aurencosmetica.com\/#organization\"},\"potentialAction\":[{\"@type\":\"SearchAction\",\"target\":{\"@type\":\"EntryPoint\",\"urlTemplate\":\"https:\/\/aurencosmetica.com\/?s={search_term_string}\"},\"query-input\":{\"@type\":\"PropertyValueSpecification\",\"valueRequired\":true,\"valueName\":\"search_term_string\"}}],\"inLanguage\":\"en-US\"},{\"@type\":\"Organization\",\"@id\":\"https:\/\/aurencosmetica.com\/#organization\",\"name\":\"\u00c1uren Cosm\u00e9tica\",\"url\":\"https:\/\/aurencosmetica.com\/\",\"logo\":{\"@type\":\"ImageObject\",\"inLanguage\":\"en-US\",\"@id\":\"https:\/\/aurencosmetica.com\/#\/schema\/logo\/image\/\",\"url\":\"https:\/\/i0.wp.com\/aurencosmetica.com\/wp-content\/uploads\/2022\/02\/Logo-Auren.png?fit=1043%2C423&ssl=1\",\"contentUrl\":\"https:\/\/i0.wp.com\/aurencosmetica.com\/wp-content\/uploads\/2022\/02\/Logo-Auren.png?fit=1043%2C423&ssl=1\",\"width\":1043,\"height\":423,\"caption\":\"\u00c1uren Cosm\u00e9tica\"},\"image\":{\"@id\":\"https:\/\/aurencosmetica.com\/#\/schema\/logo\/image\/\"}}]}<\/script>\n<!-- \/ Yoast SEO plugin. -->","yoast_head_json":{"title":"Vela Arom\u00e1tica Humectante Lavanda Vainilla - \u00c1uren Cosm\u00e9tica","description":"Vela de soya arom\u00e1tica y humectante de lavanda vainilla, ideal para aromatizar el ambiente y usar como aceite tibio para masajes relajantes. Proporciona calma y bienestar","robots":{"index":"index","follow":"follow","max-snippet":"max-snippet:-1","max-image-preview":"max-image-preview:large","max-video-preview":"max-video-preview:-1"},"canonical":"https:\/\/aurencosmetica.com\/en\/product\/vela-aromatica-humectante-lavanda-vainilla\/","og_locale":"en_US","og_type":"article","og_title":"Vela Arom\u00e1tica Humectante Lavanda Vainilla - \u00c1uren Cosm\u00e9tica","og_description":"Vela de soya arom\u00e1tica y humectante de lavanda vainilla, ideal para aromatizar el ambiente y usar como aceite tibio para masajes relajantes. Proporciona calma y bienestar","og_url":"https:\/\/aurencosmetica.com\/en\/product\/vela-aromatica-humectante-lavanda-vainilla\/","og_site_name":"\u00c1uren Cosm\u00e9tica","article_modified_time":"2026-02-27T23:44:28+00:00","og_image":[{"width":1024,"height":1024,"url":"https:\/\/aurencosmetica.com\/wp-content\/uploads\/2024\/08\/20250705_1326_Vela-Lavanda-Vainilla_remix_01jzdxbpw0fbqv0wam4z13vk2w.jpg","type":"image\/jpeg"}],"twitter_card":"summary_large_image","twitter_misc":{"Est. reading time":"1 minute"},"schema":{"@context":"https:\/\/schema.org","@graph":[{"@type":"WebPage","@id":"https:\/\/aurencosmetica.com\/product\/vela-aromatica-humectante-lavanda-vainilla\/","url":"https:\/\/aurencosmetica.com\/product\/vela-aromatica-humectante-lavanda-vainilla\/","name":"Vela Arom\u00e1tica Humectante Lavanda Vainilla - \u00c1uren Cosm\u00e9tica","isPartOf":{"@id":"https:\/\/aurencosmetica.com\/#website"},"primaryImageOfPage":{"@id":"https:\/\/aurencosmetica.com\/product\/vela-aromatica-humectante-lavanda-vainilla\/#primaryimage"},"image":{"@id":"https:\/\/aurencosmetica.com\/product\/vela-aromatica-humectante-lavanda-vainilla\/#primaryimage"},"thumbnailUrl":"https:\/\/i0.wp.com\/aurencosmetica.com\/wp-content\/uploads\/2024\/08\/20250705_1326_Vela-Lavanda-Vainilla_remix_01jzdxbpw0fbqv0wam4z13vk2w.jpg?fit=1024%2C1024&ssl=1","datePublished":"2024-08-18T22:18:26+00:00","dateModified":"2026-02-27T23:44:28+00:00","description":"Vela de soya arom\u00e1tica y humectante de lavanda vainilla, ideal para aromatizar el ambiente y usar como aceite tibio para masajes relajantes. Proporciona calma y bienestar","breadcrumb":{"@id":"https:\/\/aurencosmetica.com\/product\/vela-aromatica-humectante-lavanda-vainilla\/#breadcrumb"},"inLanguage":"en-US","potentialAction":[{"@type":"ReadAction","target":["https:\/\/aurencosmetica.com\/product\/vela-aromatica-humectante-lavanda-vainilla\/"]}]},{"@type":"ImageObject","inLanguage":"en-US","@id":"https:\/\/aurencosmetica.com\/product\/vela-aromatica-humectante-lavanda-vainilla\/#primaryimage","url":"https:\/\/i0.wp.com\/aurencosmetica.com\/wp-content\/uploads\/2024\/08\/20250705_1326_Vela-Lavanda-Vainilla_remix_01jzdxbpw0fbqv0wam4z13vk2w.jpg?fit=1024%2C1024&ssl=1","contentUrl":"https:\/\/i0.wp.com\/aurencosmetica.com\/wp-content\/uploads\/2024\/08\/20250705_1326_Vela-Lavanda-Vainilla_remix_01jzdxbpw0fbqv0wam4z13vk2w.jpg?fit=1024%2C1024&ssl=1","width":1024,"height":1024},{"@type":"BreadcrumbList","@id":"https:\/\/aurencosmetica.com\/product\/vela-aromatica-humectante-lavanda-vainilla\/#breadcrumb","itemListElement":[{"@type":"ListItem","position":1,"name":"Portada","item":"https:\/\/aurencosmetica.com\/"},{"@type":"ListItem","position":2,"name":"Tienda","item":"https:\/\/aurencosmetica.com\/tienda\/"},{"@type":"ListItem","position":3,"name":"Vela Arom\u00e1tica Humectante Lavanda Vainilla"}]},{"@type":"WebSite","@id":"https:\/\/aurencosmetica.com\/#website","url":"https:\/\/aurencosmetica.com\/","name":"\u00c1uren Cosm\u00e9tica","description":"Cosm\u00e9tica Natural","publisher":{"@id":"https:\/\/aurencosmetica.com\/#organization"},"potentialAction":[{"@type":"SearchAction","target":{"@type":"EntryPoint","urlTemplate":"https:\/\/aurencosmetica.com\/?s={search_term_string}"},"query-input":{"@type":"PropertyValueSpecification","valueRequired":true,"valueName":"search_term_string"}}],"inLanguage":"en-US"},{"@type":"Organization","@id":"https:\/\/aurencosmetica.com\/#organization","name":"\u00c1uren Cosm\u00e9tica","url":"https:\/\/aurencosmetica.com\/","logo":{"@type":"ImageObject","inLanguage":"en-US","@id":"https:\/\/aurencosmetica.com\/#\/schema\/logo\/image\/","url":"https:\/\/i0.wp.com\/aurencosmetica.com\/wp-content\/uploads\/2022\/02\/Logo-Auren.png?fit=1043%2C423&ssl=1","contentUrl":"https:\/\/i0.wp.com\/aurencosmetica.com\/wp-content\/uploads\/2022\/02\/Logo-Auren.png?fit=1043%2C423&ssl=1","width":1043,"height":423,"caption":"\u00c1uren Cosm\u00e9tica"},"image":{"@id":"https:\/\/aurencosmetica.com\/#\/schema\/logo\/image\/"}}]}},"jetpack_publicize_connections":[],"jetpack_sharing_enabled":true,"_links":{"self":[{"href":"https:\/\/aurencosmetica.com\/en\/wp-json\/wp\/v2\/product\/8231","targetHints":{"allow":["GET"]}}],"collection":[{"href":"https:\/\/aurencosmetica.com\/en\/wp-json\/wp\/v2\/product"}],"about":[{"href":"https:\/\/aurencosmetica.com\/en\/wp-json\/wp\/v2\/types\/product"}],"replies":[{"embeddable":true,"href":"https:\/\/aurencosmetica.com\/en\/wp-json\/wp\/v2\/comments?post=8231"}],"wp:featuredmedia":[{"embeddable":true,"href":"https:\/\/aurencosmetica.com\/en\/wp-json\/wp\/v2\/media\/8826"}],"wp:attachment":[{"href":"https:\/\/aurencosmetica.com\/en\/wp-json\/wp\/v2\/media?parent=8231"}],"wp:term":[{"taxonomy":"product_brand","embeddable":true,"href":"https:\/\/aurencosmetica.com\/en\/wp-json\/wp\/v2\/product_brand?post=8231"},{"taxonomy":"product_cat","embeddable":true,"href":"https:\/\/aurencosmetica.com\/en\/wp-json\/wp\/v2\/product_cat?post=8231"},{"taxonomy":"product_tag","embeddable":true,"href":"https:\/\/aurencosmetica.com\/en\/wp-json\/wp\/v2\/product_tag?post=8231"}],"curies":[{"name":"wp","href":"https:\/\/api.w.org\/{rel}","templated":true}]}}