{"id":8226,"date":"2024-08-18T21:38:42","date_gmt":"2024-08-18T21:38:42","guid":{"rendered":"https:\/\/aurencosmetica.com\/?post_type=product&#038;p=8226"},"modified":"2026-02-27T23:44:55","modified_gmt":"2026-02-27T23:44:55","slug":"vela-aromatica-humectante-jengibre-citrico","status":"publish","type":"product","link":"https:\/\/aurencosmetica.com\/en\/product\/vela-aromatica-humectante-jengibre-citrico\/","title":{"rendered":"Vela Arom\u00e1tica Humectante Jengibre C\u00edtrico"},"content":{"rendered":"<p>Descubre la energ\u00eda vibrante y el confort revitalizante de nuestra vela arom\u00e1tica humectante de jengibre c\u00edtrico con cidr\u00f3n verbena. Su aroma envolvente combina la chispa del jengibre con la frescura c\u00edtrica de la verbena, creando una fragancia que despierta los sentidos y renueva el esp\u00edritu. Adem\u00e1s de llenar tu espacio con esta fragancia energizante, nuestra vela se transforma en un delicado aceite tibio para masajes, ideal para revitalizar y nutrir tu piel mientras disfrutas de un momento de relajaci\u00f3n absoluta<\/p>\n<p><strong>Beneficios:<\/strong><\/p>\n<ul>\n<li><strong>Arom\u00e1tico:<\/strong> El jengibre estimula y energiza, mientras que la verbena c\u00edtrica refresca y revitaliza, creando un ambiente de bienestar y renovaci\u00f3n.<\/li>\n<li><strong>Humectante:<\/strong> Se convierte en un aceite tibio y suave que hidrata y revitaliza la piel durante masajes estimulantes y relajantes.<\/li>\n<\/ul>","protected":false},"excerpt":{"rendered":"<p><strong>Instrucciones de Uso:<\/strong><\/p>\n<ol>\n<li>Enciende tu vela . La primera vez que lo hagas, d\u00e9jala prendida hasta que toda la superficie de la vela se haya fundido.<\/li>\n<li>Apaga tu vela antes de usar su aceite tibio para un suabe masaje ,\u00a0 antes de prender la vela de nuevo verifica si el pabilo requiere ser centrado nuevamente, reaj\u00fastalo con el mismo, mientras las ceras a\u00fan est\u00e1n fundidas. Permite que las ceras se solidifiquen antes de volver a encender la vela.<\/li>\n<li>Disfruta todo el poder aromatico de nuestra vela.<\/li>\n<\/ol>","protected":false},"featured_media":8829,"comment_status":"open","ping_status":"closed","template":"","meta":{"content-type":"","_joinchat":[],"jetpack_publicize_message":"","jetpack_publicize_feature_enabled":true,"jetpack_social_post_already_shared":true,"jetpack_social_options":{"image_generator_settings":{"template":"highway","default_image_id":0,"enabled":false},"version":2}},"product_brand":[],"product_cat":[151,167],"product_tag":[320,318,258,319],"class_list":{"0":"post-8226","1":"product","2":"type-product","3":"status-publish","4":"has-post-thumbnail","6":"product_cat-ambientacion","7":"product_cat-aromatizantes","8":"product_tag-aceite-esenciales","9":"product_tag-ambiente","10":"product_tag-aromaterapia","11":"product_tag-velas","13":"first","14":"instock","15":"shipping-taxable","16":"purchasable","17":"product-type-simple"},"yoast_head":"<!-- This site is optimized with the Yoast SEO plugin v25.7 - https:\/\/yoast.com\/wordpress\/plugins\/seo\/ -->\n<title>Vela Arom\u00e1tica Humectante Jengibre C\u00edtrico - \u00c1uren Cosm\u00e9tica<\/title>\n<meta name=\"robots\" content=\"index, follow, max-snippet:-1, max-image-preview:large, max-video-preview:-1\" \/>\n<link rel=\"canonical\" href=\"https:\/\/aurencosmetica.com\/en\/product\/vela-aromatica-humectante-jengibre-citrico\/\" \/>\n<meta property=\"og:locale\" content=\"en_US\" \/>\n<meta property=\"og:type\" content=\"article\" \/>\n<meta property=\"og:title\" content=\"Vela Arom\u00e1tica Humectante Jengibre C\u00edtrico - \u00c1uren Cosm\u00e9tica\" \/>\n<meta property=\"og:description\" content=\"Instrucciones de Uso:   Enciende tu vela . La primera vez que lo hagas, d\u00e9jala prendida hasta que toda la superficie de la vela se haya fundido.  Apaga tu vela antes de usar su aceite tibio para un suabe masaje ,\u00a0 antes de prender la vela de nuevo verifica si el pabilo requiere ser centrado nuevamente, reaj\u00fastalo con el mismo, mientras las ceras a\u00fan est\u00e1n fundidas. Permite que las ceras se solidifiquen antes de volver a encender la vela.  Disfruta todo el poder aromatico de nuestra vela.\" \/>\n<meta property=\"og:url\" content=\"https:\/\/aurencosmetica.com\/en\/product\/vela-aromatica-humectante-jengibre-citrico\/\" \/>\n<meta property=\"og:site_name\" content=\"\u00c1uren Cosm\u00e9tica\" \/>\n<meta property=\"article:modified_time\" content=\"2026-02-27T23:44:55+00:00\" \/>\n<meta property=\"og:image\" content=\"https:\/\/aurencosmetica.com\/wp-content\/uploads\/2024\/08\/20250705_1346_Vela-Aromatica-Jengibre-Citrico_remix_01jzdyg6hkecxr8w3pgt3f0gp2.jpg\" \/>\n\t<meta property=\"og:image:width\" content=\"1024\" \/>\n\t<meta property=\"og:image:height\" content=\"1024\" \/>\n\t<meta property=\"og:image:type\" content=\"image\/jpeg\" \/>\n<meta name=\"twitter:card\" content=\"summary_large_image\" \/>\n<meta name=\"twitter:label1\" content=\"Est. reading time\" \/>\n\t<meta name=\"twitter:data1\" content=\"1 minute\" \/>\n<script type=\"application\/ld+json\" class=\"yoast-schema-graph\">{\"@context\":\"https:\/\/schema.org\",\"@graph\":[{\"@type\":\"WebPage\",\"@id\":\"https:\/\/aurencosmetica.com\/product\/vela-aromatica-humectante-jengibre-citrico\/\",\"url\":\"https:\/\/aurencosmetica.com\/product\/vela-aromatica-humectante-jengibre-citrico\/\",\"name\":\"Vela Arom\u00e1tica Humectante Jengibre C\u00edtrico - \u00c1uren Cosm\u00e9tica\",\"isPartOf\":{\"@id\":\"https:\/\/aurencosmetica.com\/#website\"},\"primaryImageOfPage\":{\"@id\":\"https:\/\/aurencosmetica.com\/product\/vela-aromatica-humectante-jengibre-citrico\/#primaryimage\"},\"image\":{\"@id\":\"https:\/\/aurencosmetica.com\/product\/vela-aromatica-humectante-jengibre-citrico\/#primaryimage\"},\"thumbnailUrl\":\"https:\/\/i0.wp.com\/aurencosmetica.com\/wp-content\/uploads\/2024\/08\/20250705_1346_Vela-Aromatica-Jengibre-Citrico_remix_01jzdyg6hkecxr8w3pgt3f0gp2.jpg?fit=1024%2C1024&ssl=1\",\"datePublished\":\"2024-08-18T21:38:42+00:00\",\"dateModified\":\"2026-02-27T23:44:55+00:00\",\"breadcrumb\":{\"@id\":\"https:\/\/aurencosmetica.com\/product\/vela-aromatica-humectante-jengibre-citrico\/#breadcrumb\"},\"inLanguage\":\"en-US\",\"potentialAction\":[{\"@type\":\"ReadAction\",\"target\":[\"https:\/\/aurencosmetica.com\/product\/vela-aromatica-humectante-jengibre-citrico\/\"]}]},{\"@type\":\"ImageObject\",\"inLanguage\":\"en-US\",\"@id\":\"https:\/\/aurencosmetica.com\/product\/vela-aromatica-humectante-jengibre-citrico\/#primaryimage\",\"url\":\"https:\/\/i0.wp.com\/aurencosmetica.com\/wp-content\/uploads\/2024\/08\/20250705_1346_Vela-Aromatica-Jengibre-Citrico_remix_01jzdyg6hkecxr8w3pgt3f0gp2.jpg?fit=1024%2C1024&ssl=1\",\"contentUrl\":\"https:\/\/i0.wp.com\/aurencosmetica.com\/wp-content\/uploads\/2024\/08\/20250705_1346_Vela-Aromatica-Jengibre-Citrico_remix_01jzdyg6hkecxr8w3pgt3f0gp2.jpg?fit=1024%2C1024&ssl=1\",\"width\":1024,\"height\":1024},{\"@type\":\"BreadcrumbList\",\"@id\":\"https:\/\/aurencosmetica.com\/product\/vela-aromatica-humectante-jengibre-citrico\/#breadcrumb\",\"itemListElement\":[{\"@type\":\"ListItem\",\"position\":1,\"name\":\"Portada\",\"item\":\"https:\/\/aurencosmetica.com\/\"},{\"@type\":\"ListItem\",\"position\":2,\"name\":\"Tienda\",\"item\":\"https:\/\/aurencosmetica.com\/tienda\/\"},{\"@type\":\"ListItem\",\"position\":3,\"name\":\"Vela Arom\u00e1tica Humectante Jengibre C\u00edtrico\"}]},{\"@type\":\"WebSite\",\"@id\":\"https:\/\/aurencosmetica.com\/#website\",\"url\":\"https:\/\/aurencosmetica.com\/\",\"name\":\"\u00c1uren Cosm\u00e9tica\",\"description\":\"Cosm\u00e9tica Natural\",\"publisher\":{\"@id\":\"https:\/\/aurencosmetica.com\/#organization\"},\"potentialAction\":[{\"@type\":\"SearchAction\",\"target\":{\"@type\":\"EntryPoint\",\"urlTemplate\":\"https:\/\/aurencosmetica.com\/?s={search_term_string}\"},\"query-input\":{\"@type\":\"PropertyValueSpecification\",\"valueRequired\":true,\"valueName\":\"search_term_string\"}}],\"inLanguage\":\"en-US\"},{\"@type\":\"Organization\",\"@id\":\"https:\/\/aurencosmetica.com\/#organization\",\"name\":\"\u00c1uren Cosm\u00e9tica\",\"url\":\"https:\/\/aurencosmetica.com\/\",\"logo\":{\"@type\":\"ImageObject\",\"inLanguage\":\"en-US\",\"@id\":\"https:\/\/aurencosmetica.com\/#\/schema\/logo\/image\/\",\"url\":\"https:\/\/i0.wp.com\/aurencosmetica.com\/wp-content\/uploads\/2022\/02\/Logo-Auren.png?fit=1043%2C423&ssl=1\",\"contentUrl\":\"https:\/\/i0.wp.com\/aurencosmetica.com\/wp-content\/uploads\/2022\/02\/Logo-Auren.png?fit=1043%2C423&ssl=1\",\"width\":1043,\"height\":423,\"caption\":\"\u00c1uren Cosm\u00e9tica\"},\"image\":{\"@id\":\"https:\/\/aurencosmetica.com\/#\/schema\/logo\/image\/\"}}]}<\/script>\n<!-- \/ Yoast SEO plugin. -->","yoast_head_json":{"title":"Vela Arom\u00e1tica Humectante Jengibre C\u00edtrico - \u00c1uren Cosm\u00e9tica","robots":{"index":"index","follow":"follow","max-snippet":"max-snippet:-1","max-image-preview":"max-image-preview:large","max-video-preview":"max-video-preview:-1"},"canonical":"https:\/\/aurencosmetica.com\/en\/product\/vela-aromatica-humectante-jengibre-citrico\/","og_locale":"en_US","og_type":"article","og_title":"Vela Arom\u00e1tica Humectante Jengibre C\u00edtrico - \u00c1uren Cosm\u00e9tica","og_description":"Instrucciones de Uso:   Enciende tu vela . La primera vez que lo hagas, d\u00e9jala prendida hasta que toda la superficie de la vela se haya fundido.  Apaga tu vela antes de usar su aceite tibio para un suabe masaje ,\u00a0 antes de prender la vela de nuevo verifica si el pabilo requiere ser centrado nuevamente, reaj\u00fastalo con el mismo, mientras las ceras a\u00fan est\u00e1n fundidas. Permite que las ceras se solidifiquen antes de volver a encender la vela.  Disfruta todo el poder aromatico de nuestra vela.","og_url":"https:\/\/aurencosmetica.com\/en\/product\/vela-aromatica-humectante-jengibre-citrico\/","og_site_name":"\u00c1uren Cosm\u00e9tica","article_modified_time":"2026-02-27T23:44:55+00:00","og_image":[{"width":1024,"height":1024,"url":"https:\/\/aurencosmetica.com\/wp-content\/uploads\/2024\/08\/20250705_1346_Vela-Aromatica-Jengibre-Citrico_remix_01jzdyg6hkecxr8w3pgt3f0gp2.jpg","type":"image\/jpeg"}],"twitter_card":"summary_large_image","twitter_misc":{"Est. reading time":"1 minute"},"schema":{"@context":"https:\/\/schema.org","@graph":[{"@type":"WebPage","@id":"https:\/\/aurencosmetica.com\/product\/vela-aromatica-humectante-jengibre-citrico\/","url":"https:\/\/aurencosmetica.com\/product\/vela-aromatica-humectante-jengibre-citrico\/","name":"Vela Arom\u00e1tica Humectante Jengibre C\u00edtrico - \u00c1uren Cosm\u00e9tica","isPartOf":{"@id":"https:\/\/aurencosmetica.com\/#website"},"primaryImageOfPage":{"@id":"https:\/\/aurencosmetica.com\/product\/vela-aromatica-humectante-jengibre-citrico\/#primaryimage"},"image":{"@id":"https:\/\/aurencosmetica.com\/product\/vela-aromatica-humectante-jengibre-citrico\/#primaryimage"},"thumbnailUrl":"https:\/\/i0.wp.com\/aurencosmetica.com\/wp-content\/uploads\/2024\/08\/20250705_1346_Vela-Aromatica-Jengibre-Citrico_remix_01jzdyg6hkecxr8w3pgt3f0gp2.jpg?fit=1024%2C1024&ssl=1","datePublished":"2024-08-18T21:38:42+00:00","dateModified":"2026-02-27T23:44:55+00:00","breadcrumb":{"@id":"https:\/\/aurencosmetica.com\/product\/vela-aromatica-humectante-jengibre-citrico\/#breadcrumb"},"inLanguage":"en-US","potentialAction":[{"@type":"ReadAction","target":["https:\/\/aurencosmetica.com\/product\/vela-aromatica-humectante-jengibre-citrico\/"]}]},{"@type":"ImageObject","inLanguage":"en-US","@id":"https:\/\/aurencosmetica.com\/product\/vela-aromatica-humectante-jengibre-citrico\/#primaryimage","url":"https:\/\/i0.wp.com\/aurencosmetica.com\/wp-content\/uploads\/2024\/08\/20250705_1346_Vela-Aromatica-Jengibre-Citrico_remix_01jzdyg6hkecxr8w3pgt3f0gp2.jpg?fit=1024%2C1024&ssl=1","contentUrl":"https:\/\/i0.wp.com\/aurencosmetica.com\/wp-content\/uploads\/2024\/08\/20250705_1346_Vela-Aromatica-Jengibre-Citrico_remix_01jzdyg6hkecxr8w3pgt3f0gp2.jpg?fit=1024%2C1024&ssl=1","width":1024,"height":1024},{"@type":"BreadcrumbList","@id":"https:\/\/aurencosmetica.com\/product\/vela-aromatica-humectante-jengibre-citrico\/#breadcrumb","itemListElement":[{"@type":"ListItem","position":1,"name":"Portada","item":"https:\/\/aurencosmetica.com\/"},{"@type":"ListItem","position":2,"name":"Tienda","item":"https:\/\/aurencosmetica.com\/tienda\/"},{"@type":"ListItem","position":3,"name":"Vela Arom\u00e1tica Humectante Jengibre C\u00edtrico"}]},{"@type":"WebSite","@id":"https:\/\/aurencosmetica.com\/#website","url":"https:\/\/aurencosmetica.com\/","name":"\u00c1uren Cosm\u00e9tica","description":"Cosm\u00e9tica Natural","publisher":{"@id":"https:\/\/aurencosmetica.com\/#organization"},"potentialAction":[{"@type":"SearchAction","target":{"@type":"EntryPoint","urlTemplate":"https:\/\/aurencosmetica.com\/?s={search_term_string}"},"query-input":{"@type":"PropertyValueSpecification","valueRequired":true,"valueName":"search_term_string"}}],"inLanguage":"en-US"},{"@type":"Organization","@id":"https:\/\/aurencosmetica.com\/#organization","name":"\u00c1uren Cosm\u00e9tica","url":"https:\/\/aurencosmetica.com\/","logo":{"@type":"ImageObject","inLanguage":"en-US","@id":"https:\/\/aurencosmetica.com\/#\/schema\/logo\/image\/","url":"https:\/\/i0.wp.com\/aurencosmetica.com\/wp-content\/uploads\/2022\/02\/Logo-Auren.png?fit=1043%2C423&ssl=1","contentUrl":"https:\/\/i0.wp.com\/aurencosmetica.com\/wp-content\/uploads\/2022\/02\/Logo-Auren.png?fit=1043%2C423&ssl=1","width":1043,"height":423,"caption":"\u00c1uren Cosm\u00e9tica"},"image":{"@id":"https:\/\/aurencosmetica.com\/#\/schema\/logo\/image\/"}}]}},"jetpack_publicize_connections":[],"jetpack_sharing_enabled":true,"_links":{"self":[{"href":"https:\/\/aurencosmetica.com\/en\/wp-json\/wp\/v2\/product\/8226","targetHints":{"allow":["GET"]}}],"collection":[{"href":"https:\/\/aurencosmetica.com\/en\/wp-json\/wp\/v2\/product"}],"about":[{"href":"https:\/\/aurencosmetica.com\/en\/wp-json\/wp\/v2\/types\/product"}],"replies":[{"embeddable":true,"href":"https:\/\/aurencosmetica.com\/en\/wp-json\/wp\/v2\/comments?post=8226"}],"wp:featuredmedia":[{"embeddable":true,"href":"https:\/\/aurencosmetica.com\/en\/wp-json\/wp\/v2\/media\/8829"}],"wp:attachment":[{"href":"https:\/\/aurencosmetica.com\/en\/wp-json\/wp\/v2\/media?parent=8226"}],"wp:term":[{"taxonomy":"product_brand","embeddable":true,"href":"https:\/\/aurencosmetica.com\/en\/wp-json\/wp\/v2\/product_brand?post=8226"},{"taxonomy":"product_cat","embeddable":true,"href":"https:\/\/aurencosmetica.com\/en\/wp-json\/wp\/v2\/product_cat?post=8226"},{"taxonomy":"product_tag","embeddable":true,"href":"https:\/\/aurencosmetica.com\/en\/wp-json\/wp\/v2\/product_tag?post=8226"}],"curies":[{"name":"wp","href":"https:\/\/api.w.org\/{rel}","templated":true}]}}