{"id":8072,"date":"2024-01-31T16:30:17","date_gmt":"2024-01-31T16:30:17","guid":{"rendered":"https:\/\/aurencosmetica.com\/?post_type=product&#038;p=8072"},"modified":"2026-02-27T23:19:30","modified_gmt":"2026-02-27T23:19:30","slug":"jabon-glicerina-barber","status":"publish","type":"product","link":"https:\/\/aurencosmetica.com\/en\/product\/jabon-glicerina-barber\/","title":{"rendered":"Jab\u00f3n Glicerina Barber"},"content":{"rendered":"<p>Haz de tu rutina diaria un ritual de cuidado que celebra la frescura y el equilibrio. Nuestro Jab\u00f3n de Glicerina con aceite de maracuy\u00e1, salvia, tea tree y prontoalivio est\u00e1 aqu\u00ed para brindarte la frescura que mereces. \u00a1Eleva tu rutina de cuidado a un nuevo nivel y disfruta de la vitalidad en cada gota!<\/p>\n<p>Ya sea en la ducha, para el afeitado o como limpiador facial, cada aplicaci\u00f3n de nuestro Jab\u00f3n de Glicerina es una experiencia completa de cuidado personal. Este jab\u00f3n no solo limpia, sino que tambi\u00e9n activa y renueva, prepar\u00e1ndote para enfrentar cada d\u00eda con vigor y frescura.<\/p>\n<p>Lo que realmente distingue a nuestro jab\u00f3n es el tr\u00edo de aceites esenciales. La salvia, con su aroma herbal, el tea tree conocido por sus propiedades purificantes, y el prontoalivio con su frescura revigorizante, se unen para formar una sinfon\u00eda \u00fanica. Este aroma herbal y fresco no solo equilibra la piel masculina, sino que tambi\u00e9n invita a un ba\u00f1o activador y renovador perfecto para comenzar el d\u00eda con energ\u00eda y vitalidad.<\/p>\n<p>Humedece el rostro con agua tibia para que el jab\u00f3n se deslice f\u00e1cilmente, con las manos h\u00famedas y la yema de los dedos aplica el jab\u00f3n con movimientos circulares por un minuto y luego retira\u00a0 con abundante agua. Tambi\u00e9n puede ser usado como mascarilla dejando su espuma de 5 a 10 minutos.<\/p>","protected":false},"excerpt":{"rendered":"<p>\u00a1Despierta tus sentidos con nuestro excepcional <strong>Jab\u00f3n de Glicerina Barber<\/strong>, un elixir especialmente dise\u00f1ado para las pieles masculinas, con la poderosa combinaci\u00f3n de glicerina de aceite de maracuy\u00e1 y los aceites esenciales de <strong>salvia, tea tree y prontoalivio<\/strong>!<\/p>\n<p>Este jab\u00f3n no es solo una elecci\u00f3n, es una declaraci\u00f3n de frescura y vitalidad para los hombres que buscan un cuidado de la piel excepcional. La glicerina de aceite de maracuy\u00e1, suave como un suspiro, acaricia tu piel, proporcionando una hidrataci\u00f3n superior.<\/p>\n<p>100 gr<\/p>\n<p>&nbsp;<\/p>","protected":false},"featured_media":8822,"comment_status":"closed","ping_status":"closed","template":"","meta":{"content-type":"","_joinchat":[],"jetpack_publicize_message":"","jetpack_publicize_feature_enabled":true,"jetpack_social_post_already_shared":true,"jetpack_social_options":{"image_generator_settings":{"template":"highway","default_image_id":0,"enabled":false},"version":2}},"product_brand":[],"product_cat":[140,141],"product_tag":[260,376,280,332,377,287],"class_list":{"0":"post-8072","1":"product","2":"type-product","3":"status-publish","4":"has-post-thumbnail","6":"product_cat-cuidado-facial","7":"product_cat-rostro","8":"product_tag-aceites-esenciales","9":"product_tag-cuidado-facial","10":"product_tag-piel-delicada","11":"product_tag-piel-masculina","12":"product_tag-prontoalivio","13":"product_tag-salvia","15":"first","16":"instock","17":"purchasable","18":"product-type-simple"},"yoast_head":"<!-- This site is optimized with the Yoast SEO plugin v25.7 - https:\/\/yoast.com\/wordpress\/plugins\/seo\/ -->\n<title>Jab\u00f3n Glicerina Barber - \u00c1uren Cosm\u00e9tica<\/title>\n<meta name=\"robots\" content=\"index, follow, max-snippet:-1, max-image-preview:large, max-video-preview:-1\" \/>\n<link rel=\"canonical\" href=\"https:\/\/aurencosmetica.com\/en\/product\/jabon-glicerina-barber\/\" \/>\n<meta property=\"og:locale\" content=\"en_US\" \/>\n<meta property=\"og:type\" content=\"article\" \/>\n<meta property=\"og:title\" content=\"Jab\u00f3n Glicerina Barber - \u00c1uren Cosm\u00e9tica\" \/>\n<meta property=\"og:description\" content=\"\u00a1Despierta tus sentidos con nuestro excepcional Jab\u00f3n de Glicerina Barber, un elixir especialmente dise\u00f1ado para las pieles masculinas, con la poderosa combinaci\u00f3n de glicerina de aceite de maracuy\u00e1 y los aceites esenciales de salvia, tea tree y prontoalivio!  Este jab\u00f3n no es solo una elecci\u00f3n, es una declaraci\u00f3n de frescura y vitalidad para los hombres que buscan un cuidado de la piel excepcional. La glicerina de aceite de maracuy\u00e1, suave como un suspiro, acaricia tu piel, proporcionando una hidrataci\u00f3n superior.  100 gr  &nbsp;\" \/>\n<meta property=\"og:url\" content=\"https:\/\/aurencosmetica.com\/en\/product\/jabon-glicerina-barber\/\" \/>\n<meta property=\"og:site_name\" content=\"\u00c1uren Cosm\u00e9tica\" \/>\n<meta property=\"article:modified_time\" content=\"2026-02-27T23:19:30+00:00\" \/>\n<meta property=\"og:image\" content=\"https:\/\/aurencosmetica.com\/wp-content\/uploads\/2024\/01\/20250704_1559_Jabon-Glicerina-Barber_remix_01jzbkr1a7eqpr49k450dknknt.jpg\" \/>\n\t<meta property=\"og:image:width\" content=\"1024\" \/>\n\t<meta property=\"og:image:height\" content=\"1024\" \/>\n\t<meta property=\"og:image:type\" content=\"image\/jpeg\" \/>\n<meta name=\"twitter:card\" content=\"summary_large_image\" \/>\n<meta name=\"twitter:label1\" content=\"Est. reading time\" \/>\n\t<meta name=\"twitter:data1\" content=\"2 minutes\" \/>\n<script type=\"application\/ld+json\" class=\"yoast-schema-graph\">{\"@context\":\"https:\/\/schema.org\",\"@graph\":[{\"@type\":\"WebPage\",\"@id\":\"https:\/\/aurencosmetica.com\/product\/jabon-glicerina-barber\/\",\"url\":\"https:\/\/aurencosmetica.com\/product\/jabon-glicerina-barber\/\",\"name\":\"Jab\u00f3n Glicerina Barber - \u00c1uren Cosm\u00e9tica\",\"isPartOf\":{\"@id\":\"https:\/\/aurencosmetica.com\/#website\"},\"primaryImageOfPage\":{\"@id\":\"https:\/\/aurencosmetica.com\/product\/jabon-glicerina-barber\/#primaryimage\"},\"image\":{\"@id\":\"https:\/\/aurencosmetica.com\/product\/jabon-glicerina-barber\/#primaryimage\"},\"thumbnailUrl\":\"https:\/\/i0.wp.com\/aurencosmetica.com\/wp-content\/uploads\/2024\/01\/20250704_1559_Jabon-Glicerina-Barber_remix_01jzbkr1a7eqpr49k450dknknt.jpg?fit=1024%2C1024&ssl=1\",\"datePublished\":\"2024-01-31T16:30:17+00:00\",\"dateModified\":\"2026-02-27T23:19:30+00:00\",\"breadcrumb\":{\"@id\":\"https:\/\/aurencosmetica.com\/product\/jabon-glicerina-barber\/#breadcrumb\"},\"inLanguage\":\"en-US\",\"potentialAction\":[{\"@type\":\"ReadAction\",\"target\":[\"https:\/\/aurencosmetica.com\/product\/jabon-glicerina-barber\/\"]}]},{\"@type\":\"ImageObject\",\"inLanguage\":\"en-US\",\"@id\":\"https:\/\/aurencosmetica.com\/product\/jabon-glicerina-barber\/#primaryimage\",\"url\":\"https:\/\/i0.wp.com\/aurencosmetica.com\/wp-content\/uploads\/2024\/01\/20250704_1559_Jabon-Glicerina-Barber_remix_01jzbkr1a7eqpr49k450dknknt.jpg?fit=1024%2C1024&ssl=1\",\"contentUrl\":\"https:\/\/i0.wp.com\/aurencosmetica.com\/wp-content\/uploads\/2024\/01\/20250704_1559_Jabon-Glicerina-Barber_remix_01jzbkr1a7eqpr49k450dknknt.jpg?fit=1024%2C1024&ssl=1\",\"width\":1024,\"height\":1024},{\"@type\":\"BreadcrumbList\",\"@id\":\"https:\/\/aurencosmetica.com\/product\/jabon-glicerina-barber\/#breadcrumb\",\"itemListElement\":[{\"@type\":\"ListItem\",\"position\":1,\"name\":\"Portada\",\"item\":\"https:\/\/aurencosmetica.com\/\"},{\"@type\":\"ListItem\",\"position\":2,\"name\":\"Tienda\",\"item\":\"https:\/\/aurencosmetica.com\/tienda\/\"},{\"@type\":\"ListItem\",\"position\":3,\"name\":\"Jab\u00f3n Glicerina Barber\"}]},{\"@type\":\"WebSite\",\"@id\":\"https:\/\/aurencosmetica.com\/#website\",\"url\":\"https:\/\/aurencosmetica.com\/\",\"name\":\"\u00c1uren Cosm\u00e9tica\",\"description\":\"Cosm\u00e9tica Natural\",\"publisher\":{\"@id\":\"https:\/\/aurencosmetica.com\/#organization\"},\"potentialAction\":[{\"@type\":\"SearchAction\",\"target\":{\"@type\":\"EntryPoint\",\"urlTemplate\":\"https:\/\/aurencosmetica.com\/?s={search_term_string}\"},\"query-input\":{\"@type\":\"PropertyValueSpecification\",\"valueRequired\":true,\"valueName\":\"search_term_string\"}}],\"inLanguage\":\"en-US\"},{\"@type\":\"Organization\",\"@id\":\"https:\/\/aurencosmetica.com\/#organization\",\"name\":\"\u00c1uren Cosm\u00e9tica\",\"url\":\"https:\/\/aurencosmetica.com\/\",\"logo\":{\"@type\":\"ImageObject\",\"inLanguage\":\"en-US\",\"@id\":\"https:\/\/aurencosmetica.com\/#\/schema\/logo\/image\/\",\"url\":\"https:\/\/i0.wp.com\/aurencosmetica.com\/wp-content\/uploads\/2022\/02\/Logo-Auren.png?fit=1043%2C423&ssl=1\",\"contentUrl\":\"https:\/\/i0.wp.com\/aurencosmetica.com\/wp-content\/uploads\/2022\/02\/Logo-Auren.png?fit=1043%2C423&ssl=1\",\"width\":1043,\"height\":423,\"caption\":\"\u00c1uren Cosm\u00e9tica\"},\"image\":{\"@id\":\"https:\/\/aurencosmetica.com\/#\/schema\/logo\/image\/\"}}]}<\/script>\n<!-- \/ Yoast SEO plugin. -->","yoast_head_json":{"title":"Jab\u00f3n Glicerina Barber - \u00c1uren Cosm\u00e9tica","robots":{"index":"index","follow":"follow","max-snippet":"max-snippet:-1","max-image-preview":"max-image-preview:large","max-video-preview":"max-video-preview:-1"},"canonical":"https:\/\/aurencosmetica.com\/en\/product\/jabon-glicerina-barber\/","og_locale":"en_US","og_type":"article","og_title":"Jab\u00f3n Glicerina Barber - \u00c1uren Cosm\u00e9tica","og_description":"\u00a1Despierta tus sentidos con nuestro excepcional Jab\u00f3n de Glicerina Barber, un elixir especialmente dise\u00f1ado para las pieles masculinas, con la poderosa combinaci\u00f3n de glicerina de aceite de maracuy\u00e1 y los aceites esenciales de salvia, tea tree y prontoalivio!  Este jab\u00f3n no es solo una elecci\u00f3n, es una declaraci\u00f3n de frescura y vitalidad para los hombres que buscan un cuidado de la piel excepcional. La glicerina de aceite de maracuy\u00e1, suave como un suspiro, acaricia tu piel, proporcionando una hidrataci\u00f3n superior.  100 gr  &nbsp;","og_url":"https:\/\/aurencosmetica.com\/en\/product\/jabon-glicerina-barber\/","og_site_name":"\u00c1uren Cosm\u00e9tica","article_modified_time":"2026-02-27T23:19:30+00:00","og_image":[{"width":1024,"height":1024,"url":"https:\/\/aurencosmetica.com\/wp-content\/uploads\/2024\/01\/20250704_1559_Jabon-Glicerina-Barber_remix_01jzbkr1a7eqpr49k450dknknt.jpg","type":"image\/jpeg"}],"twitter_card":"summary_large_image","twitter_misc":{"Est. reading time":"2 minutes"},"schema":{"@context":"https:\/\/schema.org","@graph":[{"@type":"WebPage","@id":"https:\/\/aurencosmetica.com\/product\/jabon-glicerina-barber\/","url":"https:\/\/aurencosmetica.com\/product\/jabon-glicerina-barber\/","name":"Jab\u00f3n Glicerina Barber - \u00c1uren Cosm\u00e9tica","isPartOf":{"@id":"https:\/\/aurencosmetica.com\/#website"},"primaryImageOfPage":{"@id":"https:\/\/aurencosmetica.com\/product\/jabon-glicerina-barber\/#primaryimage"},"image":{"@id":"https:\/\/aurencosmetica.com\/product\/jabon-glicerina-barber\/#primaryimage"},"thumbnailUrl":"https:\/\/i0.wp.com\/aurencosmetica.com\/wp-content\/uploads\/2024\/01\/20250704_1559_Jabon-Glicerina-Barber_remix_01jzbkr1a7eqpr49k450dknknt.jpg?fit=1024%2C1024&ssl=1","datePublished":"2024-01-31T16:30:17+00:00","dateModified":"2026-02-27T23:19:30+00:00","breadcrumb":{"@id":"https:\/\/aurencosmetica.com\/product\/jabon-glicerina-barber\/#breadcrumb"},"inLanguage":"en-US","potentialAction":[{"@type":"ReadAction","target":["https:\/\/aurencosmetica.com\/product\/jabon-glicerina-barber\/"]}]},{"@type":"ImageObject","inLanguage":"en-US","@id":"https:\/\/aurencosmetica.com\/product\/jabon-glicerina-barber\/#primaryimage","url":"https:\/\/i0.wp.com\/aurencosmetica.com\/wp-content\/uploads\/2024\/01\/20250704_1559_Jabon-Glicerina-Barber_remix_01jzbkr1a7eqpr49k450dknknt.jpg?fit=1024%2C1024&ssl=1","contentUrl":"https:\/\/i0.wp.com\/aurencosmetica.com\/wp-content\/uploads\/2024\/01\/20250704_1559_Jabon-Glicerina-Barber_remix_01jzbkr1a7eqpr49k450dknknt.jpg?fit=1024%2C1024&ssl=1","width":1024,"height":1024},{"@type":"BreadcrumbList","@id":"https:\/\/aurencosmetica.com\/product\/jabon-glicerina-barber\/#breadcrumb","itemListElement":[{"@type":"ListItem","position":1,"name":"Portada","item":"https:\/\/aurencosmetica.com\/"},{"@type":"ListItem","position":2,"name":"Tienda","item":"https:\/\/aurencosmetica.com\/tienda\/"},{"@type":"ListItem","position":3,"name":"Jab\u00f3n Glicerina Barber"}]},{"@type":"WebSite","@id":"https:\/\/aurencosmetica.com\/#website","url":"https:\/\/aurencosmetica.com\/","name":"\u00c1uren Cosm\u00e9tica","description":"Cosm\u00e9tica Natural","publisher":{"@id":"https:\/\/aurencosmetica.com\/#organization"},"potentialAction":[{"@type":"SearchAction","target":{"@type":"EntryPoint","urlTemplate":"https:\/\/aurencosmetica.com\/?s={search_term_string}"},"query-input":{"@type":"PropertyValueSpecification","valueRequired":true,"valueName":"search_term_string"}}],"inLanguage":"en-US"},{"@type":"Organization","@id":"https:\/\/aurencosmetica.com\/#organization","name":"\u00c1uren Cosm\u00e9tica","url":"https:\/\/aurencosmetica.com\/","logo":{"@type":"ImageObject","inLanguage":"en-US","@id":"https:\/\/aurencosmetica.com\/#\/schema\/logo\/image\/","url":"https:\/\/i0.wp.com\/aurencosmetica.com\/wp-content\/uploads\/2022\/02\/Logo-Auren.png?fit=1043%2C423&ssl=1","contentUrl":"https:\/\/i0.wp.com\/aurencosmetica.com\/wp-content\/uploads\/2022\/02\/Logo-Auren.png?fit=1043%2C423&ssl=1","width":1043,"height":423,"caption":"\u00c1uren Cosm\u00e9tica"},"image":{"@id":"https:\/\/aurencosmetica.com\/#\/schema\/logo\/image\/"}}]}},"jetpack_publicize_connections":[],"jetpack_sharing_enabled":true,"_links":{"self":[{"href":"https:\/\/aurencosmetica.com\/en\/wp-json\/wp\/v2\/product\/8072","targetHints":{"allow":["GET"]}}],"collection":[{"href":"https:\/\/aurencosmetica.com\/en\/wp-json\/wp\/v2\/product"}],"about":[{"href":"https:\/\/aurencosmetica.com\/en\/wp-json\/wp\/v2\/types\/product"}],"replies":[{"embeddable":true,"href":"https:\/\/aurencosmetica.com\/en\/wp-json\/wp\/v2\/comments?post=8072"}],"wp:featuredmedia":[{"embeddable":true,"href":"https:\/\/aurencosmetica.com\/en\/wp-json\/wp\/v2\/media\/8822"}],"wp:attachment":[{"href":"https:\/\/aurencosmetica.com\/en\/wp-json\/wp\/v2\/media?parent=8072"}],"wp:term":[{"taxonomy":"product_brand","embeddable":true,"href":"https:\/\/aurencosmetica.com\/en\/wp-json\/wp\/v2\/product_brand?post=8072"},{"taxonomy":"product_cat","embeddable":true,"href":"https:\/\/aurencosmetica.com\/en\/wp-json\/wp\/v2\/product_cat?post=8072"},{"taxonomy":"product_tag","embeddable":true,"href":"https:\/\/aurencosmetica.com\/en\/wp-json\/wp\/v2\/product_tag?post=8072"}],"curies":[{"name":"wp","href":"https:\/\/api.w.org\/{rel}","templated":true}]}}