{"id":8065,"date":"2024-01-31T16:00:38","date_gmt":"2024-01-31T16:00:38","guid":{"rendered":"https:\/\/aurencosmetica.com\/?post_type=product&#038;p=8065"},"modified":"2026-02-27T23:48:19","modified_gmt":"2026-02-27T23:48:19","slug":"jabon-glicerina-flores-amarillas","status":"publish","type":"product","link":"https:\/\/aurencosmetica.com\/en\/product\/jabon-glicerina-flores-amarillas\/","title":{"rendered":"Jab\u00f3n Glicerina Flores Amarillas"},"content":{"rendered":"<p>Permite que nuestro <strong>Jab\u00f3n de Glicerina Flores Amarillas <\/strong>con aceite de maracuy\u00e1, extracto de <strong>cal\u00e9ndula y manzanilla<\/strong> sea tu elecci\u00f3n para el cuidado m\u00e1s amoroso. \u00a1Descubre la frescura natural y la delicadeza que tu piel merece y convierte cada ba\u00f1o en un abrazo reconfortante de la naturaleza!<\/p>\n<p>Imagina un ba\u00f1o suave y nutritivo, dise\u00f1ado espec\u00edficamente para pieles delicadas y tiernas. La glicerina de aceite de maracuy\u00e1 acaricia la piel con ternura, mientras que el extracto de <strong>cal\u00e9ndula y manzanilla<\/strong>, como un abrazo suave de la naturaleza, proporciona el cuidado m\u00e1s amoroso. Este jab\u00f3n es m\u00e1s que un producto; es un gesto de cari\u00f1o para las pieles m\u00e1s sensibles.<\/p>\n<p>Lo que hace a\u00fan m\u00e1s especial a nuestro jab\u00f3n es el dulce aroma a miel propio de las flores de la manzanilla romana. Este perfume delicado no solo estimula los sentidos, sino que tambi\u00e9n tiene el poder de relajar y recuperar la piel. Cada aplicaci\u00f3n se convierte en un ritual de calma y nutrici\u00f3n, perfecto para mimar y consentir tanto a adultos con pieles delicadas como a los m\u00e1s peque\u00f1os.<\/p>\n<p>Este jab\u00f3n es un viaje sensorial que transforma cada ba\u00f1o en un momento de dulzura y amor. La fragancia de miel y las propiedades relajantes de la manzanilla hacen que sea ideal para pieles delicadas y, especialmente, para el cuidado suave de los beb\u00e9s.<\/p>\n<p>Humedece el rostro con agua tibia para que el jab\u00f3n se deslice f\u00e1cilmente, con las manos h\u00famedas y la yema de los dedos aplica el jab\u00f3n con movimientos circulares por un minuto y luego retira\u00a0 con abundante agua. Tambi\u00e9n puede ser usado como mascarilla dejando su espuma de 5 a 10 minutos.<\/p>","protected":false},"excerpt":{"rendered":"<p>\u00a1Bienvenido a la delicadeza y al cari\u00f1o encapsulados en nuestro exquisito <strong>Jab\u00f3n de Glicerina Flores Amarillas<\/strong>, una joya de bienestar dise\u00f1ada con amor para las pieles m\u00e1s delicadas, incluso las de los beb\u00e9s! Este jab\u00f3n, un regalo de la naturaleza, fusiona la suavidad de la glicerina de aceite de maracuy\u00e1 con el cuidado puro del <strong>extracto de cal\u00e9ndula y manzanilla.<\/strong><\/p>\n<p>Imagina un ba\u00f1o suave y nutritivo, dise\u00f1ado espec\u00edficamente para pieles delicadas y tiernas. La glicerina de aceite de maracuy\u00e1 acaricia la piel con ternura, mientras que el extracto de cal\u00e9ndula y manzanilla, como un abrazo suave de la naturaleza, proporciona el cuidado m\u00e1s amoroso. Este jab\u00f3n es m\u00e1s que un producto; es un gesto de cari\u00f1o para las pieles m\u00e1s sensibles.<\/p>\n<p>100 gramos<\/p>\n<p>&nbsp;<\/p>","protected":false},"featured_media":8785,"comment_status":"closed","ping_status":"closed","template":"","meta":{"content-type":"","_joinchat":[],"jetpack_publicize_message":"","jetpack_publicize_feature_enabled":true,"jetpack_social_post_already_shared":true,"jetpack_social_options":{"image_generator_settings":{"template":"highway","default_image_id":0,"enabled":false},"version":2}},"product_brand":[],"product_cat":[140,195,141],"product_tag":[260,379,281,376,378,330,280],"class_list":{"0":"post-8065","1":"product","2":"type-product","3":"status-publish","4":"has-post-thumbnail","6":"product_cat-cuidado-facial","7":"product_cat-flores-amarillas","8":"product_cat-rostro","9":"product_tag-aceites-esenciales","10":"product_tag-bebes","11":"product_tag-calendula","12":"product_tag-cuidado-facial","13":"product_tag-jabon-miel","14":"product_tag-manzanilla","15":"product_tag-piel-delicada","17":"first","18":"instock","19":"purchasable","20":"product-type-simple"},"yoast_head":"<!-- This site is optimized with the Yoast SEO plugin v25.7 - https:\/\/yoast.com\/wordpress\/plugins\/seo\/ -->\n<title>Jab\u00f3n Glicerina Flores Amarillas - \u00c1uren Cosm\u00e9tica<\/title>\n<meta name=\"robots\" content=\"index, follow, max-snippet:-1, max-image-preview:large, max-video-preview:-1\" \/>\n<link rel=\"canonical\" href=\"https:\/\/aurencosmetica.com\/en\/product\/jabon-glicerina-flores-amarillas\/\" \/>\n<meta property=\"og:locale\" content=\"en_US\" \/>\n<meta property=\"og:type\" content=\"article\" \/>\n<meta property=\"og:title\" content=\"Jab\u00f3n Glicerina Flores Amarillas - \u00c1uren Cosm\u00e9tica\" \/>\n<meta property=\"og:description\" content=\"\u00a1Bienvenido a la delicadeza y al cari\u00f1o encapsulados en nuestro exquisito Jab\u00f3n de Glicerina Flores Amarillas, una joya de bienestar dise\u00f1ada con amor para las pieles m\u00e1s delicadas, incluso las de los beb\u00e9s! Este jab\u00f3n, un regalo de la naturaleza, fusiona la suavidad de la glicerina de aceite de maracuy\u00e1 con el cuidado puro del extracto de cal\u00e9ndula y manzanilla.  Imagina un ba\u00f1o suave y nutritivo, dise\u00f1ado espec\u00edficamente para pieles delicadas y tiernas. La glicerina de aceite de maracuy\u00e1 acaricia la piel con ternura, mientras que el extracto de cal\u00e9ndula y manzanilla, como un abrazo suave de la naturaleza, proporciona el cuidado m\u00e1s amoroso. Este jab\u00f3n es m\u00e1s que un producto; es un gesto de cari\u00f1o para las pieles m\u00e1s sensibles.  100 gramos  &nbsp;\" \/>\n<meta property=\"og:url\" content=\"https:\/\/aurencosmetica.com\/en\/product\/jabon-glicerina-flores-amarillas\/\" \/>\n<meta property=\"og:site_name\" content=\"\u00c1uren Cosm\u00e9tica\" \/>\n<meta property=\"article:modified_time\" content=\"2026-02-27T23:48:19+00:00\" \/>\n<meta property=\"og:image\" content=\"https:\/\/aurencosmetica.com\/wp-content\/uploads\/2022\/12\/WhatsApp-Image-2025-07-03-at-2.38.05-PM.jpeg\" \/>\n\t<meta property=\"og:image:width\" content=\"1024\" \/>\n\t<meta property=\"og:image:height\" content=\"1536\" \/>\n\t<meta property=\"og:image:type\" content=\"image\/jpeg\" \/>\n<meta name=\"twitter:card\" content=\"summary_large_image\" \/>\n<meta name=\"twitter:label1\" content=\"Est. reading time\" \/>\n\t<meta name=\"twitter:data1\" content=\"2 minutes\" \/>\n<script type=\"application\/ld+json\" class=\"yoast-schema-graph\">{\"@context\":\"https:\/\/schema.org\",\"@graph\":[{\"@type\":\"WebPage\",\"@id\":\"https:\/\/aurencosmetica.com\/product\/jabon-glicerina-flores-amarillas\/\",\"url\":\"https:\/\/aurencosmetica.com\/product\/jabon-glicerina-flores-amarillas\/\",\"name\":\"Jab\u00f3n Glicerina Flores Amarillas - \u00c1uren Cosm\u00e9tica\",\"isPartOf\":{\"@id\":\"https:\/\/aurencosmetica.com\/#website\"},\"primaryImageOfPage\":{\"@id\":\"https:\/\/aurencosmetica.com\/product\/jabon-glicerina-flores-amarillas\/#primaryimage\"},\"image\":{\"@id\":\"https:\/\/aurencosmetica.com\/product\/jabon-glicerina-flores-amarillas\/#primaryimage\"},\"thumbnailUrl\":\"https:\/\/i0.wp.com\/aurencosmetica.com\/wp-content\/uploads\/2022\/12\/WhatsApp-Image-2025-07-03-at-2.38.05-PM.jpeg?fit=1024%2C1536&ssl=1\",\"datePublished\":\"2024-01-31T16:00:38+00:00\",\"dateModified\":\"2026-02-27T23:48:19+00:00\",\"breadcrumb\":{\"@id\":\"https:\/\/aurencosmetica.com\/product\/jabon-glicerina-flores-amarillas\/#breadcrumb\"},\"inLanguage\":\"en-US\",\"potentialAction\":[{\"@type\":\"ReadAction\",\"target\":[\"https:\/\/aurencosmetica.com\/product\/jabon-glicerina-flores-amarillas\/\"]}]},{\"@type\":\"ImageObject\",\"inLanguage\":\"en-US\",\"@id\":\"https:\/\/aurencosmetica.com\/product\/jabon-glicerina-flores-amarillas\/#primaryimage\",\"url\":\"https:\/\/i0.wp.com\/aurencosmetica.com\/wp-content\/uploads\/2022\/12\/WhatsApp-Image-2025-07-03-at-2.38.05-PM.jpeg?fit=1024%2C1536&ssl=1\",\"contentUrl\":\"https:\/\/i0.wp.com\/aurencosmetica.com\/wp-content\/uploads\/2022\/12\/WhatsApp-Image-2025-07-03-at-2.38.05-PM.jpeg?fit=1024%2C1536&ssl=1\",\"width\":1024,\"height\":1536},{\"@type\":\"BreadcrumbList\",\"@id\":\"https:\/\/aurencosmetica.com\/product\/jabon-glicerina-flores-amarillas\/#breadcrumb\",\"itemListElement\":[{\"@type\":\"ListItem\",\"position\":1,\"name\":\"Portada\",\"item\":\"https:\/\/aurencosmetica.com\/\"},{\"@type\":\"ListItem\",\"position\":2,\"name\":\"Tienda\",\"item\":\"https:\/\/aurencosmetica.com\/tienda\/\"},{\"@type\":\"ListItem\",\"position\":3,\"name\":\"Jab\u00f3n Glicerina Flores Amarillas\"}]},{\"@type\":\"WebSite\",\"@id\":\"https:\/\/aurencosmetica.com\/#website\",\"url\":\"https:\/\/aurencosmetica.com\/\",\"name\":\"\u00c1uren Cosm\u00e9tica\",\"description\":\"Cosm\u00e9tica Natural\",\"publisher\":{\"@id\":\"https:\/\/aurencosmetica.com\/#organization\"},\"potentialAction\":[{\"@type\":\"SearchAction\",\"target\":{\"@type\":\"EntryPoint\",\"urlTemplate\":\"https:\/\/aurencosmetica.com\/?s={search_term_string}\"},\"query-input\":{\"@type\":\"PropertyValueSpecification\",\"valueRequired\":true,\"valueName\":\"search_term_string\"}}],\"inLanguage\":\"en-US\"},{\"@type\":\"Organization\",\"@id\":\"https:\/\/aurencosmetica.com\/#organization\",\"name\":\"\u00c1uren Cosm\u00e9tica\",\"url\":\"https:\/\/aurencosmetica.com\/\",\"logo\":{\"@type\":\"ImageObject\",\"inLanguage\":\"en-US\",\"@id\":\"https:\/\/aurencosmetica.com\/#\/schema\/logo\/image\/\",\"url\":\"https:\/\/i0.wp.com\/aurencosmetica.com\/wp-content\/uploads\/2022\/02\/Logo-Auren.png?fit=1043%2C423&ssl=1\",\"contentUrl\":\"https:\/\/i0.wp.com\/aurencosmetica.com\/wp-content\/uploads\/2022\/02\/Logo-Auren.png?fit=1043%2C423&ssl=1\",\"width\":1043,\"height\":423,\"caption\":\"\u00c1uren Cosm\u00e9tica\"},\"image\":{\"@id\":\"https:\/\/aurencosmetica.com\/#\/schema\/logo\/image\/\"}}]}<\/script>\n<!-- \/ Yoast SEO plugin. -->","yoast_head_json":{"title":"Jab\u00f3n Glicerina Flores Amarillas - \u00c1uren Cosm\u00e9tica","robots":{"index":"index","follow":"follow","max-snippet":"max-snippet:-1","max-image-preview":"max-image-preview:large","max-video-preview":"max-video-preview:-1"},"canonical":"https:\/\/aurencosmetica.com\/en\/product\/jabon-glicerina-flores-amarillas\/","og_locale":"en_US","og_type":"article","og_title":"Jab\u00f3n Glicerina Flores Amarillas - \u00c1uren Cosm\u00e9tica","og_description":"\u00a1Bienvenido a la delicadeza y al cari\u00f1o encapsulados en nuestro exquisito Jab\u00f3n de Glicerina Flores Amarillas, una joya de bienestar dise\u00f1ada con amor para las pieles m\u00e1s delicadas, incluso las de los beb\u00e9s! Este jab\u00f3n, un regalo de la naturaleza, fusiona la suavidad de la glicerina de aceite de maracuy\u00e1 con el cuidado puro del extracto de cal\u00e9ndula y manzanilla.  Imagina un ba\u00f1o suave y nutritivo, dise\u00f1ado espec\u00edficamente para pieles delicadas y tiernas. La glicerina de aceite de maracuy\u00e1 acaricia la piel con ternura, mientras que el extracto de cal\u00e9ndula y manzanilla, como un abrazo suave de la naturaleza, proporciona el cuidado m\u00e1s amoroso. Este jab\u00f3n es m\u00e1s que un producto; es un gesto de cari\u00f1o para las pieles m\u00e1s sensibles.  100 gramos  &nbsp;","og_url":"https:\/\/aurencosmetica.com\/en\/product\/jabon-glicerina-flores-amarillas\/","og_site_name":"\u00c1uren Cosm\u00e9tica","article_modified_time":"2026-02-27T23:48:19+00:00","og_image":[{"width":1024,"height":1536,"url":"https:\/\/aurencosmetica.com\/wp-content\/uploads\/2022\/12\/WhatsApp-Image-2025-07-03-at-2.38.05-PM.jpeg","type":"image\/jpeg"}],"twitter_card":"summary_large_image","twitter_misc":{"Est. reading time":"2 minutes"},"schema":{"@context":"https:\/\/schema.org","@graph":[{"@type":"WebPage","@id":"https:\/\/aurencosmetica.com\/product\/jabon-glicerina-flores-amarillas\/","url":"https:\/\/aurencosmetica.com\/product\/jabon-glicerina-flores-amarillas\/","name":"Jab\u00f3n Glicerina Flores Amarillas - \u00c1uren Cosm\u00e9tica","isPartOf":{"@id":"https:\/\/aurencosmetica.com\/#website"},"primaryImageOfPage":{"@id":"https:\/\/aurencosmetica.com\/product\/jabon-glicerina-flores-amarillas\/#primaryimage"},"image":{"@id":"https:\/\/aurencosmetica.com\/product\/jabon-glicerina-flores-amarillas\/#primaryimage"},"thumbnailUrl":"https:\/\/i0.wp.com\/aurencosmetica.com\/wp-content\/uploads\/2022\/12\/WhatsApp-Image-2025-07-03-at-2.38.05-PM.jpeg?fit=1024%2C1536&ssl=1","datePublished":"2024-01-31T16:00:38+00:00","dateModified":"2026-02-27T23:48:19+00:00","breadcrumb":{"@id":"https:\/\/aurencosmetica.com\/product\/jabon-glicerina-flores-amarillas\/#breadcrumb"},"inLanguage":"en-US","potentialAction":[{"@type":"ReadAction","target":["https:\/\/aurencosmetica.com\/product\/jabon-glicerina-flores-amarillas\/"]}]},{"@type":"ImageObject","inLanguage":"en-US","@id":"https:\/\/aurencosmetica.com\/product\/jabon-glicerina-flores-amarillas\/#primaryimage","url":"https:\/\/i0.wp.com\/aurencosmetica.com\/wp-content\/uploads\/2022\/12\/WhatsApp-Image-2025-07-03-at-2.38.05-PM.jpeg?fit=1024%2C1536&ssl=1","contentUrl":"https:\/\/i0.wp.com\/aurencosmetica.com\/wp-content\/uploads\/2022\/12\/WhatsApp-Image-2025-07-03-at-2.38.05-PM.jpeg?fit=1024%2C1536&ssl=1","width":1024,"height":1536},{"@type":"BreadcrumbList","@id":"https:\/\/aurencosmetica.com\/product\/jabon-glicerina-flores-amarillas\/#breadcrumb","itemListElement":[{"@type":"ListItem","position":1,"name":"Portada","item":"https:\/\/aurencosmetica.com\/"},{"@type":"ListItem","position":2,"name":"Tienda","item":"https:\/\/aurencosmetica.com\/tienda\/"},{"@type":"ListItem","position":3,"name":"Jab\u00f3n Glicerina Flores Amarillas"}]},{"@type":"WebSite","@id":"https:\/\/aurencosmetica.com\/#website","url":"https:\/\/aurencosmetica.com\/","name":"\u00c1uren Cosm\u00e9tica","description":"Cosm\u00e9tica Natural","publisher":{"@id":"https:\/\/aurencosmetica.com\/#organization"},"potentialAction":[{"@type":"SearchAction","target":{"@type":"EntryPoint","urlTemplate":"https:\/\/aurencosmetica.com\/?s={search_term_string}"},"query-input":{"@type":"PropertyValueSpecification","valueRequired":true,"valueName":"search_term_string"}}],"inLanguage":"en-US"},{"@type":"Organization","@id":"https:\/\/aurencosmetica.com\/#organization","name":"\u00c1uren Cosm\u00e9tica","url":"https:\/\/aurencosmetica.com\/","logo":{"@type":"ImageObject","inLanguage":"en-US","@id":"https:\/\/aurencosmetica.com\/#\/schema\/logo\/image\/","url":"https:\/\/i0.wp.com\/aurencosmetica.com\/wp-content\/uploads\/2022\/02\/Logo-Auren.png?fit=1043%2C423&ssl=1","contentUrl":"https:\/\/i0.wp.com\/aurencosmetica.com\/wp-content\/uploads\/2022\/02\/Logo-Auren.png?fit=1043%2C423&ssl=1","width":1043,"height":423,"caption":"\u00c1uren Cosm\u00e9tica"},"image":{"@id":"https:\/\/aurencosmetica.com\/#\/schema\/logo\/image\/"}}]}},"jetpack_publicize_connections":[],"jetpack_sharing_enabled":true,"_links":{"self":[{"href":"https:\/\/aurencosmetica.com\/en\/wp-json\/wp\/v2\/product\/8065","targetHints":{"allow":["GET"]}}],"collection":[{"href":"https:\/\/aurencosmetica.com\/en\/wp-json\/wp\/v2\/product"}],"about":[{"href":"https:\/\/aurencosmetica.com\/en\/wp-json\/wp\/v2\/types\/product"}],"replies":[{"embeddable":true,"href":"https:\/\/aurencosmetica.com\/en\/wp-json\/wp\/v2\/comments?post=8065"}],"wp:featuredmedia":[{"embeddable":true,"href":"https:\/\/aurencosmetica.com\/en\/wp-json\/wp\/v2\/media\/8785"}],"wp:attachment":[{"href":"https:\/\/aurencosmetica.com\/en\/wp-json\/wp\/v2\/media?parent=8065"}],"wp:term":[{"taxonomy":"product_brand","embeddable":true,"href":"https:\/\/aurencosmetica.com\/en\/wp-json\/wp\/v2\/product_brand?post=8065"},{"taxonomy":"product_cat","embeddable":true,"href":"https:\/\/aurencosmetica.com\/en\/wp-json\/wp\/v2\/product_cat?post=8065"},{"taxonomy":"product_tag","embeddable":true,"href":"https:\/\/aurencosmetica.com\/en\/wp-json\/wp\/v2\/product_tag?post=8065"}],"curies":[{"name":"wp","href":"https:\/\/api.w.org\/{rel}","templated":true}]}}