{"id":7633,"date":"2022-12-12T23:19:10","date_gmt":"2022-12-12T23:19:10","guid":{"rendered":"https:\/\/aurencosmetica.com\/?post_type=product&#038;p=7633"},"modified":"2026-01-03T18:17:35","modified_gmt":"2026-01-03T18:17:35","slug":"kit-barber","status":"publish","type":"product","link":"https:\/\/aurencosmetica.com\/en\/product\/kit-barber\/","title":{"rendered":"Kit Mima-t  Barber"},"content":{"rendered":"<p>Este Kit Esencial para el Cuidado de la Piel Masculina no solo es una colecci\u00f3n de productos, sino un compromiso con la salud y el bienestar de tu piel. Descubre la armon\u00eda entre la naturaleza y el cuidado personal, permitiendo que tu rutina diaria refleje tu aut\u00e9ntica<\/p>\n<p data-start=\"1372\" data-end=\"1591\">Una mezcla herbal y revitalizante que relaja el cuerpo y despeja la mente<\/p>\n<h3 data-start=\"576\" data-end=\"638\">\ud83e\uddf4\u00a0<strong data-start=\"583\" data-end=\"638\">\u00bfQu\u00e9 contiene este ritual de autocuidado masculino?<\/strong><\/h3>\n<p data-start=\"640\" data-end=\"917\"><strong data-start=\"640\" data-end=\"665\">\ud83e\uddd4 \u00d3leo Facial Barber<\/strong><br data-start=\"665\" data-end=\"668\" \/>Restaura, calma y protege despu\u00e9s del afeitado o durante el d\u00eda para mantener la barba hidratada. Formulado con una sinergia poderosa de aceite de semilla de maracuy\u00e1, \u00e1rbol de t\u00e9, \u00e1rnica, cal\u00e9ndula y salvia. Ideal para pieles sensibles o reactivas.<\/p>\n<p data-start=\"919\" data-end=\"1155\"><strong data-start=\"919\" data-end=\"951\">\ud83e\uddfc Jab\u00f3n de Glicerina Barber<\/strong><br data-start=\"951\" data-end=\"954\" \/>Espuma intensa y textura suave. Perfecto para afeitado con brocha o como jab\u00f3n corporal. Contiene aceite esencial de salvia y tea tree para limpiar profundamente, calmar la piel y activar los sentidos.<\/p>\n<p data-start=\"1372\" data-end=\"1591\"><strong data-start=\"1157\" data-end=\"1192\">\ud83e\udee7 Shampoo Cardamomo &amp; Albahaca <\/strong>.<\/p>\n<p data-start=\"1372\" data-end=\"1591\">Refresca profundamente el cuero cabelludo mientras fortalece la ra\u00edz. Controla la ca\u00edda del cabello gracias a sus activos bot\u00e1nicos que estimulan la circulaci\u00f3n y revitalizan.<\/p>\n<p><strong data-start=\"1372\" data-end=\"1413\">\ud83c\udf3f Aceite Arom\u00e1tico Humectante Herbal<\/strong><\/p>\n<p>Ideal para aplicar despu\u00e9s de la ducha, entrenamientos o en un masaje ligero para aliviar tensiones.<\/p>","protected":false},"excerpt":{"rendered":"<h3 data-start=\"174\" data-end=\"265\"><strong data-start=\"181\" data-end=\"265\">Kit Mima-t Barber \u00c1uren \u2013 Cuidado consciente para el hombre que elige lo natural<\/strong><\/h3>\n<p data-start=\"267\" data-end=\"569\">Dise\u00f1ado para hombres que valoran el poder de la naturaleza en su rutina, el <strong data-start=\"344\" data-end=\"361\">Ritual Barber<\/strong> re\u00fane cuatro esenciales bot\u00e1nicos para una experiencia completa de limpieza, hidrataci\u00f3n y revitalizaci\u00f3n. Un kit que cuida tu piel, estimula tus sentidos y te acompa\u00f1a con elegancia en cada momento del d\u00eda.<\/p>\n<h3 data-start=\"1598\" data-end=\"1636\">\u2705 <strong data-start=\"1604\" data-end=\"1636\">Beneficios del Ritual Barber<\/strong><\/h3>\n<ul data-start=\"1638\" data-end=\"1943\">\n<li data-start=\"1638\" data-end=\"1685\">\n<p data-start=\"1640\" data-end=\"1685\"><strong data-start=\"1640\" data-end=\"1664\">Hidrataci\u00f3n profunda<\/strong> sin sensaci\u00f3n grasa.<\/p>\n<\/li>\n<li data-start=\"1686\" data-end=\"1728\">\n<p data-start=\"1688\" data-end=\"1728\"><strong data-start=\"1688\" data-end=\"1728\">Afeitado m\u00e1s suave y sin irritaci\u00f3n.<\/strong><\/p>\n<\/li>\n<li data-start=\"1729\" data-end=\"1794\">\n<p data-start=\"1731\" data-end=\"1794\"><strong data-start=\"1731\" data-end=\"1771\">Estimulaci\u00f3n del crecimiento capilar<\/strong> y control de la ca\u00edda.<\/p>\n<\/li>\n<li data-start=\"1795\" data-end=\"1859\">\n<p data-start=\"1797\" data-end=\"1859\"><strong data-start=\"1797\" data-end=\"1820\">Aromaterapia herbal<\/strong> que calma y revitaliza cuerpo y mente.<\/p>\n<\/li>\n<li data-start=\"1860\" data-end=\"1943\">\n<p data-start=\"1862\" data-end=\"1943\">Ideal para hombres que buscan equilibrio entre funcionalidad y bienestar natural.<\/p>\n<\/li>\n<\/ul>","protected":false},"featured_media":8759,"comment_status":"open","ping_status":"closed","template":"","meta":{"content-type":"","_joinchat":[],"jetpack_publicize_message":"","jetpack_publicize_feature_enabled":true,"jetpack_social_post_already_shared":true,"jetpack_social_options":{"image_generator_settings":{"template":"highway","default_image_id":0,"enabled":false},"version":2}},"product_brand":[],"product_cat":[98,194,97,112,201,108,192],"product_tag":[290,284,285,286,287,288],"class_list":{"0":"post-7633","1":"product","2":"type-product","3":"status-publish","4":"has-post-thumbnail","6":"product_cat-aceites-humectantes","7":"product_cat-barber","8":"product_cat-cuidado-corporal","9":"product_cat-ducha","10":"product_cat-kits","11":"product_cat-shampoo","12":"product_cat-spa","13":"product_tag-after-shaving","14":"product_tag-barba","15":"product_tag-para-despues-de-la-afeitada","16":"product_tag-ritual-de-barberia","17":"product_tag-salvia","18":"product_tag-tea-tree","20":"first","21":"instock","22":"shipping-taxable","23":"purchasable","24":"product-type-simple"},"yoast_head":"<!-- This site is optimized with the Yoast SEO plugin v25.7 - https:\/\/yoast.com\/wordpress\/plugins\/seo\/ -->\n<title>Kit Mima-t Barber - \u00c1uren Cosm\u00e9tica<\/title>\n<meta name=\"description\" content=\"Kit Ritual Barber de \u00c1uren Cosm\u00e9tica: incluye \u00f3leo facial, shampoo, jab\u00f3n de glicerina y aceite herbal. Hidrataci\u00f3n, afeitado suave, control de ca\u00edda y aromaterapia para hombres conscientes.\" \/>\n<meta name=\"robots\" content=\"index, follow, max-snippet:-1, max-image-preview:large, max-video-preview:-1\" \/>\n<link rel=\"canonical\" href=\"https:\/\/aurencosmetica.com\/en\/product\/kit-barber\/\" \/>\n<meta property=\"og:locale\" content=\"en_US\" \/>\n<meta property=\"og:type\" content=\"article\" \/>\n<meta property=\"og:title\" content=\"Kit Mima-t Barber - \u00c1uren Cosm\u00e9tica\" \/>\n<meta property=\"og:description\" content=\"Kit Ritual Barber de \u00c1uren Cosm\u00e9tica: incluye \u00f3leo facial, shampoo, jab\u00f3n de glicerina y aceite herbal. Hidrataci\u00f3n, afeitado suave, control de ca\u00edda y aromaterapia para hombres conscientes.\" \/>\n<meta property=\"og:url\" content=\"https:\/\/aurencosmetica.com\/en\/product\/kit-barber\/\" \/>\n<meta property=\"og:site_name\" content=\"\u00c1uren Cosm\u00e9tica\" \/>\n<meta property=\"article:modified_time\" content=\"2026-01-03T18:17:35+00:00\" \/>\n<meta property=\"og:image\" content=\"https:\/\/aurencosmetica.com\/wp-content\/uploads\/2022\/12\/20250701_1651_Productos-Barber-Auren_remix_01jz3zgepge2x8ba4p74j3ebtp.jpg\" \/>\n\t<meta property=\"og:image:width\" content=\"1024\" \/>\n\t<meta property=\"og:image:height\" content=\"1024\" \/>\n\t<meta property=\"og:image:type\" content=\"image\/jpeg\" \/>\n<meta name=\"twitter:card\" content=\"summary_large_image\" \/>\n<meta name=\"twitter:label1\" content=\"Est. reading time\" \/>\n\t<meta name=\"twitter:data1\" content=\"2 minutes\" \/>\n<script type=\"application\/ld+json\" class=\"yoast-schema-graph\">{\"@context\":\"https:\/\/schema.org\",\"@graph\":[{\"@type\":\"WebPage\",\"@id\":\"https:\/\/aurencosmetica.com\/product\/kit-barber\/\",\"url\":\"https:\/\/aurencosmetica.com\/product\/kit-barber\/\",\"name\":\"Kit Mima-t Barber - \u00c1uren Cosm\u00e9tica\",\"isPartOf\":{\"@id\":\"https:\/\/aurencosmetica.com\/#website\"},\"primaryImageOfPage\":{\"@id\":\"https:\/\/aurencosmetica.com\/product\/kit-barber\/#primaryimage\"},\"image\":{\"@id\":\"https:\/\/aurencosmetica.com\/product\/kit-barber\/#primaryimage\"},\"thumbnailUrl\":\"https:\/\/i0.wp.com\/aurencosmetica.com\/wp-content\/uploads\/2022\/12\/20250701_1651_Productos-Barber-Auren_remix_01jz3zgepge2x8ba4p74j3ebtp.jpg?fit=1024%2C1024&ssl=1\",\"datePublished\":\"2022-12-12T23:19:10+00:00\",\"dateModified\":\"2026-01-03T18:17:35+00:00\",\"description\":\"Kit Ritual Barber de \u00c1uren Cosm\u00e9tica: incluye \u00f3leo facial, shampoo, jab\u00f3n de glicerina y aceite herbal. Hidrataci\u00f3n, afeitado suave, control de ca\u00edda y aromaterapia para hombres conscientes.\",\"breadcrumb\":{\"@id\":\"https:\/\/aurencosmetica.com\/product\/kit-barber\/#breadcrumb\"},\"inLanguage\":\"en-US\",\"potentialAction\":[{\"@type\":\"ReadAction\",\"target\":[\"https:\/\/aurencosmetica.com\/product\/kit-barber\/\"]}]},{\"@type\":\"ImageObject\",\"inLanguage\":\"en-US\",\"@id\":\"https:\/\/aurencosmetica.com\/product\/kit-barber\/#primaryimage\",\"url\":\"https:\/\/i0.wp.com\/aurencosmetica.com\/wp-content\/uploads\/2022\/12\/20250701_1651_Productos-Barber-Auren_remix_01jz3zgepge2x8ba4p74j3ebtp.jpg?fit=1024%2C1024&ssl=1\",\"contentUrl\":\"https:\/\/i0.wp.com\/aurencosmetica.com\/wp-content\/uploads\/2022\/12\/20250701_1651_Productos-Barber-Auren_remix_01jz3zgepge2x8ba4p74j3ebtp.jpg?fit=1024%2C1024&ssl=1\",\"width\":1024,\"height\":1024},{\"@type\":\"BreadcrumbList\",\"@id\":\"https:\/\/aurencosmetica.com\/product\/kit-barber\/#breadcrumb\",\"itemListElement\":[{\"@type\":\"ListItem\",\"position\":1,\"name\":\"Portada\",\"item\":\"https:\/\/aurencosmetica.com\/\"},{\"@type\":\"ListItem\",\"position\":2,\"name\":\"Tienda\",\"item\":\"https:\/\/aurencosmetica.com\/tienda\/\"},{\"@type\":\"ListItem\",\"position\":3,\"name\":\"Kit Mima-t Barber\"}]},{\"@type\":\"WebSite\",\"@id\":\"https:\/\/aurencosmetica.com\/#website\",\"url\":\"https:\/\/aurencosmetica.com\/\",\"name\":\"\u00c1uren Cosm\u00e9tica\",\"description\":\"Cosm\u00e9tica Natural\",\"publisher\":{\"@id\":\"https:\/\/aurencosmetica.com\/#organization\"},\"potentialAction\":[{\"@type\":\"SearchAction\",\"target\":{\"@type\":\"EntryPoint\",\"urlTemplate\":\"https:\/\/aurencosmetica.com\/?s={search_term_string}\"},\"query-input\":{\"@type\":\"PropertyValueSpecification\",\"valueRequired\":true,\"valueName\":\"search_term_string\"}}],\"inLanguage\":\"en-US\"},{\"@type\":\"Organization\",\"@id\":\"https:\/\/aurencosmetica.com\/#organization\",\"name\":\"\u00c1uren Cosm\u00e9tica\",\"url\":\"https:\/\/aurencosmetica.com\/\",\"logo\":{\"@type\":\"ImageObject\",\"inLanguage\":\"en-US\",\"@id\":\"https:\/\/aurencosmetica.com\/#\/schema\/logo\/image\/\",\"url\":\"https:\/\/i0.wp.com\/aurencosmetica.com\/wp-content\/uploads\/2022\/02\/Logo-Auren.png?fit=1043%2C423&ssl=1\",\"contentUrl\":\"https:\/\/i0.wp.com\/aurencosmetica.com\/wp-content\/uploads\/2022\/02\/Logo-Auren.png?fit=1043%2C423&ssl=1\",\"width\":1043,\"height\":423,\"caption\":\"\u00c1uren Cosm\u00e9tica\"},\"image\":{\"@id\":\"https:\/\/aurencosmetica.com\/#\/schema\/logo\/image\/\"}}]}<\/script>\n<!-- \/ Yoast SEO plugin. -->","yoast_head_json":{"title":"Kit Mima-t Barber - \u00c1uren Cosm\u00e9tica","description":"Kit Ritual Barber de \u00c1uren Cosm\u00e9tica: incluye \u00f3leo facial, shampoo, jab\u00f3n de glicerina y aceite herbal. Hidrataci\u00f3n, afeitado suave, control de ca\u00edda y aromaterapia para hombres conscientes.","robots":{"index":"index","follow":"follow","max-snippet":"max-snippet:-1","max-image-preview":"max-image-preview:large","max-video-preview":"max-video-preview:-1"},"canonical":"https:\/\/aurencosmetica.com\/en\/product\/kit-barber\/","og_locale":"en_US","og_type":"article","og_title":"Kit Mima-t Barber - \u00c1uren Cosm\u00e9tica","og_description":"Kit Ritual Barber de \u00c1uren Cosm\u00e9tica: incluye \u00f3leo facial, shampoo, jab\u00f3n de glicerina y aceite herbal. Hidrataci\u00f3n, afeitado suave, control de ca\u00edda y aromaterapia para hombres conscientes.","og_url":"https:\/\/aurencosmetica.com\/en\/product\/kit-barber\/","og_site_name":"\u00c1uren Cosm\u00e9tica","article_modified_time":"2026-01-03T18:17:35+00:00","og_image":[{"width":1024,"height":1024,"url":"https:\/\/aurencosmetica.com\/wp-content\/uploads\/2022\/12\/20250701_1651_Productos-Barber-Auren_remix_01jz3zgepge2x8ba4p74j3ebtp.jpg","type":"image\/jpeg"}],"twitter_card":"summary_large_image","twitter_misc":{"Est. reading time":"2 minutes"},"schema":{"@context":"https:\/\/schema.org","@graph":[{"@type":"WebPage","@id":"https:\/\/aurencosmetica.com\/product\/kit-barber\/","url":"https:\/\/aurencosmetica.com\/product\/kit-barber\/","name":"Kit Mima-t Barber - \u00c1uren Cosm\u00e9tica","isPartOf":{"@id":"https:\/\/aurencosmetica.com\/#website"},"primaryImageOfPage":{"@id":"https:\/\/aurencosmetica.com\/product\/kit-barber\/#primaryimage"},"image":{"@id":"https:\/\/aurencosmetica.com\/product\/kit-barber\/#primaryimage"},"thumbnailUrl":"https:\/\/i0.wp.com\/aurencosmetica.com\/wp-content\/uploads\/2022\/12\/20250701_1651_Productos-Barber-Auren_remix_01jz3zgepge2x8ba4p74j3ebtp.jpg?fit=1024%2C1024&ssl=1","datePublished":"2022-12-12T23:19:10+00:00","dateModified":"2026-01-03T18:17:35+00:00","description":"Kit Ritual Barber de \u00c1uren Cosm\u00e9tica: incluye \u00f3leo facial, shampoo, jab\u00f3n de glicerina y aceite herbal. Hidrataci\u00f3n, afeitado suave, control de ca\u00edda y aromaterapia para hombres conscientes.","breadcrumb":{"@id":"https:\/\/aurencosmetica.com\/product\/kit-barber\/#breadcrumb"},"inLanguage":"en-US","potentialAction":[{"@type":"ReadAction","target":["https:\/\/aurencosmetica.com\/product\/kit-barber\/"]}]},{"@type":"ImageObject","inLanguage":"en-US","@id":"https:\/\/aurencosmetica.com\/product\/kit-barber\/#primaryimage","url":"https:\/\/i0.wp.com\/aurencosmetica.com\/wp-content\/uploads\/2022\/12\/20250701_1651_Productos-Barber-Auren_remix_01jz3zgepge2x8ba4p74j3ebtp.jpg?fit=1024%2C1024&ssl=1","contentUrl":"https:\/\/i0.wp.com\/aurencosmetica.com\/wp-content\/uploads\/2022\/12\/20250701_1651_Productos-Barber-Auren_remix_01jz3zgepge2x8ba4p74j3ebtp.jpg?fit=1024%2C1024&ssl=1","width":1024,"height":1024},{"@type":"BreadcrumbList","@id":"https:\/\/aurencosmetica.com\/product\/kit-barber\/#breadcrumb","itemListElement":[{"@type":"ListItem","position":1,"name":"Portada","item":"https:\/\/aurencosmetica.com\/"},{"@type":"ListItem","position":2,"name":"Tienda","item":"https:\/\/aurencosmetica.com\/tienda\/"},{"@type":"ListItem","position":3,"name":"Kit Mima-t Barber"}]},{"@type":"WebSite","@id":"https:\/\/aurencosmetica.com\/#website","url":"https:\/\/aurencosmetica.com\/","name":"\u00c1uren Cosm\u00e9tica","description":"Cosm\u00e9tica Natural","publisher":{"@id":"https:\/\/aurencosmetica.com\/#organization"},"potentialAction":[{"@type":"SearchAction","target":{"@type":"EntryPoint","urlTemplate":"https:\/\/aurencosmetica.com\/?s={search_term_string}"},"query-input":{"@type":"PropertyValueSpecification","valueRequired":true,"valueName":"search_term_string"}}],"inLanguage":"en-US"},{"@type":"Organization","@id":"https:\/\/aurencosmetica.com\/#organization","name":"\u00c1uren Cosm\u00e9tica","url":"https:\/\/aurencosmetica.com\/","logo":{"@type":"ImageObject","inLanguage":"en-US","@id":"https:\/\/aurencosmetica.com\/#\/schema\/logo\/image\/","url":"https:\/\/i0.wp.com\/aurencosmetica.com\/wp-content\/uploads\/2022\/02\/Logo-Auren.png?fit=1043%2C423&ssl=1","contentUrl":"https:\/\/i0.wp.com\/aurencosmetica.com\/wp-content\/uploads\/2022\/02\/Logo-Auren.png?fit=1043%2C423&ssl=1","width":1043,"height":423,"caption":"\u00c1uren Cosm\u00e9tica"},"image":{"@id":"https:\/\/aurencosmetica.com\/#\/schema\/logo\/image\/"}}]}},"jetpack_publicize_connections":[],"jetpack_sharing_enabled":true,"_links":{"self":[{"href":"https:\/\/aurencosmetica.com\/en\/wp-json\/wp\/v2\/product\/7633","targetHints":{"allow":["GET"]}}],"collection":[{"href":"https:\/\/aurencosmetica.com\/en\/wp-json\/wp\/v2\/product"}],"about":[{"href":"https:\/\/aurencosmetica.com\/en\/wp-json\/wp\/v2\/types\/product"}],"replies":[{"embeddable":true,"href":"https:\/\/aurencosmetica.com\/en\/wp-json\/wp\/v2\/comments?post=7633"}],"wp:featuredmedia":[{"embeddable":true,"href":"https:\/\/aurencosmetica.com\/en\/wp-json\/wp\/v2\/media\/8759"}],"wp:attachment":[{"href":"https:\/\/aurencosmetica.com\/en\/wp-json\/wp\/v2\/media?parent=7633"}],"wp:term":[{"taxonomy":"product_brand","embeddable":true,"href":"https:\/\/aurencosmetica.com\/en\/wp-json\/wp\/v2\/product_brand?post=7633"},{"taxonomy":"product_cat","embeddable":true,"href":"https:\/\/aurencosmetica.com\/en\/wp-json\/wp\/v2\/product_cat?post=7633"},{"taxonomy":"product_tag","embeddable":true,"href":"https:\/\/aurencosmetica.com\/en\/wp-json\/wp\/v2\/product_tag?post=7633"}],"curies":[{"name":"wp","href":"https:\/\/api.w.org\/{rel}","templated":true}]}}