{"id":7299,"date":"2022-03-19T03:46:31","date_gmt":"2022-03-19T03:46:31","guid":{"rendered":"https:\/\/aurencosmetica.com\/?post_type=product&#038;p=7299"},"modified":"2026-02-27T23:51:43","modified_gmt":"2026-02-27T23:51:43","slug":"vela-aromatica-humectante-eucalipto-limonaria","status":"publish","type":"product","link":"https:\/\/aurencosmetica.com\/en\/product\/vela-aromatica-humectante-eucalipto-limonaria\/","title":{"rendered":"Vela Aromatica Humectante Eucalipto Limonaria"},"content":{"rendered":"<p>Sum\u00e9rgete en un oasis de frescura y bienestar con nuestra vela arom\u00e1tica humectante de Eucalipto y Limonaria. Su aroma revitalizante, una mezcla perfecta de la frescura del eucalipto con el toque c\u00edtrico y energ\u00e9tico de la limonaria, purifica tu espacio, despeja la mente y revitaliza tus sentidos. Pero eso no es todo, esta vela se transforma en un suave y delicioso aceite tibio, ideal para masajes que relajan y estimulan, dejando tu piel sedosa y perfumada. Un ritual de cuidado y placer en cada encendido.<\/p>\n<p><strong>Beneficios:<\/strong><\/p>\n<ul>\n<li><strong>Arom\u00e1tico:<\/strong> El eucalipto limpia y refresca, mientras que la limonaria energiza y eleva el \u00e1nimo.<\/li>\n<li><strong>Humectante:<\/strong> Se convierte en un aceite tibio y suave que nutre la piel durante masajes relajantes y estimulantes.<\/li>\n<\/ul>","protected":false},"excerpt":{"rendered":"<p><strong>Instrucciones de Uso:<\/strong><\/p>\n<ol>\n<li>Enciende tu vela . La primera vez que lo hagas, d\u00e9jala prendida hasta que toda la superficie de la vela se haya fundido.<\/li>\n<li>Apaga tu vela antes de usar su aceite tibio para un suabe masaje ,\u00a0 antes de prender la vela de nuevo verifica si el pabilo requiere ser centrado nuevamente, reaj\u00fastalo con el mismo, mientras las ceras a\u00fan est\u00e1n fundidas. Permite que las ceras se solidifiquen antes de volver a encender la vela.<\/li>\n<li>Disfruta todo el poder aromatico de nuestra vela.<\/li>\n<\/ol>","protected":false},"featured_media":8832,"comment_status":"open","ping_status":"closed","template":"","meta":{"content-type":"","_joinchat":[],"jetpack_publicize_message":"","jetpack_publicize_feature_enabled":true,"jetpack_social_post_already_shared":true,"jetpack_social_options":{"image_generator_settings":{"template":"highway","default_image_id":0,"enabled":false},"version":2}},"product_brand":[],"product_cat":[151,167],"product_tag":[320,318,258,319],"class_list":{"0":"post-7299","1":"product","2":"type-product","3":"status-publish","4":"has-post-thumbnail","6":"product_cat-ambientacion","7":"product_cat-aromatizantes","8":"product_tag-aceite-esenciales","9":"product_tag-ambiente","10":"product_tag-aromaterapia","11":"product_tag-velas","13":"first","14":"instock","15":"shipping-taxable","16":"purchasable","17":"product-type-simple"},"yoast_head":"<!-- This site is optimized with the Yoast SEO plugin v25.7 - https:\/\/yoast.com\/wordpress\/plugins\/seo\/ -->\n<title>Vela Aromatica Humectante Eucalipto Limonaria - \u00c1uren Cosm\u00e9tica<\/title>\n<meta name=\"description\" content=\"Disfruta del bienestar total con nuestra vela arom\u00e1tica de Eucalipto y Limonaria, que no solo ambienta sino que se convierte en aceite de masaje para relajar y revitalizar cuerpo y mente. Ideal para una experiencia de spa en casa\" \/>\n<meta name=\"robots\" content=\"index, follow, max-snippet:-1, max-image-preview:large, max-video-preview:-1\" \/>\n<link rel=\"canonical\" href=\"https:\/\/aurencosmetica.com\/en\/product\/vela-aromatica-humectante-eucalipto-limonaria\/\" \/>\n<meta property=\"og:locale\" content=\"en_US\" \/>\n<meta property=\"og:type\" content=\"article\" \/>\n<meta property=\"og:title\" content=\"Vela Aromatica Humectante Eucalipto Limonaria - \u00c1uren Cosm\u00e9tica\" \/>\n<meta property=\"og:description\" content=\"Disfruta del bienestar total con nuestra vela arom\u00e1tica de Eucalipto y Limonaria, que no solo ambienta sino que se convierte en aceite de masaje para relajar y revitalizar cuerpo y mente. Ideal para una experiencia de spa en casa\" \/>\n<meta property=\"og:url\" content=\"https:\/\/aurencosmetica.com\/en\/product\/vela-aromatica-humectante-eucalipto-limonaria\/\" \/>\n<meta property=\"og:site_name\" content=\"\u00c1uren Cosm\u00e9tica\" \/>\n<meta property=\"article:modified_time\" content=\"2026-02-27T23:51:43+00:00\" \/>\n<meta property=\"og:image\" content=\"https:\/\/aurencosmetica.com\/wp-content\/uploads\/2022\/03\/20250705_1403_Vela-Aromatica-Eucalipto_remix_01jzdzfy4me1jbfq1s5j15zb9q.jpg\" \/>\n\t<meta property=\"og:image:width\" content=\"1024\" \/>\n\t<meta property=\"og:image:height\" content=\"1024\" \/>\n\t<meta property=\"og:image:type\" content=\"image\/jpeg\" \/>\n<meta name=\"twitter:card\" content=\"summary_large_image\" \/>\n<meta name=\"twitter:label1\" content=\"Est. reading time\" \/>\n\t<meta name=\"twitter:data1\" content=\"1 minute\" \/>\n<script type=\"application\/ld+json\" class=\"yoast-schema-graph\">{\"@context\":\"https:\/\/schema.org\",\"@graph\":[{\"@type\":\"WebPage\",\"@id\":\"https:\/\/aurencosmetica.com\/product\/vela-aromatica-humectante-eucalipto-limonaria\/\",\"url\":\"https:\/\/aurencosmetica.com\/product\/vela-aromatica-humectante-eucalipto-limonaria\/\",\"name\":\"Vela Aromatica Humectante Eucalipto Limonaria - \u00c1uren Cosm\u00e9tica\",\"isPartOf\":{\"@id\":\"https:\/\/aurencosmetica.com\/#website\"},\"primaryImageOfPage\":{\"@id\":\"https:\/\/aurencosmetica.com\/product\/vela-aromatica-humectante-eucalipto-limonaria\/#primaryimage\"},\"image\":{\"@id\":\"https:\/\/aurencosmetica.com\/product\/vela-aromatica-humectante-eucalipto-limonaria\/#primaryimage\"},\"thumbnailUrl\":\"https:\/\/i0.wp.com\/aurencosmetica.com\/wp-content\/uploads\/2022\/03\/20250705_1403_Vela-Aromatica-Eucalipto_remix_01jzdzfy4me1jbfq1s5j15zb9q.jpg?fit=1024%2C1024&ssl=1\",\"datePublished\":\"2022-03-19T03:46:31+00:00\",\"dateModified\":\"2026-02-27T23:51:43+00:00\",\"description\":\"Disfruta del bienestar total con nuestra vela arom\u00e1tica de Eucalipto y Limonaria, que no solo ambienta sino que se convierte en aceite de masaje para relajar y revitalizar cuerpo y mente. Ideal para una experiencia de spa en casa\",\"breadcrumb\":{\"@id\":\"https:\/\/aurencosmetica.com\/product\/vela-aromatica-humectante-eucalipto-limonaria\/#breadcrumb\"},\"inLanguage\":\"en-US\",\"potentialAction\":[{\"@type\":\"ReadAction\",\"target\":[\"https:\/\/aurencosmetica.com\/product\/vela-aromatica-humectante-eucalipto-limonaria\/\"]}]},{\"@type\":\"ImageObject\",\"inLanguage\":\"en-US\",\"@id\":\"https:\/\/aurencosmetica.com\/product\/vela-aromatica-humectante-eucalipto-limonaria\/#primaryimage\",\"url\":\"https:\/\/i0.wp.com\/aurencosmetica.com\/wp-content\/uploads\/2022\/03\/20250705_1403_Vela-Aromatica-Eucalipto_remix_01jzdzfy4me1jbfq1s5j15zb9q.jpg?fit=1024%2C1024&ssl=1\",\"contentUrl\":\"https:\/\/i0.wp.com\/aurencosmetica.com\/wp-content\/uploads\/2022\/03\/20250705_1403_Vela-Aromatica-Eucalipto_remix_01jzdzfy4me1jbfq1s5j15zb9q.jpg?fit=1024%2C1024&ssl=1\",\"width\":1024,\"height\":1024},{\"@type\":\"BreadcrumbList\",\"@id\":\"https:\/\/aurencosmetica.com\/product\/vela-aromatica-humectante-eucalipto-limonaria\/#breadcrumb\",\"itemListElement\":[{\"@type\":\"ListItem\",\"position\":1,\"name\":\"Portada\",\"item\":\"https:\/\/aurencosmetica.com\/\"},{\"@type\":\"ListItem\",\"position\":2,\"name\":\"Tienda\",\"item\":\"https:\/\/aurencosmetica.com\/tienda\/\"},{\"@type\":\"ListItem\",\"position\":3,\"name\":\"Vela Aromatica Humectante Eucalipto Limonaria\"}]},{\"@type\":\"WebSite\",\"@id\":\"https:\/\/aurencosmetica.com\/#website\",\"url\":\"https:\/\/aurencosmetica.com\/\",\"name\":\"\u00c1uren Cosm\u00e9tica\",\"description\":\"Cosm\u00e9tica Natural\",\"publisher\":{\"@id\":\"https:\/\/aurencosmetica.com\/#organization\"},\"potentialAction\":[{\"@type\":\"SearchAction\",\"target\":{\"@type\":\"EntryPoint\",\"urlTemplate\":\"https:\/\/aurencosmetica.com\/?s={search_term_string}\"},\"query-input\":{\"@type\":\"PropertyValueSpecification\",\"valueRequired\":true,\"valueName\":\"search_term_string\"}}],\"inLanguage\":\"en-US\"},{\"@type\":\"Organization\",\"@id\":\"https:\/\/aurencosmetica.com\/#organization\",\"name\":\"\u00c1uren Cosm\u00e9tica\",\"url\":\"https:\/\/aurencosmetica.com\/\",\"logo\":{\"@type\":\"ImageObject\",\"inLanguage\":\"en-US\",\"@id\":\"https:\/\/aurencosmetica.com\/#\/schema\/logo\/image\/\",\"url\":\"https:\/\/i0.wp.com\/aurencosmetica.com\/wp-content\/uploads\/2022\/02\/Logo-Auren.png?fit=1043%2C423&ssl=1\",\"contentUrl\":\"https:\/\/i0.wp.com\/aurencosmetica.com\/wp-content\/uploads\/2022\/02\/Logo-Auren.png?fit=1043%2C423&ssl=1\",\"width\":1043,\"height\":423,\"caption\":\"\u00c1uren Cosm\u00e9tica\"},\"image\":{\"@id\":\"https:\/\/aurencosmetica.com\/#\/schema\/logo\/image\/\"}}]}<\/script>\n<!-- \/ Yoast SEO plugin. -->","yoast_head_json":{"title":"Vela Aromatica Humectante Eucalipto Limonaria - \u00c1uren Cosm\u00e9tica","description":"Disfruta del bienestar total con nuestra vela arom\u00e1tica de Eucalipto y Limonaria, que no solo ambienta sino que se convierte en aceite de masaje para relajar y revitalizar cuerpo y mente. Ideal para una experiencia de spa en casa","robots":{"index":"index","follow":"follow","max-snippet":"max-snippet:-1","max-image-preview":"max-image-preview:large","max-video-preview":"max-video-preview:-1"},"canonical":"https:\/\/aurencosmetica.com\/en\/product\/vela-aromatica-humectante-eucalipto-limonaria\/","og_locale":"en_US","og_type":"article","og_title":"Vela Aromatica Humectante Eucalipto Limonaria - \u00c1uren Cosm\u00e9tica","og_description":"Disfruta del bienestar total con nuestra vela arom\u00e1tica de Eucalipto y Limonaria, que no solo ambienta sino que se convierte en aceite de masaje para relajar y revitalizar cuerpo y mente. Ideal para una experiencia de spa en casa","og_url":"https:\/\/aurencosmetica.com\/en\/product\/vela-aromatica-humectante-eucalipto-limonaria\/","og_site_name":"\u00c1uren Cosm\u00e9tica","article_modified_time":"2026-02-27T23:51:43+00:00","og_image":[{"width":1024,"height":1024,"url":"https:\/\/aurencosmetica.com\/wp-content\/uploads\/2022\/03\/20250705_1403_Vela-Aromatica-Eucalipto_remix_01jzdzfy4me1jbfq1s5j15zb9q.jpg","type":"image\/jpeg"}],"twitter_card":"summary_large_image","twitter_misc":{"Est. reading time":"1 minute"},"schema":{"@context":"https:\/\/schema.org","@graph":[{"@type":"WebPage","@id":"https:\/\/aurencosmetica.com\/product\/vela-aromatica-humectante-eucalipto-limonaria\/","url":"https:\/\/aurencosmetica.com\/product\/vela-aromatica-humectante-eucalipto-limonaria\/","name":"Vela Aromatica Humectante Eucalipto Limonaria - \u00c1uren Cosm\u00e9tica","isPartOf":{"@id":"https:\/\/aurencosmetica.com\/#website"},"primaryImageOfPage":{"@id":"https:\/\/aurencosmetica.com\/product\/vela-aromatica-humectante-eucalipto-limonaria\/#primaryimage"},"image":{"@id":"https:\/\/aurencosmetica.com\/product\/vela-aromatica-humectante-eucalipto-limonaria\/#primaryimage"},"thumbnailUrl":"https:\/\/i0.wp.com\/aurencosmetica.com\/wp-content\/uploads\/2022\/03\/20250705_1403_Vela-Aromatica-Eucalipto_remix_01jzdzfy4me1jbfq1s5j15zb9q.jpg?fit=1024%2C1024&ssl=1","datePublished":"2022-03-19T03:46:31+00:00","dateModified":"2026-02-27T23:51:43+00:00","description":"Disfruta del bienestar total con nuestra vela arom\u00e1tica de Eucalipto y Limonaria, que no solo ambienta sino que se convierte en aceite de masaje para relajar y revitalizar cuerpo y mente. Ideal para una experiencia de spa en casa","breadcrumb":{"@id":"https:\/\/aurencosmetica.com\/product\/vela-aromatica-humectante-eucalipto-limonaria\/#breadcrumb"},"inLanguage":"en-US","potentialAction":[{"@type":"ReadAction","target":["https:\/\/aurencosmetica.com\/product\/vela-aromatica-humectante-eucalipto-limonaria\/"]}]},{"@type":"ImageObject","inLanguage":"en-US","@id":"https:\/\/aurencosmetica.com\/product\/vela-aromatica-humectante-eucalipto-limonaria\/#primaryimage","url":"https:\/\/i0.wp.com\/aurencosmetica.com\/wp-content\/uploads\/2022\/03\/20250705_1403_Vela-Aromatica-Eucalipto_remix_01jzdzfy4me1jbfq1s5j15zb9q.jpg?fit=1024%2C1024&ssl=1","contentUrl":"https:\/\/i0.wp.com\/aurencosmetica.com\/wp-content\/uploads\/2022\/03\/20250705_1403_Vela-Aromatica-Eucalipto_remix_01jzdzfy4me1jbfq1s5j15zb9q.jpg?fit=1024%2C1024&ssl=1","width":1024,"height":1024},{"@type":"BreadcrumbList","@id":"https:\/\/aurencosmetica.com\/product\/vela-aromatica-humectante-eucalipto-limonaria\/#breadcrumb","itemListElement":[{"@type":"ListItem","position":1,"name":"Portada","item":"https:\/\/aurencosmetica.com\/"},{"@type":"ListItem","position":2,"name":"Tienda","item":"https:\/\/aurencosmetica.com\/tienda\/"},{"@type":"ListItem","position":3,"name":"Vela Aromatica Humectante Eucalipto Limonaria"}]},{"@type":"WebSite","@id":"https:\/\/aurencosmetica.com\/#website","url":"https:\/\/aurencosmetica.com\/","name":"\u00c1uren Cosm\u00e9tica","description":"Cosm\u00e9tica Natural","publisher":{"@id":"https:\/\/aurencosmetica.com\/#organization"},"potentialAction":[{"@type":"SearchAction","target":{"@type":"EntryPoint","urlTemplate":"https:\/\/aurencosmetica.com\/?s={search_term_string}"},"query-input":{"@type":"PropertyValueSpecification","valueRequired":true,"valueName":"search_term_string"}}],"inLanguage":"en-US"},{"@type":"Organization","@id":"https:\/\/aurencosmetica.com\/#organization","name":"\u00c1uren Cosm\u00e9tica","url":"https:\/\/aurencosmetica.com\/","logo":{"@type":"ImageObject","inLanguage":"en-US","@id":"https:\/\/aurencosmetica.com\/#\/schema\/logo\/image\/","url":"https:\/\/i0.wp.com\/aurencosmetica.com\/wp-content\/uploads\/2022\/02\/Logo-Auren.png?fit=1043%2C423&ssl=1","contentUrl":"https:\/\/i0.wp.com\/aurencosmetica.com\/wp-content\/uploads\/2022\/02\/Logo-Auren.png?fit=1043%2C423&ssl=1","width":1043,"height":423,"caption":"\u00c1uren Cosm\u00e9tica"},"image":{"@id":"https:\/\/aurencosmetica.com\/#\/schema\/logo\/image\/"}}]}},"jetpack_publicize_connections":[],"jetpack_sharing_enabled":true,"_links":{"self":[{"href":"https:\/\/aurencosmetica.com\/en\/wp-json\/wp\/v2\/product\/7299","targetHints":{"allow":["GET"]}}],"collection":[{"href":"https:\/\/aurencosmetica.com\/en\/wp-json\/wp\/v2\/product"}],"about":[{"href":"https:\/\/aurencosmetica.com\/en\/wp-json\/wp\/v2\/types\/product"}],"replies":[{"embeddable":true,"href":"https:\/\/aurencosmetica.com\/en\/wp-json\/wp\/v2\/comments?post=7299"}],"wp:featuredmedia":[{"embeddable":true,"href":"https:\/\/aurencosmetica.com\/en\/wp-json\/wp\/v2\/media\/8832"}],"wp:attachment":[{"href":"https:\/\/aurencosmetica.com\/en\/wp-json\/wp\/v2\/media?parent=7299"}],"wp:term":[{"taxonomy":"product_brand","embeddable":true,"href":"https:\/\/aurencosmetica.com\/en\/wp-json\/wp\/v2\/product_brand?post=7299"},{"taxonomy":"product_cat","embeddable":true,"href":"https:\/\/aurencosmetica.com\/en\/wp-json\/wp\/v2\/product_cat?post=7299"},{"taxonomy":"product_tag","embeddable":true,"href":"https:\/\/aurencosmetica.com\/en\/wp-json\/wp\/v2\/product_tag?post=7299"}],"curies":[{"name":"wp","href":"https:\/\/api.w.org\/{rel}","templated":true}]}}