{"id":7234,"date":"2022-02-01T02:51:11","date_gmt":"2022-02-01T02:51:11","guid":{"rendered":"https:\/\/aurencosmetica.com\/index.php\/product\/jabon-glicerina-petitgrain-limon\/"},"modified":"2026-02-27T23:58:30","modified_gmt":"2026-02-27T23:58:30","slug":"jabon-glicerina-petitgrain-limon","status":"publish","type":"product","link":"https:\/\/aurencosmetica.com\/en\/product\/jabon-glicerina-petitgrain-limon\/","title":{"rendered":"Jab\u00f3n Glicerina Petitgrain Lim\u00f3n"},"content":{"rendered":"<p>\u00a1Haz de cada cuidado personal un deleite sensorial con nuestro Jab\u00f3n de Glicerina! Tu piel lo agradecer\u00e1, y tus sentidos te lo agradecer\u00e1n a\u00fan m\u00e1s. \u00a1Bienvenido a un mundo de frescura y bienestar en cada gota!<\/p>\n<p>Ya sea que busques un momento de tranquilidad en tu ducha diaria o quieras mimar tu rostro con lo mejor de la naturaleza, nuestro Jab\u00f3n de Glicerina con aceite de maracuy\u00e1 y Petite Grain es tu aliado perfecto. Descubre la frescura y suavidad que tu piel merece, y reg\u00e1late la indulgencia de un aroma que eleva tu esp\u00edritu y promueve una profunda relajaci\u00f3n.<\/p>\n<p>Humedece el rostro con agua tibia para que el jab\u00f3n se deslice f\u00e1cilmente, con las manos h\u00famedas y la yema de los dedos aplica el jab\u00f3n con movimientos circulares por un minuto y luego retira\u00a0 con abundante agua. Tambi\u00e9n puede ser usado como mascarilla dejando su espuma de 5 a 10 minutos.<\/p>","protected":false},"excerpt":{"rendered":"<p>\u00a1Descubre el encanto de la pureza y la frescura con nuestro exquisito Jab\u00f3n de Glicerina, una joya elaborada con dedicaci\u00f3n y cuidado para elevar tu experiencia de cuidado personal!<\/p>\n<p>Este jab\u00f3n, enriquecido con glicerina de aceite de maracuy\u00e1, te ofrece un viaje sensorial \u00fanico. La suavidad y nutrici\u00f3n de la glicerina se combinan con las propiedades regenerativas y antioxidantes del aceite de maracuy\u00e1, brind\u00e1ndote una experiencia de limpieza que va m\u00e1s all\u00e1 de lo com\u00fan.<\/p>\n<p>\u00bfY qu\u00e9 hace que nuestro jab\u00f3n sea a\u00fan m\u00e1s especial? La magia del aceite esencial de Petite Grain. Este aroma fresco, herb\u00e1ceo y alimonado se despierta con cada aplicaci\u00f3n, inundando tus sentidos con una sensaci\u00f3n estimulante y relajante a la vez. El Petite Grain, conocido por sus propiedades relajantes, transforma tu rutina de ducha o cuidado facial en un ritual de bienestar puro.<\/p>\n<p>100 gramos<\/p>\n<p>Con aceites esenciales de hojas de limonero, aroma fresco, t\u00f3nico y depurativo previene infecciones de la piel.<\/p>","protected":false},"featured_media":8854,"comment_status":"closed","ping_status":"closed","template":"","meta":{"content-type":"","_joinchat":[],"jetpack_publicize_message":"","jetpack_publicize_feature_enabled":true,"jetpack_social_post_already_shared":false,"jetpack_social_options":{"image_generator_settings":{"template":"highway","default_image_id":0,"enabled":false},"version":2}},"product_brand":[],"product_cat":[140,141],"product_tag":[260,258,329,361,362,280,363],"class_list":{"0":"post-7234","1":"product","2":"type-product","3":"status-publish","4":"has-post-thumbnail","6":"product_cat-cuidado-facial","7":"product_cat-rostro","8":"product_tag-aceites-esenciales","9":"product_tag-aromaterapia","10":"product_tag-cuidado-de-piel","11":"product_tag-glicerina","12":"product_tag-jabon-de-glicerina","13":"product_tag-piel-delicada","14":"product_tag-piel-suave","16":"first","17":"instock","18":"purchasable","19":"product-type-simple"},"yoast_head":"<!-- This site is optimized with the Yoast SEO plugin v25.7 - https:\/\/yoast.com\/wordpress\/plugins\/seo\/ -->\n<title>Jab\u00f3n Glicerina Petitgrain Lim\u00f3n - \u00c1uren Cosm\u00e9tica<\/title>\n<meta name=\"description\" content=\"Jab\u00f3n de glicerina con aceite de maracuy\u00e1 y aceite esencial de Petite grain. Limpia, hidrata y relaja con su aroma fresco y tonificante. Ideal para cuidar tu piel y calmar tus sentidos.\" \/>\n<meta name=\"robots\" content=\"index, follow, max-snippet:-1, max-image-preview:large, max-video-preview:-1\" \/>\n<link rel=\"canonical\" href=\"https:\/\/aurencosmetica.com\/en\/product\/jabon-glicerina-petitgrain-limon\/\" \/>\n<meta property=\"og:locale\" content=\"en_US\" \/>\n<meta property=\"og:type\" content=\"article\" \/>\n<meta property=\"og:title\" content=\"Jab\u00f3n Glicerina Petitgrain Lim\u00f3n - \u00c1uren Cosm\u00e9tica\" \/>\n<meta property=\"og:description\" content=\"Jab\u00f3n de glicerina con aceite de maracuy\u00e1 y aceite esencial de Petite grain. Limpia, hidrata y relaja con su aroma fresco y tonificante. Ideal para cuidar tu piel y calmar tus sentidos.\" \/>\n<meta property=\"og:url\" content=\"https:\/\/aurencosmetica.com\/en\/product\/jabon-glicerina-petitgrain-limon\/\" \/>\n<meta property=\"og:site_name\" content=\"\u00c1uren Cosm\u00e9tica\" \/>\n<meta property=\"article:modified_time\" content=\"2026-02-27T23:58:30+00:00\" \/>\n<meta property=\"og:image\" content=\"https:\/\/aurencosmetica.com\/wp-content\/uploads\/2022\/02\/20250706_0943_Jabon-Natural-Auren_remix_01jzg2zz84ehzaghsdfsf1bbqc.jpg\" \/>\n\t<meta property=\"og:image:width\" content=\"1024\" \/>\n\t<meta property=\"og:image:height\" content=\"1024\" \/>\n\t<meta property=\"og:image:type\" content=\"image\/jpeg\" \/>\n<meta name=\"twitter:card\" content=\"summary_large_image\" \/>\n<meta name=\"twitter:label1\" content=\"Est. reading time\" \/>\n\t<meta name=\"twitter:data1\" content=\"1 minute\" \/>\n<script type=\"application\/ld+json\" class=\"yoast-schema-graph\">{\"@context\":\"https:\/\/schema.org\",\"@graph\":[{\"@type\":\"WebPage\",\"@id\":\"https:\/\/aurencosmetica.com\/product\/jabon-glicerina-petitgrain-limon\/\",\"url\":\"https:\/\/aurencosmetica.com\/product\/jabon-glicerina-petitgrain-limon\/\",\"name\":\"Jab\u00f3n Glicerina Petitgrain Lim\u00f3n - \u00c1uren Cosm\u00e9tica\",\"isPartOf\":{\"@id\":\"https:\/\/aurencosmetica.com\/#website\"},\"primaryImageOfPage\":{\"@id\":\"https:\/\/aurencosmetica.com\/product\/jabon-glicerina-petitgrain-limon\/#primaryimage\"},\"image\":{\"@id\":\"https:\/\/aurencosmetica.com\/product\/jabon-glicerina-petitgrain-limon\/#primaryimage\"},\"thumbnailUrl\":\"https:\/\/i0.wp.com\/aurencosmetica.com\/wp-content\/uploads\/2022\/02\/20250706_0943_Jabon-Natural-Auren_remix_01jzg2zz84ehzaghsdfsf1bbqc.jpg?fit=1024%2C1024&ssl=1\",\"datePublished\":\"2022-02-01T02:51:11+00:00\",\"dateModified\":\"2026-02-27T23:58:30+00:00\",\"description\":\"Jab\u00f3n de glicerina con aceite de maracuy\u00e1 y aceite esencial de Petite grain. Limpia, hidrata y relaja con su aroma fresco y tonificante. Ideal para cuidar tu piel y calmar tus sentidos.\",\"breadcrumb\":{\"@id\":\"https:\/\/aurencosmetica.com\/product\/jabon-glicerina-petitgrain-limon\/#breadcrumb\"},\"inLanguage\":\"en-US\",\"potentialAction\":[{\"@type\":\"ReadAction\",\"target\":[\"https:\/\/aurencosmetica.com\/product\/jabon-glicerina-petitgrain-limon\/\"]}]},{\"@type\":\"ImageObject\",\"inLanguage\":\"en-US\",\"@id\":\"https:\/\/aurencosmetica.com\/product\/jabon-glicerina-petitgrain-limon\/#primaryimage\",\"url\":\"https:\/\/i0.wp.com\/aurencosmetica.com\/wp-content\/uploads\/2022\/02\/20250706_0943_Jabon-Natural-Auren_remix_01jzg2zz84ehzaghsdfsf1bbqc.jpg?fit=1024%2C1024&ssl=1\",\"contentUrl\":\"https:\/\/i0.wp.com\/aurencosmetica.com\/wp-content\/uploads\/2022\/02\/20250706_0943_Jabon-Natural-Auren_remix_01jzg2zz84ehzaghsdfsf1bbqc.jpg?fit=1024%2C1024&ssl=1\",\"width\":1024,\"height\":1024},{\"@type\":\"BreadcrumbList\",\"@id\":\"https:\/\/aurencosmetica.com\/product\/jabon-glicerina-petitgrain-limon\/#breadcrumb\",\"itemListElement\":[{\"@type\":\"ListItem\",\"position\":1,\"name\":\"Portada\",\"item\":\"https:\/\/aurencosmetica.com\/\"},{\"@type\":\"ListItem\",\"position\":2,\"name\":\"Tienda\",\"item\":\"https:\/\/aurencosmetica.com\/tienda\/\"},{\"@type\":\"ListItem\",\"position\":3,\"name\":\"Jab\u00f3n Glicerina Petitgrain Lim\u00f3n\"}]},{\"@type\":\"WebSite\",\"@id\":\"https:\/\/aurencosmetica.com\/#website\",\"url\":\"https:\/\/aurencosmetica.com\/\",\"name\":\"\u00c1uren Cosm\u00e9tica\",\"description\":\"Cosm\u00e9tica Natural\",\"publisher\":{\"@id\":\"https:\/\/aurencosmetica.com\/#organization\"},\"potentialAction\":[{\"@type\":\"SearchAction\",\"target\":{\"@type\":\"EntryPoint\",\"urlTemplate\":\"https:\/\/aurencosmetica.com\/?s={search_term_string}\"},\"query-input\":{\"@type\":\"PropertyValueSpecification\",\"valueRequired\":true,\"valueName\":\"search_term_string\"}}],\"inLanguage\":\"en-US\"},{\"@type\":\"Organization\",\"@id\":\"https:\/\/aurencosmetica.com\/#organization\",\"name\":\"\u00c1uren Cosm\u00e9tica\",\"url\":\"https:\/\/aurencosmetica.com\/\",\"logo\":{\"@type\":\"ImageObject\",\"inLanguage\":\"en-US\",\"@id\":\"https:\/\/aurencosmetica.com\/#\/schema\/logo\/image\/\",\"url\":\"https:\/\/i0.wp.com\/aurencosmetica.com\/wp-content\/uploads\/2022\/02\/Logo-Auren.png?fit=1043%2C423&ssl=1\",\"contentUrl\":\"https:\/\/i0.wp.com\/aurencosmetica.com\/wp-content\/uploads\/2022\/02\/Logo-Auren.png?fit=1043%2C423&ssl=1\",\"width\":1043,\"height\":423,\"caption\":\"\u00c1uren Cosm\u00e9tica\"},\"image\":{\"@id\":\"https:\/\/aurencosmetica.com\/#\/schema\/logo\/image\/\"}}]}<\/script>\n<!-- \/ Yoast SEO plugin. -->","yoast_head_json":{"title":"Jab\u00f3n Glicerina Petitgrain Lim\u00f3n - \u00c1uren Cosm\u00e9tica","description":"Jab\u00f3n de glicerina con aceite de maracuy\u00e1 y aceite esencial de Petite grain. Limpia, hidrata y relaja con su aroma fresco y tonificante. Ideal para cuidar tu piel y calmar tus sentidos.","robots":{"index":"index","follow":"follow","max-snippet":"max-snippet:-1","max-image-preview":"max-image-preview:large","max-video-preview":"max-video-preview:-1"},"canonical":"https:\/\/aurencosmetica.com\/en\/product\/jabon-glicerina-petitgrain-limon\/","og_locale":"en_US","og_type":"article","og_title":"Jab\u00f3n Glicerina Petitgrain Lim\u00f3n - \u00c1uren Cosm\u00e9tica","og_description":"Jab\u00f3n de glicerina con aceite de maracuy\u00e1 y aceite esencial de Petite grain. Limpia, hidrata y relaja con su aroma fresco y tonificante. Ideal para cuidar tu piel y calmar tus sentidos.","og_url":"https:\/\/aurencosmetica.com\/en\/product\/jabon-glicerina-petitgrain-limon\/","og_site_name":"\u00c1uren Cosm\u00e9tica","article_modified_time":"2026-02-27T23:58:30+00:00","og_image":[{"width":1024,"height":1024,"url":"https:\/\/aurencosmetica.com\/wp-content\/uploads\/2022\/02\/20250706_0943_Jabon-Natural-Auren_remix_01jzg2zz84ehzaghsdfsf1bbqc.jpg","type":"image\/jpeg"}],"twitter_card":"summary_large_image","twitter_misc":{"Est. reading time":"1 minute"},"schema":{"@context":"https:\/\/schema.org","@graph":[{"@type":"WebPage","@id":"https:\/\/aurencosmetica.com\/product\/jabon-glicerina-petitgrain-limon\/","url":"https:\/\/aurencosmetica.com\/product\/jabon-glicerina-petitgrain-limon\/","name":"Jab\u00f3n Glicerina Petitgrain Lim\u00f3n - \u00c1uren Cosm\u00e9tica","isPartOf":{"@id":"https:\/\/aurencosmetica.com\/#website"},"primaryImageOfPage":{"@id":"https:\/\/aurencosmetica.com\/product\/jabon-glicerina-petitgrain-limon\/#primaryimage"},"image":{"@id":"https:\/\/aurencosmetica.com\/product\/jabon-glicerina-petitgrain-limon\/#primaryimage"},"thumbnailUrl":"https:\/\/i0.wp.com\/aurencosmetica.com\/wp-content\/uploads\/2022\/02\/20250706_0943_Jabon-Natural-Auren_remix_01jzg2zz84ehzaghsdfsf1bbqc.jpg?fit=1024%2C1024&ssl=1","datePublished":"2022-02-01T02:51:11+00:00","dateModified":"2026-02-27T23:58:30+00:00","description":"Jab\u00f3n de glicerina con aceite de maracuy\u00e1 y aceite esencial de Petite grain. Limpia, hidrata y relaja con su aroma fresco y tonificante. Ideal para cuidar tu piel y calmar tus sentidos.","breadcrumb":{"@id":"https:\/\/aurencosmetica.com\/product\/jabon-glicerina-petitgrain-limon\/#breadcrumb"},"inLanguage":"en-US","potentialAction":[{"@type":"ReadAction","target":["https:\/\/aurencosmetica.com\/product\/jabon-glicerina-petitgrain-limon\/"]}]},{"@type":"ImageObject","inLanguage":"en-US","@id":"https:\/\/aurencosmetica.com\/product\/jabon-glicerina-petitgrain-limon\/#primaryimage","url":"https:\/\/i0.wp.com\/aurencosmetica.com\/wp-content\/uploads\/2022\/02\/20250706_0943_Jabon-Natural-Auren_remix_01jzg2zz84ehzaghsdfsf1bbqc.jpg?fit=1024%2C1024&ssl=1","contentUrl":"https:\/\/i0.wp.com\/aurencosmetica.com\/wp-content\/uploads\/2022\/02\/20250706_0943_Jabon-Natural-Auren_remix_01jzg2zz84ehzaghsdfsf1bbqc.jpg?fit=1024%2C1024&ssl=1","width":1024,"height":1024},{"@type":"BreadcrumbList","@id":"https:\/\/aurencosmetica.com\/product\/jabon-glicerina-petitgrain-limon\/#breadcrumb","itemListElement":[{"@type":"ListItem","position":1,"name":"Portada","item":"https:\/\/aurencosmetica.com\/"},{"@type":"ListItem","position":2,"name":"Tienda","item":"https:\/\/aurencosmetica.com\/tienda\/"},{"@type":"ListItem","position":3,"name":"Jab\u00f3n Glicerina Petitgrain Lim\u00f3n"}]},{"@type":"WebSite","@id":"https:\/\/aurencosmetica.com\/#website","url":"https:\/\/aurencosmetica.com\/","name":"\u00c1uren Cosm\u00e9tica","description":"Cosm\u00e9tica Natural","publisher":{"@id":"https:\/\/aurencosmetica.com\/#organization"},"potentialAction":[{"@type":"SearchAction","target":{"@type":"EntryPoint","urlTemplate":"https:\/\/aurencosmetica.com\/?s={search_term_string}"},"query-input":{"@type":"PropertyValueSpecification","valueRequired":true,"valueName":"search_term_string"}}],"inLanguage":"en-US"},{"@type":"Organization","@id":"https:\/\/aurencosmetica.com\/#organization","name":"\u00c1uren Cosm\u00e9tica","url":"https:\/\/aurencosmetica.com\/","logo":{"@type":"ImageObject","inLanguage":"en-US","@id":"https:\/\/aurencosmetica.com\/#\/schema\/logo\/image\/","url":"https:\/\/i0.wp.com\/aurencosmetica.com\/wp-content\/uploads\/2022\/02\/Logo-Auren.png?fit=1043%2C423&ssl=1","contentUrl":"https:\/\/i0.wp.com\/aurencosmetica.com\/wp-content\/uploads\/2022\/02\/Logo-Auren.png?fit=1043%2C423&ssl=1","width":1043,"height":423,"caption":"\u00c1uren Cosm\u00e9tica"},"image":{"@id":"https:\/\/aurencosmetica.com\/#\/schema\/logo\/image\/"}}]}},"jetpack_publicize_connections":[],"jetpack_sharing_enabled":true,"_links":{"self":[{"href":"https:\/\/aurencosmetica.com\/en\/wp-json\/wp\/v2\/product\/7234","targetHints":{"allow":["GET"]}}],"collection":[{"href":"https:\/\/aurencosmetica.com\/en\/wp-json\/wp\/v2\/product"}],"about":[{"href":"https:\/\/aurencosmetica.com\/en\/wp-json\/wp\/v2\/types\/product"}],"replies":[{"embeddable":true,"href":"https:\/\/aurencosmetica.com\/en\/wp-json\/wp\/v2\/comments?post=7234"}],"wp:featuredmedia":[{"embeddable":true,"href":"https:\/\/aurencosmetica.com\/en\/wp-json\/wp\/v2\/media\/8854"}],"wp:attachment":[{"href":"https:\/\/aurencosmetica.com\/en\/wp-json\/wp\/v2\/media?parent=7234"}],"wp:term":[{"taxonomy":"product_brand","embeddable":true,"href":"https:\/\/aurencosmetica.com\/en\/wp-json\/wp\/v2\/product_brand?post=7234"},{"taxonomy":"product_cat","embeddable":true,"href":"https:\/\/aurencosmetica.com\/en\/wp-json\/wp\/v2\/product_cat?post=7234"},{"taxonomy":"product_tag","embeddable":true,"href":"https:\/\/aurencosmetica.com\/en\/wp-json\/wp\/v2\/product_tag?post=7234"}],"curies":[{"name":"wp","href":"https:\/\/api.w.org\/{rel}","templated":true}]}}