{"id":7233,"date":"2022-02-01T02:49:40","date_gmt":"2022-02-01T02:49:40","guid":{"rendered":"https:\/\/aurencosmetica.com\/index.php\/product\/jabon-glicerina-mango-albahaca\/"},"modified":"2026-02-28T00:05:49","modified_gmt":"2026-02-28T00:05:49","slug":"jabon-glicerina-mango-albahaca","status":"publish","type":"product","link":"https:\/\/aurencosmetica.com\/en\/product\/jabon-glicerina-mango-albahaca\/","title":{"rendered":"Jab\u00f3n Glicerina Mango Albahaca"},"content":{"rendered":"<p>Deleita tus sentidos, acaricia tu piel y permite que cada lavado sea un ritual sagrado. Descubre la magia de nuestro Jab\u00f3n de Glicerina, donde la frescura del maracuy\u00e1 y la espiritualidad del Mango Albahaca se unen para ofrecerte una experiencia de bienestar como ninguna otra. \u00a1Convierte tu rutina de cuidado en un momento de pura conexi\u00f3n y renovaci\u00f3n!<\/p>\n<p>Este aroma frutal, dulce y sagrado como el de la albahaca, se convierte en una experiencia sensorial \u00fanica. En la ducha o en tu rutina facial, este jab\u00f3n no solo limpia, sino que tambi\u00e9n transforma tu momento de cuidado en un ritual de conexi\u00f3n interna. El Mango Albahaca, conocido por sus propiedades relajantes y equilibrantes, te envuelve en una fragancia que calma las emociones y despierta los sentidos.<\/p>\n<p>Sum\u00e9rgete en el exquisito perfume frutal y sagrado de la albahaca mientras experimentas c\u00f3mo los aceites esenciales acarician tu piel y tu esp\u00edritu. Nuestro Jab\u00f3n de Glicerina con aceite de maracuy\u00e1 y Mango Albahaca no es simplemente un producto de cuidado personal, es una invitaci\u00f3n a la relajaci\u00f3n profunda y la conexi\u00f3n interna.<\/p>\n<p>Humedece el rostro con agua tibia para que el jab\u00f3n se deslice f\u00e1cilmente, con las manos h\u00famedas y la yema de los dedos aplica el jab\u00f3n con movimientos circulares por un minuto y luego retira\u00a0 con abundante agua. Tambi\u00e9n puede ser usado como mascarilla dejando su espuma de 5 a 10 minutos.<\/p>","protected":false},"excerpt":{"rendered":"<p>\u00a1Bienvenido a un oasis de serenidad y cuidado con nuestro sublime Jab\u00f3n de Glicerina! Descubre una experiencia \u00fanica que combina la indulgencia de la glicerina de aceite de maracuy\u00e1 con la armoniosa sinfon\u00eda del aceite esencial de Mango Albahaca.<\/p>\n<p>Este jab\u00f3n, meticulosamente elaborado, se sumerge en las ricas propiedades nutritivas de la glicerina de aceite de maracuy\u00e1, acariciando tu piel con suavidad y brind\u00e1ndole la hidrataci\u00f3n que se merece. Pero lo que realmente distingue a nuestro jab\u00f3n es la presencia del encantador aceite esencial de Mango Albahaca.<\/p>\n<p>100 gramos<\/p>\n<p>extracto de pulpa de mango, aceite de semilla de mango y aceite esencial de albahaca con acci\u00f3n antioxidante y regeneradora. Ideal para pieles maltratadas y resecas.<\/p>","protected":false},"featured_media":8851,"comment_status":"closed","ping_status":"closed","template":"","meta":{"content-type":"","_joinchat":[],"jetpack_publicize_message":"","jetpack_publicize_feature_enabled":true,"jetpack_social_post_already_shared":false,"jetpack_social_options":{"image_generator_settings":{"template":"highway","default_image_id":0,"enabled":false},"version":2}},"product_brand":[],"product_cat":[70,140,112,193,141,192],"product_tag":[371,370,258,329,280],"class_list":{"0":"post-7233","1":"product","2":"type-product","3":"status-publish","4":"has-post-thumbnail","6":"product_cat-aceites-esenciales","7":"product_cat-cuidado-facial","8":"product_cat-ducha","9":"product_cat-mezclas-exclusivas","10":"product_cat-rostro","11":"product_cat-spa","12":"product_tag-aceite-esencial","13":"product_tag-albahaca","14":"product_tag-aromaterapia","15":"product_tag-cuidado-de-piel","16":"product_tag-piel-delicada","18":"first","19":"instock","20":"purchasable","21":"product-type-simple"},"yoast_head":"<!-- This site is optimized with the Yoast SEO plugin v25.7 - https:\/\/yoast.com\/wordpress\/plugins\/seo\/ -->\n<title>Jab\u00f3n Glicerina Mango Albahaca - \u00c1uren Cosm\u00e9tica<\/title>\n<meta name=\"description\" content=\"Jab\u00f3n de glicerina con aceite de maracuy\u00e1 , extracto de mango y aceite esencial de albahaca. Hidrata, nutre y brinda una experiencia sensorial fresca y armoniosa para el cuidado diario de tu piel.\" \/>\n<meta name=\"robots\" content=\"index, follow, max-snippet:-1, max-image-preview:large, max-video-preview:-1\" \/>\n<link rel=\"canonical\" href=\"https:\/\/aurencosmetica.com\/en\/product\/jabon-glicerina-mango-albahaca\/\" \/>\n<meta property=\"og:locale\" content=\"en_US\" \/>\n<meta property=\"og:type\" content=\"article\" \/>\n<meta property=\"og:title\" content=\"Jab\u00f3n Glicerina Mango Albahaca - \u00c1uren Cosm\u00e9tica\" \/>\n<meta property=\"og:description\" content=\"Jab\u00f3n de glicerina con aceite de maracuy\u00e1 , extracto de mango y aceite esencial de albahaca. Hidrata, nutre y brinda una experiencia sensorial fresca y armoniosa para el cuidado diario de tu piel.\" \/>\n<meta property=\"og:url\" content=\"https:\/\/aurencosmetica.com\/en\/product\/jabon-glicerina-mango-albahaca\/\" \/>\n<meta property=\"og:site_name\" content=\"\u00c1uren Cosm\u00e9tica\" \/>\n<meta property=\"article:modified_time\" content=\"2026-02-28T00:05:49+00:00\" \/>\n<meta property=\"og:image\" content=\"https:\/\/aurencosmetica.com\/wp-content\/uploads\/2022\/02\/20250706_0917_Jabon-Mango-Albahaca_remix_01jzg1g2gffd197k3k9x65r60w.jpg\" \/>\n\t<meta property=\"og:image:width\" content=\"1024\" \/>\n\t<meta property=\"og:image:height\" content=\"1024\" \/>\n\t<meta property=\"og:image:type\" content=\"image\/jpeg\" \/>\n<meta name=\"twitter:card\" content=\"summary_large_image\" \/>\n<meta name=\"twitter:label1\" content=\"Est. reading time\" \/>\n\t<meta name=\"twitter:data1\" content=\"2 minutes\" \/>\n<script type=\"application\/ld+json\" class=\"yoast-schema-graph\">{\"@context\":\"https:\/\/schema.org\",\"@graph\":[{\"@type\":\"WebPage\",\"@id\":\"https:\/\/aurencosmetica.com\/product\/jabon-glicerina-mango-albahaca\/\",\"url\":\"https:\/\/aurencosmetica.com\/product\/jabon-glicerina-mango-albahaca\/\",\"name\":\"Jab\u00f3n Glicerina Mango Albahaca - \u00c1uren Cosm\u00e9tica\",\"isPartOf\":{\"@id\":\"https:\/\/aurencosmetica.com\/#website\"},\"primaryImageOfPage\":{\"@id\":\"https:\/\/aurencosmetica.com\/product\/jabon-glicerina-mango-albahaca\/#primaryimage\"},\"image\":{\"@id\":\"https:\/\/aurencosmetica.com\/product\/jabon-glicerina-mango-albahaca\/#primaryimage\"},\"thumbnailUrl\":\"https:\/\/i0.wp.com\/aurencosmetica.com\/wp-content\/uploads\/2022\/02\/20250706_0917_Jabon-Mango-Albahaca_remix_01jzg1g2gffd197k3k9x65r60w.jpg?fit=1024%2C1024&ssl=1\",\"datePublished\":\"2022-02-01T02:49:40+00:00\",\"dateModified\":\"2026-02-28T00:05:49+00:00\",\"description\":\"Jab\u00f3n de glicerina con aceite de maracuy\u00e1 , extracto de mango y aceite esencial de albahaca. Hidrata, nutre y brinda una experiencia sensorial fresca y armoniosa para el cuidado diario de tu piel.\",\"breadcrumb\":{\"@id\":\"https:\/\/aurencosmetica.com\/product\/jabon-glicerina-mango-albahaca\/#breadcrumb\"},\"inLanguage\":\"en-US\",\"potentialAction\":[{\"@type\":\"ReadAction\",\"target\":[\"https:\/\/aurencosmetica.com\/product\/jabon-glicerina-mango-albahaca\/\"]}]},{\"@type\":\"ImageObject\",\"inLanguage\":\"en-US\",\"@id\":\"https:\/\/aurencosmetica.com\/product\/jabon-glicerina-mango-albahaca\/#primaryimage\",\"url\":\"https:\/\/i0.wp.com\/aurencosmetica.com\/wp-content\/uploads\/2022\/02\/20250706_0917_Jabon-Mango-Albahaca_remix_01jzg1g2gffd197k3k9x65r60w.jpg?fit=1024%2C1024&ssl=1\",\"contentUrl\":\"https:\/\/i0.wp.com\/aurencosmetica.com\/wp-content\/uploads\/2022\/02\/20250706_0917_Jabon-Mango-Albahaca_remix_01jzg1g2gffd197k3k9x65r60w.jpg?fit=1024%2C1024&ssl=1\",\"width\":1024,\"height\":1024},{\"@type\":\"BreadcrumbList\",\"@id\":\"https:\/\/aurencosmetica.com\/product\/jabon-glicerina-mango-albahaca\/#breadcrumb\",\"itemListElement\":[{\"@type\":\"ListItem\",\"position\":1,\"name\":\"Portada\",\"item\":\"https:\/\/aurencosmetica.com\/\"},{\"@type\":\"ListItem\",\"position\":2,\"name\":\"Tienda\",\"item\":\"https:\/\/aurencosmetica.com\/tienda\/\"},{\"@type\":\"ListItem\",\"position\":3,\"name\":\"Jab\u00f3n Glicerina Mango Albahaca\"}]},{\"@type\":\"WebSite\",\"@id\":\"https:\/\/aurencosmetica.com\/#website\",\"url\":\"https:\/\/aurencosmetica.com\/\",\"name\":\"\u00c1uren Cosm\u00e9tica\",\"description\":\"Cosm\u00e9tica Natural\",\"publisher\":{\"@id\":\"https:\/\/aurencosmetica.com\/#organization\"},\"potentialAction\":[{\"@type\":\"SearchAction\",\"target\":{\"@type\":\"EntryPoint\",\"urlTemplate\":\"https:\/\/aurencosmetica.com\/?s={search_term_string}\"},\"query-input\":{\"@type\":\"PropertyValueSpecification\",\"valueRequired\":true,\"valueName\":\"search_term_string\"}}],\"inLanguage\":\"en-US\"},{\"@type\":\"Organization\",\"@id\":\"https:\/\/aurencosmetica.com\/#organization\",\"name\":\"\u00c1uren Cosm\u00e9tica\",\"url\":\"https:\/\/aurencosmetica.com\/\",\"logo\":{\"@type\":\"ImageObject\",\"inLanguage\":\"en-US\",\"@id\":\"https:\/\/aurencosmetica.com\/#\/schema\/logo\/image\/\",\"url\":\"https:\/\/i0.wp.com\/aurencosmetica.com\/wp-content\/uploads\/2022\/02\/Logo-Auren.png?fit=1043%2C423&ssl=1\",\"contentUrl\":\"https:\/\/i0.wp.com\/aurencosmetica.com\/wp-content\/uploads\/2022\/02\/Logo-Auren.png?fit=1043%2C423&ssl=1\",\"width\":1043,\"height\":423,\"caption\":\"\u00c1uren Cosm\u00e9tica\"},\"image\":{\"@id\":\"https:\/\/aurencosmetica.com\/#\/schema\/logo\/image\/\"}}]}<\/script>\n<!-- \/ Yoast SEO plugin. -->","yoast_head_json":{"title":"Jab\u00f3n Glicerina Mango Albahaca - \u00c1uren Cosm\u00e9tica","description":"Jab\u00f3n de glicerina con aceite de maracuy\u00e1 , extracto de mango y aceite esencial de albahaca. Hidrata, nutre y brinda una experiencia sensorial fresca y armoniosa para el cuidado diario de tu piel.","robots":{"index":"index","follow":"follow","max-snippet":"max-snippet:-1","max-image-preview":"max-image-preview:large","max-video-preview":"max-video-preview:-1"},"canonical":"https:\/\/aurencosmetica.com\/en\/product\/jabon-glicerina-mango-albahaca\/","og_locale":"en_US","og_type":"article","og_title":"Jab\u00f3n Glicerina Mango Albahaca - \u00c1uren Cosm\u00e9tica","og_description":"Jab\u00f3n de glicerina con aceite de maracuy\u00e1 , extracto de mango y aceite esencial de albahaca. Hidrata, nutre y brinda una experiencia sensorial fresca y armoniosa para el cuidado diario de tu piel.","og_url":"https:\/\/aurencosmetica.com\/en\/product\/jabon-glicerina-mango-albahaca\/","og_site_name":"\u00c1uren Cosm\u00e9tica","article_modified_time":"2026-02-28T00:05:49+00:00","og_image":[{"width":1024,"height":1024,"url":"https:\/\/aurencosmetica.com\/wp-content\/uploads\/2022\/02\/20250706_0917_Jabon-Mango-Albahaca_remix_01jzg1g2gffd197k3k9x65r60w.jpg","type":"image\/jpeg"}],"twitter_card":"summary_large_image","twitter_misc":{"Est. reading time":"2 minutes"},"schema":{"@context":"https:\/\/schema.org","@graph":[{"@type":"WebPage","@id":"https:\/\/aurencosmetica.com\/product\/jabon-glicerina-mango-albahaca\/","url":"https:\/\/aurencosmetica.com\/product\/jabon-glicerina-mango-albahaca\/","name":"Jab\u00f3n Glicerina Mango Albahaca - \u00c1uren Cosm\u00e9tica","isPartOf":{"@id":"https:\/\/aurencosmetica.com\/#website"},"primaryImageOfPage":{"@id":"https:\/\/aurencosmetica.com\/product\/jabon-glicerina-mango-albahaca\/#primaryimage"},"image":{"@id":"https:\/\/aurencosmetica.com\/product\/jabon-glicerina-mango-albahaca\/#primaryimage"},"thumbnailUrl":"https:\/\/i0.wp.com\/aurencosmetica.com\/wp-content\/uploads\/2022\/02\/20250706_0917_Jabon-Mango-Albahaca_remix_01jzg1g2gffd197k3k9x65r60w.jpg?fit=1024%2C1024&ssl=1","datePublished":"2022-02-01T02:49:40+00:00","dateModified":"2026-02-28T00:05:49+00:00","description":"Jab\u00f3n de glicerina con aceite de maracuy\u00e1 , extracto de mango y aceite esencial de albahaca. Hidrata, nutre y brinda una experiencia sensorial fresca y armoniosa para el cuidado diario de tu piel.","breadcrumb":{"@id":"https:\/\/aurencosmetica.com\/product\/jabon-glicerina-mango-albahaca\/#breadcrumb"},"inLanguage":"en-US","potentialAction":[{"@type":"ReadAction","target":["https:\/\/aurencosmetica.com\/product\/jabon-glicerina-mango-albahaca\/"]}]},{"@type":"ImageObject","inLanguage":"en-US","@id":"https:\/\/aurencosmetica.com\/product\/jabon-glicerina-mango-albahaca\/#primaryimage","url":"https:\/\/i0.wp.com\/aurencosmetica.com\/wp-content\/uploads\/2022\/02\/20250706_0917_Jabon-Mango-Albahaca_remix_01jzg1g2gffd197k3k9x65r60w.jpg?fit=1024%2C1024&ssl=1","contentUrl":"https:\/\/i0.wp.com\/aurencosmetica.com\/wp-content\/uploads\/2022\/02\/20250706_0917_Jabon-Mango-Albahaca_remix_01jzg1g2gffd197k3k9x65r60w.jpg?fit=1024%2C1024&ssl=1","width":1024,"height":1024},{"@type":"BreadcrumbList","@id":"https:\/\/aurencosmetica.com\/product\/jabon-glicerina-mango-albahaca\/#breadcrumb","itemListElement":[{"@type":"ListItem","position":1,"name":"Portada","item":"https:\/\/aurencosmetica.com\/"},{"@type":"ListItem","position":2,"name":"Tienda","item":"https:\/\/aurencosmetica.com\/tienda\/"},{"@type":"ListItem","position":3,"name":"Jab\u00f3n Glicerina Mango Albahaca"}]},{"@type":"WebSite","@id":"https:\/\/aurencosmetica.com\/#website","url":"https:\/\/aurencosmetica.com\/","name":"\u00c1uren Cosm\u00e9tica","description":"Cosm\u00e9tica Natural","publisher":{"@id":"https:\/\/aurencosmetica.com\/#organization"},"potentialAction":[{"@type":"SearchAction","target":{"@type":"EntryPoint","urlTemplate":"https:\/\/aurencosmetica.com\/?s={search_term_string}"},"query-input":{"@type":"PropertyValueSpecification","valueRequired":true,"valueName":"search_term_string"}}],"inLanguage":"en-US"},{"@type":"Organization","@id":"https:\/\/aurencosmetica.com\/#organization","name":"\u00c1uren Cosm\u00e9tica","url":"https:\/\/aurencosmetica.com\/","logo":{"@type":"ImageObject","inLanguage":"en-US","@id":"https:\/\/aurencosmetica.com\/#\/schema\/logo\/image\/","url":"https:\/\/i0.wp.com\/aurencosmetica.com\/wp-content\/uploads\/2022\/02\/Logo-Auren.png?fit=1043%2C423&ssl=1","contentUrl":"https:\/\/i0.wp.com\/aurencosmetica.com\/wp-content\/uploads\/2022\/02\/Logo-Auren.png?fit=1043%2C423&ssl=1","width":1043,"height":423,"caption":"\u00c1uren Cosm\u00e9tica"},"image":{"@id":"https:\/\/aurencosmetica.com\/#\/schema\/logo\/image\/"}}]}},"jetpack_publicize_connections":[],"jetpack_sharing_enabled":true,"_links":{"self":[{"href":"https:\/\/aurencosmetica.com\/en\/wp-json\/wp\/v2\/product\/7233","targetHints":{"allow":["GET"]}}],"collection":[{"href":"https:\/\/aurencosmetica.com\/en\/wp-json\/wp\/v2\/product"}],"about":[{"href":"https:\/\/aurencosmetica.com\/en\/wp-json\/wp\/v2\/types\/product"}],"replies":[{"embeddable":true,"href":"https:\/\/aurencosmetica.com\/en\/wp-json\/wp\/v2\/comments?post=7233"}],"wp:featuredmedia":[{"embeddable":true,"href":"https:\/\/aurencosmetica.com\/en\/wp-json\/wp\/v2\/media\/8851"}],"wp:attachment":[{"href":"https:\/\/aurencosmetica.com\/en\/wp-json\/wp\/v2\/media?parent=7233"}],"wp:term":[{"taxonomy":"product_brand","embeddable":true,"href":"https:\/\/aurencosmetica.com\/en\/wp-json\/wp\/v2\/product_brand?post=7233"},{"taxonomy":"product_cat","embeddable":true,"href":"https:\/\/aurencosmetica.com\/en\/wp-json\/wp\/v2\/product_cat?post=7233"},{"taxonomy":"product_tag","embeddable":true,"href":"https:\/\/aurencosmetica.com\/en\/wp-json\/wp\/v2\/product_tag?post=7233"}],"curies":[{"name":"wp","href":"https:\/\/api.w.org\/{rel}","templated":true}]}}