{"id":7232,"date":"2022-02-01T02:49:40","date_gmt":"2022-02-01T02:49:40","guid":{"rendered":"https:\/\/aurencosmetica.com\/index.php\/product\/jabon-glicerina-durazno-palmarosa\/"},"modified":"2026-02-28T00:05:18","modified_gmt":"2026-02-28T00:05:18","slug":"jabon-glicerina-durazno-palmarosa","status":"publish","type":"product","link":"https:\/\/aurencosmetica.com\/en\/product\/jabon-glicerina-durazno-palmarosa\/","title":{"rendered":"Jab\u00f3n Glicerina Durazno Palmarosa"},"content":{"rendered":"<p>Prep\u00e1rate para experimentar un ritual de cuidado personal que va m\u00e1s all\u00e1 de la limpieza diaria. Nuestro Jab\u00f3n de Glicerina con aceite de maracuy\u00e1, durazno y palmarosa te invita a un viaje de relajaci\u00f3n y recuperaci\u00f3n. \u00a1Dale a tu piel la atenci\u00f3n que se merece y disfruta de la frescura frutal y la calma sagrada en cada aplicaci\u00f3n!<\/p>\n<p>El aceite esencial de Palmarosa, conocido por su aroma frutal y sagrado, no solo relaja las emociones y los sentidos, sino que tambi\u00e9n se convierte en un elixir para las pieles m\u00e1s delicadas. Este jab\u00f3n es un regalo indulgente para quienes buscan calmar y recuperar la piel con suavidad.<\/p>\n<p>Ya sea que lo uses en la ducha para una experiencia rejuvenecedora o en tu rutina facial para mimar tu piel, cada aplicaci\u00f3n es un deleite fragante y relajante. La fragancia frutal del durazno junto con la nota sagrada de la palmarosa se entrelazan para crear una sinfon\u00eda \u00fanica que transforma cada lavado en un momento de puro lujo.<\/p>\n<p>Humedece el rostro con agua tibia para que el jab\u00f3n se deslice f\u00e1cilmente, con las manos h\u00famedas y la yema de los dedos aplica el jab\u00f3n con movimientos circulares por un minuto y luego retira\u00a0 con abundante agua. Tambi\u00e9n puede ser usado como mascarilla dejando su espuma de 5 a 10 minutos.<\/p>","protected":false},"excerpt":{"rendered":"<p>\u00a1Bienvenido a la experiencia sensorial definitiva con nuestro exclusivo Jab\u00f3n de Glicerina, un verdadero tesoro de bienestar que combina la suavidad de la glicerina de aceite de maracuy\u00e1 con la armoniosa fusi\u00f3n de aceites esenciales de durazno y palmarosa!<\/p>\n<p>Este jab\u00f3n no es solo una rutina diaria; es un viaje de relajaci\u00f3n y recuperaci\u00f3n para tu piel. Imagina la suavidad acariciante de la glicerina de aceite de maracuy\u00e1 nutriendo tu piel mientras te envuelves en la fragancia embriagadora y frutal del durazno. Pero ah\u00ed no termina la maravilla, porque el toque m\u00e1gico de la palmarosa agrega una dimensi\u00f3n sagrada y relajante.<\/p>\n<p>100 gramos<\/p>\n<p>Con extracto de durazno y aceite esencial de palmarosa, es un jab\u00f3n nutritivo y humectante para pieles delicadas. Puede ser usado como mascarilla dejando su espuma por 10 minutos. Esta mascarilla se puede repetir a diario.<\/p>","protected":false},"featured_media":8816,"comment_status":"closed","ping_status":"closed","template":"","meta":{"content-type":"","_joinchat":[],"jetpack_publicize_message":"","jetpack_publicize_feature_enabled":true,"jetpack_social_post_already_shared":false,"jetpack_social_options":{"image_generator_settings":{"template":"highway","default_image_id":0,"enabled":false},"version":2}},"product_brand":[],"product_cat":[140,141],"product_tag":[260,376,374,375,280],"class_list":{"0":"post-7232","1":"product","2":"type-product","3":"status-publish","4":"has-post-thumbnail","6":"product_cat-cuidado-facial","7":"product_cat-rostro","8":"product_tag-aceites-esenciales","9":"product_tag-cuidado-facial","10":"product_tag-durazno","11":"product_tag-palmarosa","12":"product_tag-piel-delicada","14":"first","15":"instock","16":"purchasable","17":"product-type-simple"},"yoast_head":"<!-- This site is optimized with the Yoast SEO plugin v25.7 - https:\/\/yoast.com\/wordpress\/plugins\/seo\/ -->\n<title>Jab\u00f3n Glicerina Durazno Palmarosa - \u00c1uren Cosm\u00e9tica<\/title>\n<meta name=\"robots\" content=\"index, follow, max-snippet:-1, max-image-preview:large, max-video-preview:-1\" \/>\n<link rel=\"canonical\" href=\"https:\/\/aurencosmetica.com\/en\/product\/jabon-glicerina-durazno-palmarosa\/\" \/>\n<meta property=\"og:locale\" content=\"en_US\" \/>\n<meta property=\"og:type\" content=\"article\" \/>\n<meta property=\"og:title\" content=\"Jab\u00f3n Glicerina Durazno Palmarosa - \u00c1uren Cosm\u00e9tica\" \/>\n<meta property=\"og:description\" content=\"\u00a1Bienvenido a la experiencia sensorial definitiva con nuestro exclusivo Jab\u00f3n de Glicerina, un verdadero tesoro de bienestar que combina la suavidad de la glicerina de aceite de maracuy\u00e1 con la armoniosa fusi\u00f3n de aceites esenciales de durazno y palmarosa!  Este jab\u00f3n no es solo una rutina diaria; es un viaje de relajaci\u00f3n y recuperaci\u00f3n para tu piel. Imagina la suavidad acariciante de la glicerina de aceite de maracuy\u00e1 nutriendo tu piel mientras te envuelves en la fragancia embriagadora y frutal del durazno. Pero ah\u00ed no termina la maravilla, porque el toque m\u00e1gico de la palmarosa agrega una dimensi\u00f3n sagrada y relajante.  100 gramos  Con extracto de durazno y aceite esencial de palmarosa, es un jab\u00f3n nutritivo y humectante para pieles delicadas. Puede ser usado como mascarilla dejando su espuma por 10 minutos. Esta mascarilla se puede repetir a diario.\" \/>\n<meta property=\"og:url\" content=\"https:\/\/aurencosmetica.com\/en\/product\/jabon-glicerina-durazno-palmarosa\/\" \/>\n<meta property=\"og:site_name\" content=\"\u00c1uren Cosm\u00e9tica\" \/>\n<meta property=\"article:modified_time\" content=\"2026-02-28T00:05:18+00:00\" \/>\n<meta property=\"og:image\" content=\"https:\/\/aurencosmetica.com\/wp-content\/uploads\/2022\/02\/20250704_1239_Jabon-Durazno-Palmarosa_remix_01jzb88dare5haajqsw0nxfdsp.jpg\" \/>\n\t<meta property=\"og:image:width\" content=\"1024\" \/>\n\t<meta property=\"og:image:height\" content=\"1024\" \/>\n\t<meta property=\"og:image:type\" content=\"image\/jpeg\" \/>\n<meta name=\"twitter:card\" content=\"summary_large_image\" \/>\n<meta name=\"twitter:label1\" content=\"Est. reading time\" \/>\n\t<meta name=\"twitter:data1\" content=\"2 minutes\" \/>\n<script type=\"application\/ld+json\" class=\"yoast-schema-graph\">{\"@context\":\"https:\/\/schema.org\",\"@graph\":[{\"@type\":\"WebPage\",\"@id\":\"https:\/\/aurencosmetica.com\/product\/jabon-glicerina-durazno-palmarosa\/\",\"url\":\"https:\/\/aurencosmetica.com\/product\/jabon-glicerina-durazno-palmarosa\/\",\"name\":\"Jab\u00f3n Glicerina Durazno Palmarosa - \u00c1uren Cosm\u00e9tica\",\"isPartOf\":{\"@id\":\"https:\/\/aurencosmetica.com\/#website\"},\"primaryImageOfPage\":{\"@id\":\"https:\/\/aurencosmetica.com\/product\/jabon-glicerina-durazno-palmarosa\/#primaryimage\"},\"image\":{\"@id\":\"https:\/\/aurencosmetica.com\/product\/jabon-glicerina-durazno-palmarosa\/#primaryimage\"},\"thumbnailUrl\":\"https:\/\/i0.wp.com\/aurencosmetica.com\/wp-content\/uploads\/2022\/02\/20250704_1239_Jabon-Durazno-Palmarosa_remix_01jzb88dare5haajqsw0nxfdsp.jpg?fit=1024%2C1024&ssl=1\",\"datePublished\":\"2022-02-01T02:49:40+00:00\",\"dateModified\":\"2026-02-28T00:05:18+00:00\",\"breadcrumb\":{\"@id\":\"https:\/\/aurencosmetica.com\/product\/jabon-glicerina-durazno-palmarosa\/#breadcrumb\"},\"inLanguage\":\"en-US\",\"potentialAction\":[{\"@type\":\"ReadAction\",\"target\":[\"https:\/\/aurencosmetica.com\/product\/jabon-glicerina-durazno-palmarosa\/\"]}]},{\"@type\":\"ImageObject\",\"inLanguage\":\"en-US\",\"@id\":\"https:\/\/aurencosmetica.com\/product\/jabon-glicerina-durazno-palmarosa\/#primaryimage\",\"url\":\"https:\/\/i0.wp.com\/aurencosmetica.com\/wp-content\/uploads\/2022\/02\/20250704_1239_Jabon-Durazno-Palmarosa_remix_01jzb88dare5haajqsw0nxfdsp.jpg?fit=1024%2C1024&ssl=1\",\"contentUrl\":\"https:\/\/i0.wp.com\/aurencosmetica.com\/wp-content\/uploads\/2022\/02\/20250704_1239_Jabon-Durazno-Palmarosa_remix_01jzb88dare5haajqsw0nxfdsp.jpg?fit=1024%2C1024&ssl=1\",\"width\":1024,\"height\":1024},{\"@type\":\"BreadcrumbList\",\"@id\":\"https:\/\/aurencosmetica.com\/product\/jabon-glicerina-durazno-palmarosa\/#breadcrumb\",\"itemListElement\":[{\"@type\":\"ListItem\",\"position\":1,\"name\":\"Portada\",\"item\":\"https:\/\/aurencosmetica.com\/\"},{\"@type\":\"ListItem\",\"position\":2,\"name\":\"Tienda\",\"item\":\"https:\/\/aurencosmetica.com\/tienda\/\"},{\"@type\":\"ListItem\",\"position\":3,\"name\":\"Jab\u00f3n Glicerina Durazno Palmarosa\"}]},{\"@type\":\"WebSite\",\"@id\":\"https:\/\/aurencosmetica.com\/#website\",\"url\":\"https:\/\/aurencosmetica.com\/\",\"name\":\"\u00c1uren Cosm\u00e9tica\",\"description\":\"Cosm\u00e9tica Natural\",\"publisher\":{\"@id\":\"https:\/\/aurencosmetica.com\/#organization\"},\"potentialAction\":[{\"@type\":\"SearchAction\",\"target\":{\"@type\":\"EntryPoint\",\"urlTemplate\":\"https:\/\/aurencosmetica.com\/?s={search_term_string}\"},\"query-input\":{\"@type\":\"PropertyValueSpecification\",\"valueRequired\":true,\"valueName\":\"search_term_string\"}}],\"inLanguage\":\"en-US\"},{\"@type\":\"Organization\",\"@id\":\"https:\/\/aurencosmetica.com\/#organization\",\"name\":\"\u00c1uren Cosm\u00e9tica\",\"url\":\"https:\/\/aurencosmetica.com\/\",\"logo\":{\"@type\":\"ImageObject\",\"inLanguage\":\"en-US\",\"@id\":\"https:\/\/aurencosmetica.com\/#\/schema\/logo\/image\/\",\"url\":\"https:\/\/i0.wp.com\/aurencosmetica.com\/wp-content\/uploads\/2022\/02\/Logo-Auren.png?fit=1043%2C423&ssl=1\",\"contentUrl\":\"https:\/\/i0.wp.com\/aurencosmetica.com\/wp-content\/uploads\/2022\/02\/Logo-Auren.png?fit=1043%2C423&ssl=1\",\"width\":1043,\"height\":423,\"caption\":\"\u00c1uren Cosm\u00e9tica\"},\"image\":{\"@id\":\"https:\/\/aurencosmetica.com\/#\/schema\/logo\/image\/\"}}]}<\/script>\n<!-- \/ Yoast SEO plugin. -->","yoast_head_json":{"title":"Jab\u00f3n Glicerina Durazno Palmarosa - \u00c1uren Cosm\u00e9tica","robots":{"index":"index","follow":"follow","max-snippet":"max-snippet:-1","max-image-preview":"max-image-preview:large","max-video-preview":"max-video-preview:-1"},"canonical":"https:\/\/aurencosmetica.com\/en\/product\/jabon-glicerina-durazno-palmarosa\/","og_locale":"en_US","og_type":"article","og_title":"Jab\u00f3n Glicerina Durazno Palmarosa - \u00c1uren Cosm\u00e9tica","og_description":"\u00a1Bienvenido a la experiencia sensorial definitiva con nuestro exclusivo Jab\u00f3n de Glicerina, un verdadero tesoro de bienestar que combina la suavidad de la glicerina de aceite de maracuy\u00e1 con la armoniosa fusi\u00f3n de aceites esenciales de durazno y palmarosa!  Este jab\u00f3n no es solo una rutina diaria; es un viaje de relajaci\u00f3n y recuperaci\u00f3n para tu piel. Imagina la suavidad acariciante de la glicerina de aceite de maracuy\u00e1 nutriendo tu piel mientras te envuelves en la fragancia embriagadora y frutal del durazno. Pero ah\u00ed no termina la maravilla, porque el toque m\u00e1gico de la palmarosa agrega una dimensi\u00f3n sagrada y relajante.  100 gramos  Con extracto de durazno y aceite esencial de palmarosa, es un jab\u00f3n nutritivo y humectante para pieles delicadas. Puede ser usado como mascarilla dejando su espuma por 10 minutos. Esta mascarilla se puede repetir a diario.","og_url":"https:\/\/aurencosmetica.com\/en\/product\/jabon-glicerina-durazno-palmarosa\/","og_site_name":"\u00c1uren Cosm\u00e9tica","article_modified_time":"2026-02-28T00:05:18+00:00","og_image":[{"width":1024,"height":1024,"url":"https:\/\/aurencosmetica.com\/wp-content\/uploads\/2022\/02\/20250704_1239_Jabon-Durazno-Palmarosa_remix_01jzb88dare5haajqsw0nxfdsp.jpg","type":"image\/jpeg"}],"twitter_card":"summary_large_image","twitter_misc":{"Est. reading time":"2 minutes"},"schema":{"@context":"https:\/\/schema.org","@graph":[{"@type":"WebPage","@id":"https:\/\/aurencosmetica.com\/product\/jabon-glicerina-durazno-palmarosa\/","url":"https:\/\/aurencosmetica.com\/product\/jabon-glicerina-durazno-palmarosa\/","name":"Jab\u00f3n Glicerina Durazno Palmarosa - \u00c1uren Cosm\u00e9tica","isPartOf":{"@id":"https:\/\/aurencosmetica.com\/#website"},"primaryImageOfPage":{"@id":"https:\/\/aurencosmetica.com\/product\/jabon-glicerina-durazno-palmarosa\/#primaryimage"},"image":{"@id":"https:\/\/aurencosmetica.com\/product\/jabon-glicerina-durazno-palmarosa\/#primaryimage"},"thumbnailUrl":"https:\/\/i0.wp.com\/aurencosmetica.com\/wp-content\/uploads\/2022\/02\/20250704_1239_Jabon-Durazno-Palmarosa_remix_01jzb88dare5haajqsw0nxfdsp.jpg?fit=1024%2C1024&ssl=1","datePublished":"2022-02-01T02:49:40+00:00","dateModified":"2026-02-28T00:05:18+00:00","breadcrumb":{"@id":"https:\/\/aurencosmetica.com\/product\/jabon-glicerina-durazno-palmarosa\/#breadcrumb"},"inLanguage":"en-US","potentialAction":[{"@type":"ReadAction","target":["https:\/\/aurencosmetica.com\/product\/jabon-glicerina-durazno-palmarosa\/"]}]},{"@type":"ImageObject","inLanguage":"en-US","@id":"https:\/\/aurencosmetica.com\/product\/jabon-glicerina-durazno-palmarosa\/#primaryimage","url":"https:\/\/i0.wp.com\/aurencosmetica.com\/wp-content\/uploads\/2022\/02\/20250704_1239_Jabon-Durazno-Palmarosa_remix_01jzb88dare5haajqsw0nxfdsp.jpg?fit=1024%2C1024&ssl=1","contentUrl":"https:\/\/i0.wp.com\/aurencosmetica.com\/wp-content\/uploads\/2022\/02\/20250704_1239_Jabon-Durazno-Palmarosa_remix_01jzb88dare5haajqsw0nxfdsp.jpg?fit=1024%2C1024&ssl=1","width":1024,"height":1024},{"@type":"BreadcrumbList","@id":"https:\/\/aurencosmetica.com\/product\/jabon-glicerina-durazno-palmarosa\/#breadcrumb","itemListElement":[{"@type":"ListItem","position":1,"name":"Portada","item":"https:\/\/aurencosmetica.com\/"},{"@type":"ListItem","position":2,"name":"Tienda","item":"https:\/\/aurencosmetica.com\/tienda\/"},{"@type":"ListItem","position":3,"name":"Jab\u00f3n Glicerina Durazno Palmarosa"}]},{"@type":"WebSite","@id":"https:\/\/aurencosmetica.com\/#website","url":"https:\/\/aurencosmetica.com\/","name":"\u00c1uren Cosm\u00e9tica","description":"Cosm\u00e9tica Natural","publisher":{"@id":"https:\/\/aurencosmetica.com\/#organization"},"potentialAction":[{"@type":"SearchAction","target":{"@type":"EntryPoint","urlTemplate":"https:\/\/aurencosmetica.com\/?s={search_term_string}"},"query-input":{"@type":"PropertyValueSpecification","valueRequired":true,"valueName":"search_term_string"}}],"inLanguage":"en-US"},{"@type":"Organization","@id":"https:\/\/aurencosmetica.com\/#organization","name":"\u00c1uren Cosm\u00e9tica","url":"https:\/\/aurencosmetica.com\/","logo":{"@type":"ImageObject","inLanguage":"en-US","@id":"https:\/\/aurencosmetica.com\/#\/schema\/logo\/image\/","url":"https:\/\/i0.wp.com\/aurencosmetica.com\/wp-content\/uploads\/2022\/02\/Logo-Auren.png?fit=1043%2C423&ssl=1","contentUrl":"https:\/\/i0.wp.com\/aurencosmetica.com\/wp-content\/uploads\/2022\/02\/Logo-Auren.png?fit=1043%2C423&ssl=1","width":1043,"height":423,"caption":"\u00c1uren Cosm\u00e9tica"},"image":{"@id":"https:\/\/aurencosmetica.com\/#\/schema\/logo\/image\/"}}]}},"jetpack_publicize_connections":[],"jetpack_sharing_enabled":true,"_links":{"self":[{"href":"https:\/\/aurencosmetica.com\/en\/wp-json\/wp\/v2\/product\/7232","targetHints":{"allow":["GET"]}}],"collection":[{"href":"https:\/\/aurencosmetica.com\/en\/wp-json\/wp\/v2\/product"}],"about":[{"href":"https:\/\/aurencosmetica.com\/en\/wp-json\/wp\/v2\/types\/product"}],"replies":[{"embeddable":true,"href":"https:\/\/aurencosmetica.com\/en\/wp-json\/wp\/v2\/comments?post=7232"}],"wp:featuredmedia":[{"embeddable":true,"href":"https:\/\/aurencosmetica.com\/en\/wp-json\/wp\/v2\/media\/8816"}],"wp:attachment":[{"href":"https:\/\/aurencosmetica.com\/en\/wp-json\/wp\/v2\/media?parent=7232"}],"wp:term":[{"taxonomy":"product_brand","embeddable":true,"href":"https:\/\/aurencosmetica.com\/en\/wp-json\/wp\/v2\/product_brand?post=7232"},{"taxonomy":"product_cat","embeddable":true,"href":"https:\/\/aurencosmetica.com\/en\/wp-json\/wp\/v2\/product_cat?post=7232"},{"taxonomy":"product_tag","embeddable":true,"href":"https:\/\/aurencosmetica.com\/en\/wp-json\/wp\/v2\/product_tag?post=7232"}],"curies":[{"name":"wp","href":"https:\/\/api.w.org\/{rel}","templated":true}]}}